{"id":1027,"date":"2023-09-24T22:55:10","date_gmt":"2023-09-24T20:55:10","guid":{"rendered":"https:\/\/lingerieuniverse.dk\/?post_type=product&#038;p=1027"},"modified":"2026-03-08T13:11:39","modified_gmt":"2026-03-08T12:11:39","slug":"strop-4036","status":"publish","type":"product","link":"https:\/\/lingerieuniverse.dk\/en\/vare\/strop-4036\/","title":{"rendered":"18mm M\u00f8rk bl\u00e5 (Dark blue) 4036"},"content":{"rendered":"","protected":false},"excerpt":{"rendered":"<p><em><strong>**OBS prisen er pr. 10cm \u2013 <\/strong><\/em><em><strong>Mindste k\u00f8b er 50cm.<\/strong><\/em><\/p>\n<p><em><strong> For 60cm skal du v\u00e6lge 6 i \u201cantal-feltet\u201d.**<\/strong><\/em><\/p>\n","protected":false},"featured_media":1005,"template":"","meta":{"_monsterinsights_skip_tracking":false,"_monsterinsights_sitenote_active":false,"_monsterinsights_sitenote_note":"","_monsterinsights_sitenote_category":0,"neve_meta_sidebar":"","neve_meta_container":"","neve_meta_enable_content_width":"off","neve_meta_content_width":100,"neve_meta_title_alignment":"","neve_meta_author_avatar":"","neve_post_elements_order":"","neve_meta_disable_header":"","neve_meta_disable_footer":"","neve_meta_disable_title":"","jetpack_publicize_message":"","jetpack_publicize_feature_enabled":true,"jetpack_social_post_already_shared":false,"jetpack_social_options":{"image_generator_settings":{"template":"highway","default_image_id":0,"font":"","enabled":false},"version":2}},"product_brand":[],"product_cat":[86,20],"product_tag":[],"class_list":{"0":"post-1027","1":"product","2":"type-product","3":"status-publish","4":"has-post-thumbnail","6":"product_cat-stropper","7":"product_cat-tilbehor","9":"first","10":"instock","11":"taxable","12":"shipping-taxable","13":"purchasable","14":"product-type-simple"},"aioseo_notices":[],"jetpack_publicize_connections":[],"jetpack-related-posts":[{"id":977,"url":"https:\/\/lingerieuniverse.dk\/vare\/strop-4026\/","url_meta":{"origin":1027,"position":0},"title":"16mm Beige 4026","author":"Admin","date":"24. September 2023","format":false,"excerpt":"OBS prisen er pr. 10cm.","rel":"","context":"Similar post","block_context":{"text":"Similar post","link":""},"img":{"alt_text":"**OBS prisen er pr. 10cm \u2013 Mindste k\u00f8b er 50cm. For 60cm skal du v\u00e6lge 6 i \u201cantal-feltet\u201d.** 1","src":"https:\/\/i0.wp.com\/lingerieuniverse.dk\/wp-content\/uploads\/2023\/09\/4026.jpg?fit=1000%2C667&ssl=1&resize=350%2C200","width":350,"height":200,"srcset":"https:\/\/i0.wp.com\/lingerieuniverse.dk\/wp-content\/uploads\/2023\/09\/4026.jpg?fit=1000%2C667&ssl=1&resize=350%2C200 1x, https:\/\/i0.wp.com\/lingerieuniverse.dk\/wp-content\/uploads\/2023\/09\/4026.jpg?fit=1000%2C667&ssl=1&resize=525%2C300 1.5x, https:\/\/i0.wp.com\/lingerieuniverse.dk\/wp-content\/uploads\/2023\/09\/4026.jpg?fit=1000%2C667&ssl=1&resize=700%2C400 2x"},"classes":[]},{"id":1238,"url":"https:\/\/lingerieuniverse.dk\/en\/vare\/elastik-11-15mm-moerk-blaa-4512\/","url_meta":{"origin":1027,"position":1},"title":"11\/15mm m\u00f8rk bl\u00e5 4512","author":"Admin","date":"30. October 2023","format":false,"excerpt":"**OBS prisen er pr 10 cm. Mindste k\u00f8b er 50cm.**","rel":"","context":"Similar post","block_context":{"text":"Similar post","link":""},"img":{"alt_text":"","src":"https:\/\/i0.wp.com\/lingerieuniverse.dk\/wp-content\/uploads\/2023\/09\/4512.jpg?fit=1000%2C667&ssl=1&resize=350%2C200","width":350,"height":200,"srcset":"https:\/\/i0.wp.com\/lingerieuniverse.dk\/wp-content\/uploads\/2023\/09\/4512.jpg?fit=1000%2C667&ssl=1&resize=350%2C200 1x, https:\/\/i0.wp.com\/lingerieuniverse.dk\/wp-content\/uploads\/2023\/09\/4512.jpg?fit=1000%2C667&ssl=1&resize=525%2C300 1.5x, https:\/\/i0.wp.com\/lingerieuniverse.dk\/wp-content\/uploads\/2023\/09\/4512.jpg?fit=1000%2C667&ssl=1&resize=700%2C400 2x"},"classes":[]},{"id":1026,"url":"https:\/\/lingerieuniverse.dk\/vare\/strop-4035\/","url_meta":{"origin":1027,"position":2},"title":"18mm M\u00f8rk Bl\u00e5 4035","author":"Admin","date":"24. September 2023","format":false,"excerpt":"OBS prisen er pr. 10cm.","rel":"","context":"Similar post","block_context":{"text":"Similar post","link":""},"img":{"alt_text":"","src":"https:\/\/i0.wp.com\/lingerieuniverse.dk\/wp-content\/uploads\/2023\/09\/4035.jpg?fit=1000%2C667&ssl=1&resize=350%2C200","width":350,"height":200,"srcset":"https:\/\/i0.wp.com\/lingerieuniverse.dk\/wp-content\/uploads\/2023\/09\/4035.jpg?fit=1000%2C667&ssl=1&resize=350%2C200 1x, https:\/\/i0.wp.com\/lingerieuniverse.dk\/wp-content\/uploads\/2023\/09\/4035.jpg?fit=1000%2C667&ssl=1&resize=525%2C300 1.5x, https:\/\/i0.wp.com\/lingerieuniverse.dk\/wp-content\/uploads\/2023\/09\/4035.jpg?fit=1000%2C667&ssl=1&resize=700%2C400 2x"},"classes":[]},{"id":798,"url":"https:\/\/lingerieuniverse.dk\/vare\/0007\/","url_meta":{"origin":1027,"position":3},"title":"0317 Tigerhoveder &#8211; Microfiber","author":"Admin","date":"25. September 2023","format":false,"excerpt":"ca 160cm bred **OBS prisen er pr 10 cm. Mindste k\u00f8b er 50cm.**","rel":"","context":"Similar post","block_context":{"text":"Similar post","link":""},"img":{"alt_text":"","src":"https:\/\/i0.wp.com\/lingerieuniverse.dk\/wp-content\/uploads\/2023\/09\/IMG_0052.jpg?fit=1200%2C800&ssl=1&resize=350%2C200","width":350,"height":200,"srcset":"https:\/\/i0.wp.com\/lingerieuniverse.dk\/wp-content\/uploads\/2023\/09\/IMG_0052.jpg?fit=1200%2C800&ssl=1&resize=350%2C200 1x, https:\/\/i0.wp.com\/lingerieuniverse.dk\/wp-content\/uploads\/2023\/09\/IMG_0052.jpg?fit=1200%2C800&ssl=1&resize=525%2C300 1.5x, https:\/\/i0.wp.com\/lingerieuniverse.dk\/wp-content\/uploads\/2023\/09\/IMG_0052.jpg?fit=1200%2C800&ssl=1&resize=700%2C400 2x, https:\/\/i0.wp.com\/lingerieuniverse.dk\/wp-content\/uploads\/2023\/09\/IMG_0052.jpg?fit=1200%2C800&ssl=1&resize=1050%2C600 3x"},"classes":[]},{"id":1323,"url":"https:\/\/lingerieuniverse.dk\/en\/vare\/pink-18cm\/","url_meta":{"origin":1027,"position":4},"title":"Neon Pink 18 cm","author":"Admin","date":"1. October 2023","format":false,"excerpt":"**OBS prisen er pr 10 cm. Mindste k\u00f8b er 50cm.**","rel":"","context":"Similar post","block_context":{"text":"Similar post","link":""},"img":{"alt_text":"","src":"https:\/\/i0.wp.com\/lingerieuniverse.dk\/wp-content\/uploads\/2023\/10\/0021.jpg?fit=1000%2C667&ssl=1&resize=350%2C200","width":350,"height":200,"srcset":"https:\/\/i0.wp.com\/lingerieuniverse.dk\/wp-content\/uploads\/2023\/10\/0021.jpg?fit=1000%2C667&ssl=1&resize=350%2C200 1x, https:\/\/i0.wp.com\/lingerieuniverse.dk\/wp-content\/uploads\/2023\/10\/0021.jpg?fit=1000%2C667&ssl=1&resize=525%2C300 1.5x, https:\/\/i0.wp.com\/lingerieuniverse.dk\/wp-content\/uploads\/2023\/10\/0021.jpg?fit=1000%2C667&ssl=1&resize=700%2C400 2x"},"classes":[]},{"id":1754,"url":"https:\/\/lingerieuniverse.dk\/vare\/0106-78cm-sort\/","url_meta":{"origin":1027,"position":5},"title":"Sort 7,8 cm","author":"Admin","date":"7. November 2023","format":false,"excerpt":"**OBS prisen er pr 10 cm. Mindste k\u00f8b er 50cm.**","rel":"","context":"Similar post","block_context":{"text":"Similar post","link":""},"img":{"alt_text":"","src":"https:\/\/i0.wp.com\/lingerieuniverse.dk\/wp-content\/uploads\/2023\/10\/IMG_0700-e1698685742459.jpg?fit=1000%2C667&ssl=1&resize=350%2C200","width":350,"height":200,"srcset":"https:\/\/i0.wp.com\/lingerieuniverse.dk\/wp-content\/uploads\/2023\/10\/IMG_0700-e1698685742459.jpg?fit=1000%2C667&ssl=1&resize=350%2C200 1x, https:\/\/i0.wp.com\/lingerieuniverse.dk\/wp-content\/uploads\/2023\/10\/IMG_0700-e1698685742459.jpg?fit=1000%2C667&ssl=1&resize=525%2C300 1.5x, https:\/\/i0.wp.com\/lingerieuniverse.dk\/wp-content\/uploads\/2023\/10\/IMG_0700-e1698685742459.jpg?fit=1000%2C667&ssl=1&resize=700%2C400 2x"},"classes":[]}],"jetpack_sharing_enabled":true,"_links":{"self":[{"href":"https:\/\/lingerieuniverse.dk\/en\/wp-json\/wp\/v2\/product\/1027","targetHints":{"allow":["GET"]}}],"collection":[{"href":"https:\/\/lingerieuniverse.dk\/en\/wp-json\/wp\/v2\/product"}],"about":[{"href":"https:\/\/lingerieuniverse.dk\/en\/wp-json\/wp\/v2\/types\/product"}],"wp:featuredmedia":[{"embeddable":true,"href":"https:\/\/lingerieuniverse.dk\/en\/wp-json\/wp\/v2\/media\/1005"}],"wp:attachment":[{"href":"https:\/\/lingerieuniverse.dk\/en\/wp-json\/wp\/v2\/media?parent=1027"}],"wp:term":[{"taxonomy":"product_brand","embeddable":true,"href":"https:\/\/lingerieuniverse.dk\/en\/wp-json\/wp\/v2\/product_brand?post=1027"},{"taxonomy":"product_cat","embeddable":true,"href":"https:\/\/lingerieuniverse.dk\/en\/wp-json\/wp\/v2\/product_cat?post=1027"},{"taxonomy":"product_tag","embeddable":true,"href":"https:\/\/lingerieuniverse.dk\/en\/wp-json\/wp\/v2\/product_tag?post=1027"}],"curies":[{"name":"wp","href":"https:\/\/api.w.org\/{rel}","templated":true}]}}