{"id":10316,"date":"2026-04-02T17:24:37","date_gmt":"2026-04-02T15:24:37","guid":{"rendered":"https:\/\/lingerieuniverse.dk\/?post_type=product&#038;p=10316"},"modified":"2026-04-02T17:24:37","modified_gmt":"2026-04-02T15:24:37","slug":"blush-bloom-powernet-lace-eksklusiv-bh-sykit-i-bordeaux-rosa","status":"publish","type":"product","link":"https:\/\/lingerieuniverse.dk\/en\/vare\/blush-bloom-powernet-lace-eksklusiv-bh-sykit-i-bordeaux-rosa\/","title":{"rendered":"Blush Bloom&#8221; Powernet &#038; Lace \u2013 Eksklusiv BH Sykit i Bordeaux &#038; Rosa"},"content":{"rendered":"","protected":false},"excerpt":{"rendered":"<p data-start=\"276\" data-end=\"594\">Skil dig ud fra klassiske microfiber BH kits med &#8220;<em data-start=\"360\" data-end=\"387\">Blush Bloom&#8221; Powernet &amp; Lace<\/em> \u2013 en eksklusiv BH pakke, hvor det smukke, printede powernet er i centrum. Denne pakke er ideel til dig, der \u00f8nsker et lettere, mere transparent og moderne look uden at g\u00e5 p\u00e5 kompromis med st\u00f8tte og pasform.<\/p>\n<p data-start=\"596\" data-end=\"832\">Det florale powernet i bl\u00f8de rosa nuancer giver et elegant og luftigt udtryk, mens den dybe bordeaux blonde tilf\u00f8rer kontrast og luksus. Kombinationen skaber et unikt design, som adskiller sig markant fra traditionelle microfiber BH\u2019er.<\/p>\n<p data-start=\"834\" data-end=\"998\">Pakken indeholder alt n\u00f8dvendigt tilbeh\u00f8r i matchende bordeaux toner \u2013 elastikker, lukning, ringe og regulering \u2013 s\u00e5 du f\u00e5r et gennemf\u00f8rt og professionelt resultat.<\/p>\n<p data-start=\"1000\" data-end=\"1023\"><strong data-start=\"1000\" data-end=\"1021\">Materialer &amp; m\u00e5l:<\/strong><\/p>\n<ul data-start=\"1024\" data-end=\"1184\">\n<li data-start=\"1024\" data-end=\"1064\">Printet powernet i rosa med blomster<\/li>\n<li data-start=\"1065\" data-end=\"1089\">Alm: 0,50 m x 0,80 m<\/li>\n<li data-start=\"1090\" data-end=\"1113\">XL: 0,50 m x 0,90 m<\/li>\n<li data-start=\"1114\" data-end=\"1141\">Bordeaux blonde: 0,80 m<\/li>\n<li data-start=\"1142\" data-end=\"1184\">Matchende bordeaux tilbeh\u00f8r inkluderet<\/li>\n<\/ul>\n<p data-start=\"1186\" data-end=\"1226\"><strong data-start=\"1186\" data-end=\"1224\">Derfor v\u00e6lge en powernet BH pakke:<\/strong><\/p>\n<ul data-start=\"1227\" data-end=\"1381\">\n<li data-start=\"1227\" data-end=\"1254\">Let og transparent look<\/li>\n<li data-start=\"1255\" data-end=\"1287\">God st\u00f8tte med fleksibilitet<\/li>\n<li data-start=\"1288\" data-end=\"1333\">Mere eksklusivt og moderne end microfiber<\/li>\n<li data-start=\"1334\" data-end=\"1381\">Perfekt til feminine og detaljerige designs<\/li>\n<\/ul>\n<p data-start=\"1383\" data-end=\"1506\" data-is-last-node=\"\" data-is-only-node=\"\"><em data-start=\"1383\" data-end=\"1410\">&#8220;Blush Bloom&#8221; Powernet &amp; Lace<\/em> er det oplagte valg til dig, der vil sy lingeri med et let, luksuri\u00f8st og professionelt finish.<\/p>\n","protected":false},"featured_media":10318,"template":"","meta":{"_monsterinsights_skip_tracking":false,"_monsterinsights_sitenote_active":false,"_monsterinsights_sitenote_note":"","_monsterinsights_sitenote_category":0,"neve_meta_sidebar":"","neve_meta_container":"","neve_meta_enable_content_width":"off","neve_meta_content_width":100,"neve_meta_title_alignment":"","neve_meta_author_avatar":"","neve_post_elements_order":"","neve_meta_disable_header":"","neve_meta_disable_footer":"","neve_meta_disable_title":"","jetpack_publicize_message":"","jetpack_publicize_feature_enabled":true,"jetpack_social_post_already_shared":true,"jetpack_social_options":{"image_generator_settings":{"template":"highway","default_image_id":0,"font":"","enabled":false},"version":2}},"product_brand":[],"product_cat":[238,16],"product_tag":[],"class_list":{"0":"post-10316","1":"product","2":"type-product","3":"status-publish","4":"has-post-thumbnail","6":"product_cat-bh-pakke","7":"product_cat-pakker","9":"first","10":"instock","11":"taxable","12":"shipping-taxable","13":"purchasable","14":"product-type-simple"},"aioseo_notices":[],"jetpack_publicize_connections":[],"jetpack-related-posts":[{"id":10319,"url":"https:\/\/lingerieuniverse.dk\/en\/vare\/blush-bloom-powernet-lace-eksklusiv-bh-sykit-i-bordeaux-rosa-xl\/","url_meta":{"origin":10316,"position":0},"title":"Blush Bloom&#8221; Powernet &#038; Lace \u2013 Eksklusiv BH Sykit i Bordeaux &#038; Rosa XL","author":"Admin","date":"2. April 2026","format":false,"excerpt":"Skil dig ud fra klassiske microfiber BH kits med \"Blush Bloom\" Powernet & Lace \u2013 en eksklusiv BH pakke, hvor det smukke, printede powernet er i centrum. Denne pakke er ideel til dig, der \u00f8nsker et lettere, mere transparent og moderne look uden at g\u00e5 p\u00e5 kompromis med st\u00f8tte og\u2026","rel":"","context":"Similar post","block_context":{"text":"Similar post","link":""},"img":{"alt_text":"","src":"https:\/\/i0.wp.com\/lingerieuniverse.dk\/wp-content\/uploads\/2026\/04\/IMG_2149.jpg?fit=1000%2C667&ssl=1&resize=350%2C200","width":350,"height":200,"srcset":"https:\/\/i0.wp.com\/lingerieuniverse.dk\/wp-content\/uploads\/2026\/04\/IMG_2149.jpg?fit=1000%2C667&ssl=1&resize=350%2C200 1x, https:\/\/i0.wp.com\/lingerieuniverse.dk\/wp-content\/uploads\/2026\/04\/IMG_2149.jpg?fit=1000%2C667&ssl=1&resize=525%2C300 1.5x, https:\/\/i0.wp.com\/lingerieuniverse.dk\/wp-content\/uploads\/2026\/04\/IMG_2149.jpg?fit=1000%2C667&ssl=1&resize=700%2C400 2x"},"classes":[]},{"id":9614,"url":"https:\/\/lingerieuniverse.dk\/en\/vare\/blush-noir-bh-kit-xl\/","url_meta":{"origin":10316,"position":1},"title":"&#8220;Blush Noir&#8221;  BH Pakke &#8211; XL","author":"Admin","date":"4. December 2025","format":false,"excerpt":"Et sofistikeret BH-kit i XL-st\u00f8rrelse, der kombinerer bl\u00f8d femininitet med et strejf af drama. Blush Noir forener kraftigt rosa powernet med en fast, sort broderet blonde dekoreret med rosa blomster \u2013 en elegant balance mellem styrke og romantik. Indhold: 0,48 x 1 m kraftig rosa powernet 0,75 m fast sort\u2026","rel":"","context":"Similar post","block_context":{"text":"Similar post","link":""},"img":{"alt_text":"","src":"https:\/\/i0.wp.com\/lingerieuniverse.dk\/wp-content\/uploads\/2025\/11\/IMG_1904.jpg?fit=1000%2C667&ssl=1&resize=350%2C200","width":350,"height":200,"srcset":"https:\/\/i0.wp.com\/lingerieuniverse.dk\/wp-content\/uploads\/2025\/11\/IMG_1904.jpg?fit=1000%2C667&ssl=1&resize=350%2C200 1x, https:\/\/i0.wp.com\/lingerieuniverse.dk\/wp-content\/uploads\/2025\/11\/IMG_1904.jpg?fit=1000%2C667&ssl=1&resize=525%2C300 1.5x, https:\/\/i0.wp.com\/lingerieuniverse.dk\/wp-content\/uploads\/2025\/11\/IMG_1904.jpg?fit=1000%2C667&ssl=1&resize=700%2C400 2x"},"classes":[]},{"id":7811,"url":"https:\/\/lingerieuniverse.dk\/vare\/bh-og-trussepakke-hvid-blomstret-microfiber-med-pink-straekblonde-og-hvidt-tilbehoer\/","url_meta":{"origin":10316,"position":2},"title":"&#8220;Blush Bloom&#8221; BH- og Trussepakke","author":"Admin","date":"23. February 2025","format":false,"excerpt":"Fork\u00e6l dig selv med elegance med vores Blush Bloom Lingerie Kit. Med luksuri\u00f8st blomster mikrofiberstof kombineret med delikat rosa str\u00e6kblonde og farvekoordineret hvidt tilbeh\u00f8r er dette kit perfekt til at skabe et bh- og trusses\u00e6t, der b\u00e5de er yndefuldt og unikt. Dette kit inkluderer premium blomster mikrofiberstof, rosa str\u00e6kblonde og\u2026","rel":"","context":"Similar post","block_context":{"text":"Similar post","link":""},"img":{"alt_text":"","src":"https:\/\/i0.wp.com\/lingerieuniverse.dk\/wp-content\/uploads\/2024\/01\/PBT-012.jpg?fit=1000%2C667&ssl=1&resize=350%2C200","width":350,"height":200,"srcset":"https:\/\/i0.wp.com\/lingerieuniverse.dk\/wp-content\/uploads\/2024\/01\/PBT-012.jpg?fit=1000%2C667&ssl=1&resize=350%2C200 1x, https:\/\/i0.wp.com\/lingerieuniverse.dk\/wp-content\/uploads\/2024\/01\/PBT-012.jpg?fit=1000%2C667&ssl=1&resize=525%2C300 1.5x, https:\/\/i0.wp.com\/lingerieuniverse.dk\/wp-content\/uploads\/2024\/01\/PBT-012.jpg?fit=1000%2C667&ssl=1&resize=700%2C400 2x"},"classes":[]},{"id":9799,"url":"https:\/\/lingerieuniverse.dk\/vare\/blush-silver-aura-bh-kit-xl\/","url_meta":{"origin":10316,"position":3},"title":"&#8220;Blush Silver Aura&#8221; BH Pakke XL","author":"Admin","date":"22. December 2025","format":false,"excerpt":"Blush Silver Aura er et eksklusivt BH-kit, hvor bl\u00f8d rosa simplex kombineres med raffineret str\u00e6kblonde med diskret s\u00f8lvglimmer. Simplexstoffet leverer stabilitet og form, mens blonden tilf\u00f8rer let shimmer og et luksuri\u00f8st visuelt lag uden at dominere designet. Farvesammens\u00e6tningen er afbalanceret og elegant, hvilket g\u00f8r kittet velegnet til BH-projekter med fokus\u2026","rel":"","context":"Similar post","block_context":{"text":"Similar post","link":""},"img":{"alt_text":"","src":"https:\/\/i0.wp.com\/lingerieuniverse.dk\/wp-content\/uploads\/2024\/01\/PBH-0016.jpg?fit=1000%2C682&ssl=1&resize=350%2C200","width":350,"height":200,"srcset":"https:\/\/i0.wp.com\/lingerieuniverse.dk\/wp-content\/uploads\/2024\/01\/PBH-0016.jpg?fit=1000%2C682&ssl=1&resize=350%2C200 1x, https:\/\/i0.wp.com\/lingerieuniverse.dk\/wp-content\/uploads\/2024\/01\/PBH-0016.jpg?fit=1000%2C682&ssl=1&resize=525%2C300 1.5x, https:\/\/i0.wp.com\/lingerieuniverse.dk\/wp-content\/uploads\/2024\/01\/PBH-0016.jpg?fit=1000%2C682&ssl=1&resize=700%2C400 2x"},"classes":[]},{"id":9807,"url":"https:\/\/lingerieuniverse.dk\/en\/vare\/micciatto-blush-harmony-bh-trusse-kit\/","url_meta":{"origin":10316,"position":4},"title":"&#8220;Micciatto Blush Harmony&#8221; BH- og Trussepakke","author":"Admin","date":"22. December 2025","format":false,"excerpt":"Micciatto Blush Harmony er et koordineret BH- og trussekit, sammensat i eksklusiv Micciatto microfiber kombineret med elegant str\u00e6kblonde. Microfiberen leverer en glat, bl\u00f8d og komfortabel base med h\u00f8j slidstyrke, mens str\u00e6kblonden tilf\u00f8rer et feminint og sammenh\u00e6ngende designudtryk. Kittet er kurateret til at skabe et ensartet s\u00e6t med professionel finish og\u2026","rel":"","context":"Similar post","block_context":{"text":"Similar post","link":""},"img":{"alt_text":"","src":"https:\/\/i0.wp.com\/lingerieuniverse.dk\/wp-content\/uploads\/2025\/12\/IMG_2003.jpg?fit=1000%2C667&ssl=1&resize=350%2C200","width":350,"height":200,"srcset":"https:\/\/i0.wp.com\/lingerieuniverse.dk\/wp-content\/uploads\/2025\/12\/IMG_2003.jpg?fit=1000%2C667&ssl=1&resize=350%2C200 1x, https:\/\/i0.wp.com\/lingerieuniverse.dk\/wp-content\/uploads\/2025\/12\/IMG_2003.jpg?fit=1000%2C667&ssl=1&resize=525%2C300 1.5x, https:\/\/i0.wp.com\/lingerieuniverse.dk\/wp-content\/uploads\/2025\/12\/IMG_2003.jpg?fit=1000%2C667&ssl=1&resize=700%2C400 2x"},"classes":[]},{"id":9045,"url":"https:\/\/lingerieuniverse.dk\/en\/vare\/blush-bloom-bh-og-trussesykit-xl\/","url_meta":{"origin":10316,"position":5},"title":"&#8220;Blush &#038; Bloom&#8221; BH- og Trussepakke &#8211; XL","author":"Admin","date":"25. August 2025","format":false,"excerpt":"Lad din kreativitet blomstre med dette yndefulde sykit, der kombinerer akvarelfarvet str\u00e6kstof og st\u00f8vet rosa blonde. Med cremefarvede elastikker, fine sl\u00f8jfer og alt det n\u00f8dvendige tilbeh\u00f8r er s\u00e6ttet perfekt til at sy et matchende s\u00e6t med BH og trusser i romantisk stil. Indeholder: Str\u00e6kstof med akvarelprint Str\u00e6kblonde i st\u00f8vet rosa\u2026","rel":"","context":"Similar post","block_context":{"text":"Similar post","link":""},"img":{"alt_text":"","src":"https:\/\/i0.wp.com\/lingerieuniverse.dk\/wp-content\/uploads\/2025\/07\/IMG_1686.jpg?fit=1000%2C657&ssl=1&resize=350%2C200","width":350,"height":200,"srcset":"https:\/\/i0.wp.com\/lingerieuniverse.dk\/wp-content\/uploads\/2025\/07\/IMG_1686.jpg?fit=1000%2C657&ssl=1&resize=350%2C200 1x, https:\/\/i0.wp.com\/lingerieuniverse.dk\/wp-content\/uploads\/2025\/07\/IMG_1686.jpg?fit=1000%2C657&ssl=1&resize=525%2C300 1.5x, https:\/\/i0.wp.com\/lingerieuniverse.dk\/wp-content\/uploads\/2025\/07\/IMG_1686.jpg?fit=1000%2C657&ssl=1&resize=700%2C400 2x"},"classes":[]}],"jetpack_sharing_enabled":true,"_links":{"self":[{"href":"https:\/\/lingerieuniverse.dk\/en\/wp-json\/wp\/v2\/product\/10316","targetHints":{"allow":["GET"]}}],"collection":[{"href":"https:\/\/lingerieuniverse.dk\/en\/wp-json\/wp\/v2\/product"}],"about":[{"href":"https:\/\/lingerieuniverse.dk\/en\/wp-json\/wp\/v2\/types\/product"}],"wp:featuredmedia":[{"embeddable":true,"href":"https:\/\/lingerieuniverse.dk\/en\/wp-json\/wp\/v2\/media\/10318"}],"wp:attachment":[{"href":"https:\/\/lingerieuniverse.dk\/en\/wp-json\/wp\/v2\/media?parent=10316"}],"wp:term":[{"taxonomy":"product_brand","embeddable":true,"href":"https:\/\/lingerieuniverse.dk\/en\/wp-json\/wp\/v2\/product_brand?post=10316"},{"taxonomy":"product_cat","embeddable":true,"href":"https:\/\/lingerieuniverse.dk\/en\/wp-json\/wp\/v2\/product_cat?post=10316"},{"taxonomy":"product_tag","embeddable":true,"href":"https:\/\/lingerieuniverse.dk\/en\/wp-json\/wp\/v2\/product_tag?post=10316"}],"curies":[{"name":"wp","href":"https:\/\/api.w.org\/{rel}","templated":true}]}}