{"id":10321,"date":"2026-04-03T10:45:15","date_gmt":"2026-04-03T08:45:15","guid":{"rendered":"https:\/\/lingerieuniverse.dk\/?post_type=product&#038;p=10321"},"modified":"2026-04-03T10:45:15","modified_gmt":"2026-04-03T08:45:15","slug":"scarlet-bloom-microfiber-lace-bh-trusse-sykit-i-roed-elegance","status":"publish","type":"product","link":"https:\/\/lingerieuniverse.dk\/en\/vare\/scarlet-bloom-microfiber-lace-bh-trusse-sykit-i-roed-elegance\/","title":{"rendered":"\u201cScarlet Bloom Microfiber &#038; Lace \u2013 BH &#038; Trusse Sykit i R\u00f8d Elegance\u201d"},"content":{"rendered":"","protected":false},"excerpt":{"rendered":"<div class=\"flex flex-col text-sm pb-25\">\n<section class=\"text-token-text-primary w-full focus:outline-none [--shadow-height:45px] has-data-writing-block:pointer-events-none has-data-writing-block:-mt-(--shadow-height) has-data-writing-block:pt-(--shadow-height) [&amp;:has([data-writing-block])&gt;*]:pointer-events-auto scroll-mt-[calc(var(--header-height)+min(200px,max(70px,20svh)))]\" dir=\"auto\" data-turn-id=\"request-WEB:f4c26b56-ff2b-4948-bdf4-db782b56cdd1-3\" data-testid=\"conversation-turn-8\" data-scroll-anchor=\"true\" data-turn=\"assistant\">\n<div class=\"text-base my-auto mx-auto pb-10 [--thread-content-margin:var(--thread-content-margin-xs,calc(var(--spacing)*4))] @w-sm\/main:[--thread-content-margin:var(--thread-content-margin-sm,calc(var(--spacing)*6))] @w-lg\/main:[--thread-content-margin:var(--thread-content-margin-lg,calc(var(--spacing)*16))] px-(--thread-content-margin)\">\n<div class=\"[--thread-content-max-width:40rem] @w-lg\/main:[--thread-content-max-width:48rem] mx-auto max-w-(--thread-content-max-width) flex-1 group\/turn-messages focus-visible:outline-hidden relative flex w-full min-w-0 flex-col agent-turn\">\n<div class=\"flex max-w-full flex-col gap-4 grow\">\n<div class=\"min-h-8 text-message relative flex w-full flex-col items-end gap-2 text-start break-words whitespace-normal outline-none keyboard-focused:focus-ring [.text-message+&amp;]:mt-1\" dir=\"auto\" tabindex=\"0\" data-message-author-role=\"assistant\" data-message-id=\"be23941d-3577-4803-8a16-24bc219d2261\" data-message-model-slug=\"gpt-5-3\" data-turn-start-message=\"true\">\n<div class=\"flex w-full flex-col gap-1 empty:hidden\">\n<div class=\"markdown prose dark:prose-invert w-full wrap-break-word light markdown-new-styling\">\n<p data-start=\"93\" data-end=\"322\">Skab et i\u00f8jnefaldende og feminint lingeris\u00e6t med <em data-start=\"177\" data-end=\"210\">Scarlet Bloom Microfiber &amp; Lace<\/em> \u2013 en eksklusiv BH- og trussepakke, der kombinerer glat microfiber med elegant r\u00f8d blonde og matchende tilbeh\u00f8r.<\/p>\n<p data-start=\"324\" data-end=\"600\">Det silkebl\u00f8de microfiber med smukt blomsterprint giver en behagelig og fleksibel pasform, mens den transparente r\u00f8de blonde tilf\u00f8jer dybde, sensualitet og et eksklusivt finish. Kombinationen af de to materialer sikrer b\u00e5de komfort og et luksuri\u00f8st design, der skiller sig ud.<\/p>\n<p data-start=\"602\" data-end=\"800\">Pakken indeholder alle n\u00f8dvendige komponenter til b\u00e5de BH og trusse, herunder elastikker, lukning, ringe og regulering i matchende r\u00f8de nuancer \u2013 perfekt til et gennemf\u00f8rt og professionelt resultat.<\/p>\n<p data-start=\"802\" data-end=\"829\"><strong data-start=\"802\" data-end=\"827\">Materialer &amp; indhold:<\/strong><\/p>\n<ul data-start=\"830\" data-end=\"1019\">\n<li data-start=\"830\" data-end=\"885\">Blomsterprintet microfiber i gr\u00f8nne og r\u00f8de nuancer<\/li>\n<li data-start=\"886\" data-end=\"935\">Transparent r\u00f8d blonde med dekorativt m\u00f8nster<\/li>\n<li data-start=\"936\" data-end=\"975\">Matchende elastikker og BH-tilbeh\u00f8r<\/li>\n<li data-start=\"976\" data-end=\"1019\">Lukning, ringe og regulering inkluderet<\/li>\n<\/ul>\n<p data-start=\"1021\" data-end=\"1035\"><strong data-start=\"1021\" data-end=\"1033\">Fordele:<\/strong><\/p>\n<ul data-start=\"1036\" data-end=\"1184\">\n<li data-start=\"1036\" data-end=\"1070\">Bl\u00f8d og komfortabel microfiber<\/li>\n<li data-start=\"1071\" data-end=\"1116\">Eksklusiv r\u00f8d blonde for et feminint look<\/li>\n<li data-start=\"1117\" data-end=\"1146\">Komplet BH &amp; trusse sykit<\/li>\n<li data-start=\"1147\" data-end=\"1184\">Ideel til b\u00e5de begyndere og \u00f8vede<\/li>\n<\/ul>\n<p data-start=\"1186\" data-end=\"1342\" data-is-last-node=\"\" data-is-only-node=\"\"><em data-start=\"1186\" data-end=\"1219\">Scarlet Bloom Microfiber &amp; Lace<\/em> er det oplagte valg for dig, der \u00f8nsker at sy et unikt lingeris\u00e6t med fokus p\u00e5 b\u00e5de komfort, pasform og visuel wow-effekt.<\/p>\n<\/div>\n<\/div>\n<\/div>\n<\/div>\n<div class=\"z-0 flex min-h-[46px] justify-start\"><\/div>\n<div class=\"mt-3 w-full empty:hidden\">\n<div class=\"text-center\"><\/div>\n<\/div>\n<\/div>\n<\/div>\n<\/section>\n<\/div>\n<div class=\"pointer-events-none h-px w-px absolute bottom-0\" aria-hidden=\"true\" data-edge=\"true\"><\/div>\n","protected":false},"featured_media":10322,"template":"","meta":{"_monsterinsights_skip_tracking":false,"_monsterinsights_sitenote_active":false,"_monsterinsights_sitenote_note":"","_monsterinsights_sitenote_category":0,"neve_meta_sidebar":"","neve_meta_container":"","neve_meta_enable_content_width":"off","neve_meta_content_width":100,"neve_meta_title_alignment":"","neve_meta_author_avatar":"","neve_post_elements_order":"","neve_meta_disable_header":"","neve_meta_disable_footer":"","neve_meta_disable_title":"","jetpack_publicize_message":"","jetpack_publicize_feature_enabled":true,"jetpack_social_post_already_shared":true,"jetpack_social_options":{"image_generator_settings":{"template":"highway","default_image_id":0,"font":"","enabled":false},"version":2}},"product_brand":[],"product_cat":[22,16],"product_tag":[257,282,251,283],"class_list":{"0":"post-10321","1":"product","2":"type-product","3":"status-publish","4":"has-post-thumbnail","6":"product_cat-bh-trusse","7":"product_cat-pakker","8":"product_tag-bh-og-trussepakke","9":"product_tag-blonde","10":"product_tag-lingeriesewingsupplies","11":"product_tag-sy-lingerie","13":"first","14":"instock","15":"taxable","16":"shipping-taxable","17":"purchasable","18":"product-type-simple"},"aioseo_notices":[],"jetpack_publicize_connections":[],"jetpack-related-posts":[{"id":10385,"url":"https:\/\/lingerieuniverse.dk\/en\/vare\/scarlet-bloom-microfiber-lace-bh-trusse-sykit-i-roed-elegance-2\/","url_meta":{"origin":10321,"position":0},"title":"\u201cScarlet Bloom&#8221; Microfiber &#038; Lace \u2013 BH &#038; Trusse Sykit i R\u00f8d Elegance","author":"Admin","date":"10. April 2026","format":false,"excerpt":"Skab et i\u00f8jnefaldende og feminint lingeris\u00e6t med Scarlet Bloom Microfiber & Lace \u2013 en eksklusiv BH- og trussepakke, der kombinerer glat microfiber med elegant r\u00f8d blonde og matchende tilbeh\u00f8r. Det silkebl\u00f8de microfiber med smukt blomsterprint giver en behagelig og fleksibel pasform, mens den transparente r\u00f8de blonde tilf\u00f8jer dybde, sensualitet og\u2026","rel":"","context":"Similar post","block_context":{"text":"Similar post","link":""},"img":{"alt_text":"","src":"https:\/\/i0.wp.com\/lingerieuniverse.dk\/wp-content\/uploads\/2026\/04\/IMG_2148.jpg?fit=1000%2C667&ssl=1&resize=350%2C200","width":350,"height":200,"srcset":"https:\/\/i0.wp.com\/lingerieuniverse.dk\/wp-content\/uploads\/2026\/04\/IMG_2148.jpg?fit=1000%2C667&ssl=1&resize=350%2C200 1x, https:\/\/i0.wp.com\/lingerieuniverse.dk\/wp-content\/uploads\/2026\/04\/IMG_2148.jpg?fit=1000%2C667&ssl=1&resize=525%2C300 1.5x, https:\/\/i0.wp.com\/lingerieuniverse.dk\/wp-content\/uploads\/2026\/04\/IMG_2148.jpg?fit=1000%2C667&ssl=1&resize=700%2C400 2x"},"classes":[]},{"id":9038,"url":"https:\/\/lingerieuniverse.dk\/en\/vare\/scarlet-seduction-sykit-til-trusser\/","url_meta":{"origin":10321,"position":1},"title":"&#8220;Scarlet Seduction&#8221; Trussepakke","author":"Admin","date":"28. July 2025","format":false,"excerpt":"Skru op for varmen med dette passionerede r\u00f8de trussesykit! Med silkebl\u00f8d mikrofiber, r\u00f8d blonde med gyldne broderier, matchende elastik og to sm\u00e5 sl\u00f8jfer er dette s\u00e6t perfekt til dig, der elsker at sy med stil og selvtillid. Et romantisk projekt \u2013 eller bare noget l\u00e6kkert til dig selv. Indeholder: R\u00f8d\u2026","rel":"","context":"Similar post","block_context":{"text":"Similar post","link":""},"img":{"alt_text":"","src":"https:\/\/i0.wp.com\/lingerieuniverse.dk\/wp-content\/uploads\/2025\/07\/IMG_1687.jpg?fit=1000%2C660&ssl=1&resize=350%2C200","width":350,"height":200,"srcset":"https:\/\/i0.wp.com\/lingerieuniverse.dk\/wp-content\/uploads\/2025\/07\/IMG_1687.jpg?fit=1000%2C660&ssl=1&resize=350%2C200 1x, https:\/\/i0.wp.com\/lingerieuniverse.dk\/wp-content\/uploads\/2025\/07\/IMG_1687.jpg?fit=1000%2C660&ssl=1&resize=525%2C300 1.5x, https:\/\/i0.wp.com\/lingerieuniverse.dk\/wp-content\/uploads\/2025\/07\/IMG_1687.jpg?fit=1000%2C660&ssl=1&resize=700%2C400 2x"},"classes":[]},{"id":9225,"url":"https:\/\/lingerieuniverse.dk\/en\/vare\/midnight-bloom-bh-trusse-kit\/","url_meta":{"origin":10321,"position":2},"title":"&#8220;Midnight Bloom&#8221; BH- og Trussepakke","author":"Admin","date":"28. August 2025","format":false,"excerpt":"Elegant sort blonde & blomsterprint microfiber Skab dit eget luksuri\u00f8se lingeris\u00e6t med dette smukke sykit. Kittet kombinerer et stilrent sort\/hvidt blomsterprint i bl\u00f8d microfiber med klassisk sort blonde, der giver et sofistikeret og tidl\u00f8st look. Perfekt til dig, der vil designe en bh og trusse med et personligt og eksklusivt\u2026","rel":"","context":"Similar post","block_context":{"text":"Similar post","link":""},"img":{"alt_text":"","src":"https:\/\/i0.wp.com\/lingerieuniverse.dk\/wp-content\/uploads\/2025\/08\/IMG_1757.jpg?fit=1000%2C667&ssl=1&resize=350%2C200","width":350,"height":200,"srcset":"https:\/\/i0.wp.com\/lingerieuniverse.dk\/wp-content\/uploads\/2025\/08\/IMG_1757.jpg?fit=1000%2C667&ssl=1&resize=350%2C200 1x, https:\/\/i0.wp.com\/lingerieuniverse.dk\/wp-content\/uploads\/2025\/08\/IMG_1757.jpg?fit=1000%2C667&ssl=1&resize=525%2C300 1.5x, https:\/\/i0.wp.com\/lingerieuniverse.dk\/wp-content\/uploads\/2025\/08\/IMG_1757.jpg?fit=1000%2C667&ssl=1&resize=700%2C400 2x"},"classes":[]},{"id":9228,"url":"https:\/\/lingerieuniverse.dk\/en\/vare\/midnight-bloom-bh-trusse-kit-xl-2\/","url_meta":{"origin":10321,"position":3},"title":"&#8220;Midnight Bloom&#8221; BH &#038; Trusse Kit XL","author":"Admin","date":"28. August 2025","format":false,"excerpt":"Elegant sort blonde & blomsterprint microfiber Skab dit eget luksuri\u00f8se lingeris\u00e6t med dette smukke sykit. Kittet kombinerer et stilrent sort\/hvidt blomsterprint i bl\u00f8d microfiber med klassisk sort blonde, der giver et sofistikeret og tidl\u00f8st look. Perfekt til dig, der vil designe en bh og trusse med et personligt og eksklusivt\u2026","rel":"","context":"Similar post","block_context":{"text":"Similar post","link":""},"img":{"alt_text":"","src":"https:\/\/i0.wp.com\/lingerieuniverse.dk\/wp-content\/uploads\/2025\/08\/IMG_1757.jpg?fit=1000%2C667&ssl=1&resize=350%2C200","width":350,"height":200,"srcset":"https:\/\/i0.wp.com\/lingerieuniverse.dk\/wp-content\/uploads\/2025\/08\/IMG_1757.jpg?fit=1000%2C667&ssl=1&resize=350%2C200 1x, https:\/\/i0.wp.com\/lingerieuniverse.dk\/wp-content\/uploads\/2025\/08\/IMG_1757.jpg?fit=1000%2C667&ssl=1&resize=525%2C300 1.5x, https:\/\/i0.wp.com\/lingerieuniverse.dk\/wp-content\/uploads\/2025\/08\/IMG_1757.jpg?fit=1000%2C667&ssl=1&resize=700%2C400 2x"},"classes":[]},{"id":10319,"url":"https:\/\/lingerieuniverse.dk\/en\/vare\/blush-bloom-powernet-lace-eksklusiv-bh-sykit-i-bordeaux-rosa-xl\/","url_meta":{"origin":10321,"position":4},"title":"Blush Bloom&#8221; Powernet &#038; Lace \u2013 Eksklusiv BH Sykit i Bordeaux &#038; Rosa XL","author":"Admin","date":"2. April 2026","format":false,"excerpt":"Skil dig ud fra klassiske microfiber BH kits med \"Blush Bloom\" Powernet & Lace \u2013 en eksklusiv BH pakke, hvor det smukke, printede powernet er i centrum. Denne pakke er ideel til dig, der \u00f8nsker et lettere, mere transparent og moderne look uden at g\u00e5 p\u00e5 kompromis med st\u00f8tte og\u2026","rel":"","context":"Similar post","block_context":{"text":"Similar post","link":""},"img":{"alt_text":"","src":"https:\/\/i0.wp.com\/lingerieuniverse.dk\/wp-content\/uploads\/2026\/04\/IMG_2149.jpg?fit=1000%2C667&ssl=1&resize=350%2C200","width":350,"height":200,"srcset":"https:\/\/i0.wp.com\/lingerieuniverse.dk\/wp-content\/uploads\/2026\/04\/IMG_2149.jpg?fit=1000%2C667&ssl=1&resize=350%2C200 1x, https:\/\/i0.wp.com\/lingerieuniverse.dk\/wp-content\/uploads\/2026\/04\/IMG_2149.jpg?fit=1000%2C667&ssl=1&resize=525%2C300 1.5x, https:\/\/i0.wp.com\/lingerieuniverse.dk\/wp-content\/uploads\/2026\/04\/IMG_2149.jpg?fit=1000%2C667&ssl=1&resize=700%2C400 2x"},"classes":[]},{"id":10316,"url":"https:\/\/lingerieuniverse.dk\/en\/vare\/blush-bloom-powernet-lace-eksklusiv-bh-sykit-i-bordeaux-rosa\/","url_meta":{"origin":10321,"position":5},"title":"Blush Bloom&#8221; Powernet &#038; Lace \u2013 Eksklusiv BH Sykit i Bordeaux &#038; Rosa","author":"Admin","date":"2. April 2026","format":false,"excerpt":"Skil dig ud fra klassiske microfiber BH kits med \"Blush Bloom\" Powernet & Lace \u2013 en eksklusiv BH pakke, hvor det smukke, printede powernet er i centrum. Denne pakke er ideel til dig, der \u00f8nsker et lettere, mere transparent og moderne look uden at g\u00e5 p\u00e5 kompromis med st\u00f8tte og\u2026","rel":"","context":"Similar post","block_context":{"text":"Similar post","link":""},"img":{"alt_text":"","src":"https:\/\/i0.wp.com\/lingerieuniverse.dk\/wp-content\/uploads\/2026\/04\/IMG_2149.jpg?fit=1000%2C667&ssl=1&resize=350%2C200","width":350,"height":200,"srcset":"https:\/\/i0.wp.com\/lingerieuniverse.dk\/wp-content\/uploads\/2026\/04\/IMG_2149.jpg?fit=1000%2C667&ssl=1&resize=350%2C200 1x, https:\/\/i0.wp.com\/lingerieuniverse.dk\/wp-content\/uploads\/2026\/04\/IMG_2149.jpg?fit=1000%2C667&ssl=1&resize=525%2C300 1.5x, https:\/\/i0.wp.com\/lingerieuniverse.dk\/wp-content\/uploads\/2026\/04\/IMG_2149.jpg?fit=1000%2C667&ssl=1&resize=700%2C400 2x"},"classes":[]}],"jetpack_sharing_enabled":true,"_links":{"self":[{"href":"https:\/\/lingerieuniverse.dk\/en\/wp-json\/wp\/v2\/product\/10321","targetHints":{"allow":["GET"]}}],"collection":[{"href":"https:\/\/lingerieuniverse.dk\/en\/wp-json\/wp\/v2\/product"}],"about":[{"href":"https:\/\/lingerieuniverse.dk\/en\/wp-json\/wp\/v2\/types\/product"}],"wp:featuredmedia":[{"embeddable":true,"href":"https:\/\/lingerieuniverse.dk\/en\/wp-json\/wp\/v2\/media\/10322"}],"wp:attachment":[{"href":"https:\/\/lingerieuniverse.dk\/en\/wp-json\/wp\/v2\/media?parent=10321"}],"wp:term":[{"taxonomy":"product_brand","embeddable":true,"href":"https:\/\/lingerieuniverse.dk\/en\/wp-json\/wp\/v2\/product_brand?post=10321"},{"taxonomy":"product_cat","embeddable":true,"href":"https:\/\/lingerieuniverse.dk\/en\/wp-json\/wp\/v2\/product_cat?post=10321"},{"taxonomy":"product_tag","embeddable":true,"href":"https:\/\/lingerieuniverse.dk\/en\/wp-json\/wp\/v2\/product_tag?post=10321"}],"curies":[{"name":"wp","href":"https:\/\/api.w.org\/{rel}","templated":true}]}}