{"id":10337,"date":"2026-04-06T12:46:56","date_gmt":"2026-04-06T10:46:56","guid":{"rendered":"https:\/\/lingerieuniverse.dk\/?post_type=product&#038;p=10337"},"modified":"2026-04-06T12:46:56","modified_gmt":"2026-04-06T10:46:56","slug":"5m-trusseelastik-sort-6-8mm","status":"publish","type":"product","link":"https:\/\/lingerieuniverse.dk\/en\/vare\/5m-trusseelastik-sort-6-8mm\/","title":{"rendered":"5m Trusseelastik Sort 6\/8mm"},"content":{"rendered":"","protected":false},"excerpt":{"rendered":"<p data-start=\"53\" data-end=\"331\">Denne 5 meter lange sorte trusseelastik i 6\u20138 mm bredde er en alsidig og p\u00e5lidelig l\u00f8sning til b\u00e5de basis- og specialopgaver. Det klassiske sorte design sikrer et tidl\u00f8st og diskret udtryk, der passer perfekt til undert\u00f8j og bekl\u00e6dning i enhver stil.<\/p>\n<p data-start=\"333\" data-end=\"511\">Elastikken er udviklet med fokus p\u00e5 komfort og holdbarhed, hvilket giver en j\u00e6vn og stabil str\u00e6kbarhed. Den bevarer sin form og funktion over tid, selv ved hyppig brug og vask.<\/p>\n<p data-start=\"513\" data-end=\"636\" data-is-last-node=\"\" data-is-only-node=\"\">Et oplagt valg til b\u00e5de professionelle syprojekter og kreative DIY-l\u00f8sninger, hvor kvalitet og funktionalitet er afg\u00f8rende.<\/p>\n<p data-start=\"53\" data-end=\"331\">Denne 5 meter lange sorte trusseelastik i 6\u20138 mm bredde er en alsidig og p\u00e5lidelig l\u00f8sning til b\u00e5de basis- og specialopgaver. Det klassiske sorte design sikrer et tidl\u00f8st og diskret udtryk, der passer perfekt til undert\u00f8j og bekl\u00e6dning i enhver stil.<\/p>\n<p data-start=\"333\" data-end=\"511\">Elastikken er udviklet med fokus p\u00e5 komfort og holdbarhed, hvilket giver en j\u00e6vn og stabil str\u00e6kbarhed. Den bevarer sin form og funktion over tid, selv ved hyppig brug og vask.<\/p>\n<p data-start=\"513\" data-end=\"636\" data-is-last-node=\"\" data-is-only-node=\"\">Et oplagt valg til b\u00e5de professionelle syprojekter og kreative DIY-l\u00f8sninger, hvor kvalitet og funktionalitet er afg\u00f8rende.<\/p>\n","protected":false},"featured_media":10338,"template":"","meta":{"_monsterinsights_skip_tracking":false,"_monsterinsights_sitenote_active":false,"_monsterinsights_sitenote_note":"","_monsterinsights_sitenote_category":0,"neve_meta_sidebar":"","neve_meta_container":"","neve_meta_enable_content_width":"off","neve_meta_content_width":100,"neve_meta_title_alignment":"","neve_meta_author_avatar":"","neve_post_elements_order":"","neve_meta_disable_header":"","neve_meta_disable_footer":"","neve_meta_disable_title":"","jetpack_publicize_message":"","jetpack_publicize_feature_enabled":true,"jetpack_social_post_already_shared":true,"jetpack_social_options":{"image_generator_settings":{"template":"highway","default_image_id":0,"font":"","enabled":false},"version":2}},"product_brand":[],"product_cat":[19,20,74],"product_tag":[],"class_list":{"0":"post-10337","1":"product","2":"type-product","3":"status-publish","4":"has-post-thumbnail","6":"product_cat-elastik","7":"product_cat-tilbehor","8":"product_cat-trusseelastik","10":"first","11":"instock","12":"taxable","13":"shipping-taxable","14":"purchasable","15":"product-type-simple"},"aioseo_notices":[],"jetpack_publicize_connections":[],"jetpack-related-posts":[{"id":10339,"url":"https:\/\/lingerieuniverse.dk\/en\/vare\/10m-trusseelastik-sort-6-8mm\/","url_meta":{"origin":10337,"position":0},"title":"10m Trusseelastik Sort 6\/8mm","author":"Admin","date":"6. April 2026","format":false,"excerpt":"Denne 10 meter lange sorte trusseelastik i 6\u20138 mm bredde er en alsidig og p\u00e5lidelig l\u00f8sning til b\u00e5de basis- og specialopgaver. Det klassiske sorte design sikrer et tidl\u00f8st og diskret udtryk, der passer perfekt til undert\u00f8j og bekl\u00e6dning i enhver stil. Elastikken er udviklet med fokus p\u00e5 komfort og holdbarhed,\u2026","rel":"","context":"Similar post","block_context":{"text":"Similar post","link":""},"img":{"alt_text":"","src":"https:\/\/i0.wp.com\/lingerieuniverse.dk\/wp-content\/uploads\/2026\/04\/IMG_2158.jpg?fit=1000%2C667&ssl=1&resize=350%2C200","width":350,"height":200,"srcset":"https:\/\/i0.wp.com\/lingerieuniverse.dk\/wp-content\/uploads\/2026\/04\/IMG_2158.jpg?fit=1000%2C667&ssl=1&resize=350%2C200 1x, https:\/\/i0.wp.com\/lingerieuniverse.dk\/wp-content\/uploads\/2026\/04\/IMG_2158.jpg?fit=1000%2C667&ssl=1&resize=525%2C300 1.5x, https:\/\/i0.wp.com\/lingerieuniverse.dk\/wp-content\/uploads\/2026\/04\/IMG_2158.jpg?fit=1000%2C667&ssl=1&resize=700%2C400 2x"},"classes":[]},{"id":10381,"url":"https:\/\/lingerieuniverse.dk\/en\/vare\/5m-trusseelastik-hvid-5-7mm\/","url_meta":{"origin":10337,"position":1},"title":"5m Trusseelastik Hvid 5\/7mm","author":"Admin","date":"10. April 2026","format":false,"excerpt":"Denne 5 meter lange hvide trusseelastik i 5\u20137 mm bredde er en klassisk og alsidig l\u00f8sning til en lang r\u00e6kke syprojekter. Den rene hvide farve giver et friskt og neutralt udtryk, som er ideelt til b\u00e5de undert\u00f8j og lyse tekstiler. Elastikken er designet med fokus p\u00e5 komfort og funktionalitet, hvilket\u2026","rel":"","context":"Similar post","block_context":{"text":"Similar post","link":""},"img":{"alt_text":"","src":"https:\/\/i0.wp.com\/lingerieuniverse.dk\/wp-content\/uploads\/2026\/04\/IMG_2174.jpg?fit=1000%2C667&ssl=1&resize=350%2C200","width":350,"height":200,"srcset":"https:\/\/i0.wp.com\/lingerieuniverse.dk\/wp-content\/uploads\/2026\/04\/IMG_2174.jpg?fit=1000%2C667&ssl=1&resize=350%2C200 1x, https:\/\/i0.wp.com\/lingerieuniverse.dk\/wp-content\/uploads\/2026\/04\/IMG_2174.jpg?fit=1000%2C667&ssl=1&resize=525%2C300 1.5x, https:\/\/i0.wp.com\/lingerieuniverse.dk\/wp-content\/uploads\/2026\/04\/IMG_2174.jpg?fit=1000%2C667&ssl=1&resize=700%2C400 2x"},"classes":[]},{"id":10384,"url":"https:\/\/lingerieuniverse.dk\/en\/vare\/10m-trusseelastik-hvid-5-7mm\/","url_meta":{"origin":10337,"position":2},"title":"10m Trusseelastik Hvid 5\/7mm","author":"Admin","date":"10. April 2026","format":false,"excerpt":"Denne 10 meter lange hvide trusseelastik i 5\u20137 mm bredde er en klassisk og alsidig l\u00f8sning til en lang r\u00e6kke syprojekter. Den rene hvide farve giver et friskt og neutralt udtryk, som er ideelt til b\u00e5de undert\u00f8j og lyse tekstiler. Elastikken er designet med fokus p\u00e5 komfort og funktionalitet, hvilket\u2026","rel":"","context":"Similar post","block_context":{"text":"Similar post","link":""},"img":{"alt_text":"","src":"https:\/\/i0.wp.com\/lingerieuniverse.dk\/wp-content\/uploads\/2026\/04\/IMG_2174.jpg?fit=1000%2C667&ssl=1&resize=350%2C200","width":350,"height":200,"srcset":"https:\/\/i0.wp.com\/lingerieuniverse.dk\/wp-content\/uploads\/2026\/04\/IMG_2174.jpg?fit=1000%2C667&ssl=1&resize=350%2C200 1x, https:\/\/i0.wp.com\/lingerieuniverse.dk\/wp-content\/uploads\/2026\/04\/IMG_2174.jpg?fit=1000%2C667&ssl=1&resize=525%2C300 1.5x, https:\/\/i0.wp.com\/lingerieuniverse.dk\/wp-content\/uploads\/2026\/04\/IMG_2174.jpg?fit=1000%2C667&ssl=1&resize=700%2C400 2x"},"classes":[]},{"id":10350,"url":"https:\/\/lingerieuniverse.dk\/en\/vare\/5m-trusseelastik-moerkblaa-7-8mm\/","url_meta":{"origin":10337,"position":3},"title":"5m Trusseelastik M\u00f8rkbl\u00e5 7\/8mm","author":"Admin","date":"6. April 2026","format":false,"excerpt":"Denne 5 meter lange m\u00f8rkebl\u00e5 trusseelastik i 7\u20138 mm bredde er et stilrent og alsidigt valg til b\u00e5de basis- og specialopgaver. Den dybe navy farve giver et klassisk og eksklusivt udtryk, som passer perfekt til undert\u00f8j og bekl\u00e6dning i et tidl\u00f8st design. Elastikken er fremstillet med fokus p\u00e5 komfort og\u2026","rel":"","context":"Similar post","block_context":{"text":"Similar post","link":""},"img":{"alt_text":"","src":"https:\/\/i0.wp.com\/lingerieuniverse.dk\/wp-content\/uploads\/2026\/04\/IMG_2164.jpg?fit=1000%2C667&ssl=1&resize=350%2C200","width":350,"height":200,"srcset":"https:\/\/i0.wp.com\/lingerieuniverse.dk\/wp-content\/uploads\/2026\/04\/IMG_2164.jpg?fit=1000%2C667&ssl=1&resize=350%2C200 1x, https:\/\/i0.wp.com\/lingerieuniverse.dk\/wp-content\/uploads\/2026\/04\/IMG_2164.jpg?fit=1000%2C667&ssl=1&resize=525%2C300 1.5x, https:\/\/i0.wp.com\/lingerieuniverse.dk\/wp-content\/uploads\/2026\/04\/IMG_2164.jpg?fit=1000%2C667&ssl=1&resize=700%2C400 2x"},"classes":[]},{"id":10353,"url":"https:\/\/lingerieuniverse.dk\/en\/vare\/10m-trusseelastik-moerkblaa-7-8mm\/","url_meta":{"origin":10337,"position":4},"title":"10m Trusseelastik M\u00f8rkbl\u00e5 7\/8mm","author":"Admin","date":"6. April 2026","format":false,"excerpt":"Denne 10 meter lange m\u00f8rkebl\u00e5 trusseelastik i 7\u20138 mm bredde er et stilrent og alsidigt valg til b\u00e5de basis- og specialopgaver. Den dybe navy farve giver et klassisk og eksklusivt udtryk, som passer perfekt til undert\u00f8j og bekl\u00e6dning i et tidl\u00f8st design. Elastikken er fremstillet med fokus p\u00e5 komfort og\u2026","rel":"","context":"Similar post","block_context":{"text":"Similar post","link":""},"img":{"alt_text":"","src":"https:\/\/i0.wp.com\/lingerieuniverse.dk\/wp-content\/uploads\/2026\/04\/IMG_2164.jpg?fit=1000%2C667&ssl=1&resize=350%2C200","width":350,"height":200,"srcset":"https:\/\/i0.wp.com\/lingerieuniverse.dk\/wp-content\/uploads\/2026\/04\/IMG_2164.jpg?fit=1000%2C667&ssl=1&resize=350%2C200 1x, https:\/\/i0.wp.com\/lingerieuniverse.dk\/wp-content\/uploads\/2026\/04\/IMG_2164.jpg?fit=1000%2C667&ssl=1&resize=525%2C300 1.5x, https:\/\/i0.wp.com\/lingerieuniverse.dk\/wp-content\/uploads\/2026\/04\/IMG_2164.jpg?fit=1000%2C667&ssl=1&resize=700%2C400 2x"},"classes":[]},{"id":10354,"url":"https:\/\/lingerieuniverse.dk\/en\/vare\/5m-trusseelastik-beige-7-9mm\/","url_meta":{"origin":10337,"position":5},"title":"5m Trusseelastik Beige 7\/9mm","author":"Admin","date":"6. April 2026","format":false,"excerpt":"Denne 5 meter lange beige trusseelastik i 7\u20139 mm bredde er et diskret og alsidigt valg til en bred vifte af syprojekter. Den neutrale nude\/beige farve g\u00f8r den ideel til undert\u00f8j og bekl\u00e6dning, hvor elastikken skal v\u00e6re s\u00e5 usynlig som muligt under lyse stoffer. Elastikken er designet med fokus p\u00e5\u2026","rel":"","context":"Similar post","block_context":{"text":"Similar post","link":""},"img":{"alt_text":"","src":"https:\/\/i0.wp.com\/lingerieuniverse.dk\/wp-content\/uploads\/2026\/04\/IMG_2165.jpg?fit=1000%2C667&ssl=1&resize=350%2C200","width":350,"height":200,"srcset":"https:\/\/i0.wp.com\/lingerieuniverse.dk\/wp-content\/uploads\/2026\/04\/IMG_2165.jpg?fit=1000%2C667&ssl=1&resize=350%2C200 1x, https:\/\/i0.wp.com\/lingerieuniverse.dk\/wp-content\/uploads\/2026\/04\/IMG_2165.jpg?fit=1000%2C667&ssl=1&resize=525%2C300 1.5x, https:\/\/i0.wp.com\/lingerieuniverse.dk\/wp-content\/uploads\/2026\/04\/IMG_2165.jpg?fit=1000%2C667&ssl=1&resize=700%2C400 2x"},"classes":[]}],"jetpack_sharing_enabled":true,"_links":{"self":[{"href":"https:\/\/lingerieuniverse.dk\/en\/wp-json\/wp\/v2\/product\/10337","targetHints":{"allow":["GET"]}}],"collection":[{"href":"https:\/\/lingerieuniverse.dk\/en\/wp-json\/wp\/v2\/product"}],"about":[{"href":"https:\/\/lingerieuniverse.dk\/en\/wp-json\/wp\/v2\/types\/product"}],"wp:featuredmedia":[{"embeddable":true,"href":"https:\/\/lingerieuniverse.dk\/en\/wp-json\/wp\/v2\/media\/10338"}],"wp:attachment":[{"href":"https:\/\/lingerieuniverse.dk\/en\/wp-json\/wp\/v2\/media?parent=10337"}],"wp:term":[{"taxonomy":"product_brand","embeddable":true,"href":"https:\/\/lingerieuniverse.dk\/en\/wp-json\/wp\/v2\/product_brand?post=10337"},{"taxonomy":"product_cat","embeddable":true,"href":"https:\/\/lingerieuniverse.dk\/en\/wp-json\/wp\/v2\/product_cat?post=10337"},{"taxonomy":"product_tag","embeddable":true,"href":"https:\/\/lingerieuniverse.dk\/en\/wp-json\/wp\/v2\/product_tag?post=10337"}],"curies":[{"name":"wp","href":"https:\/\/api.w.org\/{rel}","templated":true}]}}