{"id":1585,"date":"2023-10-30T10:17:17","date_gmt":"2023-10-30T09:17:17","guid":{"rendered":"https:\/\/lingerieuniverse.dk\/?post_type=product&#038;p=1585"},"modified":"2025-08-20T12:24:30","modified_gmt":"2025-08-20T10:24:30","slug":"5513-magenta-2-luk-38mm","status":"publish","type":"product","link":"https:\/\/lingerieuniverse.dk\/en\/vare\/5513-magenta-2-luk-38mm\/","title":{"rendered":"Magenta 38mm"},"content":{"rendered":"","protected":false},"excerpt":{"rendered":"","protected":false},"featured_media":1586,"template":"","meta":{"_monsterinsights_skip_tracking":false,"_monsterinsights_sitenote_active":false,"_monsterinsights_sitenote_note":"","_monsterinsights_sitenote_category":0,"neve_meta_sidebar":"","neve_meta_container":"","neve_meta_enable_content_width":"off","neve_meta_content_width":100,"neve_meta_title_alignment":"","neve_meta_author_avatar":"","neve_post_elements_order":"","neve_meta_disable_header":"","neve_meta_disable_footer":"","neve_meta_disable_title":"","jetpack_publicize_message":"","jetpack_publicize_feature_enabled":true,"jetpack_social_post_already_shared":false,"jetpack_social_options":{"image_generator_settings":{"template":"highway","default_image_id":0,"font":"","enabled":false},"version":2}},"product_brand":[],"product_cat":[59,20],"product_tag":[],"class_list":{"0":"post-1585","1":"product","2":"type-product","3":"status-publish","4":"has-post-thumbnail","6":"product_cat-bhluk","7":"product_cat-tilbehor","9":"first","10":"instock","11":"taxable","12":"shipping-taxable","13":"purchasable","14":"product-type-simple"},"aioseo_notices":[],"jetpack_publicize_connections":[],"jetpack-related-posts":[{"id":1602,"url":"https:\/\/lingerieuniverse.dk\/vare\/5512-magenta-2-luk-38mm\/","url_meta":{"origin":1585,"position":0},"title":"M\u00f8rk Pink 38mm","author":"Admin","date":"30. October 2023","format":false,"excerpt":"","rel":"","context":"Similar post","block_context":{"text":"Similar post","link":""},"img":{"alt_text":"","src":"https:\/\/i0.wp.com\/lingerieuniverse.dk\/wp-content\/uploads\/2023\/10\/IMG_0632-e1698244215573.jpg?fit=1000%2C667&ssl=1&resize=350%2C200","width":350,"height":200,"srcset":"https:\/\/i0.wp.com\/lingerieuniverse.dk\/wp-content\/uploads\/2023\/10\/IMG_0632-e1698244215573.jpg?fit=1000%2C667&ssl=1&resize=350%2C200 1x, https:\/\/i0.wp.com\/lingerieuniverse.dk\/wp-content\/uploads\/2023\/10\/IMG_0632-e1698244215573.jpg?fit=1000%2C667&ssl=1&resize=525%2C300 1.5x, https:\/\/i0.wp.com\/lingerieuniverse.dk\/wp-content\/uploads\/2023\/10\/IMG_0632-e1698244215573.jpg?fit=1000%2C667&ssl=1&resize=700%2C400 2x"},"classes":[]},{"id":4725,"url":"https:\/\/lingerieuniverse.dk\/en\/vare\/magenta-52mm\/","url_meta":{"origin":1585,"position":1},"title":"Magenta 52mm","author":"Admin","date":"30. October 2023","format":false,"excerpt":"","rel":"","context":"Similar post","block_context":{"text":"Similar post","link":""},"img":{"alt_text":"","src":"https:\/\/i0.wp.com\/lingerieuniverse.dk\/wp-content\/uploads\/2023\/10\/IMG_0654-e1698571875357.jpg?fit=1000%2C667&ssl=1&resize=350%2C200","width":350,"height":200,"srcset":"https:\/\/i0.wp.com\/lingerieuniverse.dk\/wp-content\/uploads\/2023\/10\/IMG_0654-e1698571875357.jpg?fit=1000%2C667&ssl=1&resize=350%2C200 1x, https:\/\/i0.wp.com\/lingerieuniverse.dk\/wp-content\/uploads\/2023\/10\/IMG_0654-e1698571875357.jpg?fit=1000%2C667&ssl=1&resize=525%2C300 1.5x, https:\/\/i0.wp.com\/lingerieuniverse.dk\/wp-content\/uploads\/2023\/10\/IMG_0654-e1698571875357.jpg?fit=1000%2C667&ssl=1&resize=700%2C400 2x"},"classes":[]},{"id":1187,"url":"https:\/\/lingerieuniverse.dk\/vare\/tubebaand-10mm-magenta\/","url_meta":{"origin":1585,"position":2},"title":"10mm Magenta","author":"Admin","date":"30. September 2023","format":false,"excerpt":"OBS prisen er pr. 10cm.","rel":"","context":"Similar post","block_context":{"text":"Similar post","link":""},"img":{"alt_text":"","src":"https:\/\/i0.wp.com\/lingerieuniverse.dk\/wp-content\/uploads\/2023\/09\/5011.jpg?fit=1000%2C667&ssl=1&resize=350%2C200","width":350,"height":200,"srcset":"https:\/\/i0.wp.com\/lingerieuniverse.dk\/wp-content\/uploads\/2023\/09\/5011.jpg?fit=1000%2C667&ssl=1&resize=350%2C200 1x, https:\/\/i0.wp.com\/lingerieuniverse.dk\/wp-content\/uploads\/2023\/09\/5011.jpg?fit=1000%2C667&ssl=1&resize=525%2C300 1.5x, https:\/\/i0.wp.com\/lingerieuniverse.dk\/wp-content\/uploads\/2023\/09\/5011.jpg?fit=1000%2C667&ssl=1&resize=700%2C400 2x"},"classes":[]},{"id":2384,"url":"https:\/\/lingerieuniverse.dk\/vare\/bh-og-trusser-pakke\/","url_meta":{"origin":1585,"position":3},"title":"&#8220;Magenta Stripes&#8221; Bh- og Trussepakke Sort\/Hvidstribet Lycra med Magenta Str\u00e6kblonde &#038; Sort Tilbeh\u00f8r","author":"Admin","date":"22. January 2024","format":false,"excerpt":"Skab et dristigt udtryk med vores Magenta Striber Bh- og Trussekit. Kittet indeholder luksuri\u00f8st mikrofiberstof med i\u00f8jnefaldende sorte og hvide striber. Magenta str\u00e6kblonde tilf\u00f8jer et levende og elegant strejf. Kittet inkluderer perfekt matchende magenta tilbeh\u00f8r for en s\u00f8ml\u00f8s finish. Du f\u00e5r en 125 cm strop, 500 cm elastikker og et\u2026","rel":"","context":"Similar post","block_context":{"text":"Similar post","link":""},"img":{"alt_text":"","src":"https:\/\/i0.wp.com\/lingerieuniverse.dk\/wp-content\/uploads\/2024\/01\/PBT-0002.jpg?fit=1000%2C673&ssl=1&resize=350%2C200","width":350,"height":200,"srcset":"https:\/\/i0.wp.com\/lingerieuniverse.dk\/wp-content\/uploads\/2024\/01\/PBT-0002.jpg?fit=1000%2C673&ssl=1&resize=350%2C200 1x, https:\/\/i0.wp.com\/lingerieuniverse.dk\/wp-content\/uploads\/2024\/01\/PBT-0002.jpg?fit=1000%2C673&ssl=1&resize=525%2C300 1.5x, https:\/\/i0.wp.com\/lingerieuniverse.dk\/wp-content\/uploads\/2024\/01\/PBT-0002.jpg?fit=1000%2C673&ssl=1&resize=700%2C400 2x"},"classes":[]},{"id":1869,"url":"https:\/\/lingerieuniverse.dk\/vare\/sloejfe-magenta-0021\/","url_meta":{"origin":1585,"position":4},"title":"3 Sl\u00f8jfer Magenta","author":"Admin","date":"11. November 2023","format":false,"excerpt":"Prisen er for 3 stykker","rel":"","context":"Similar post","block_context":{"text":"Similar post","link":""},"img":{"alt_text":"","src":"https:\/\/i0.wp.com\/lingerieuniverse.dk\/wp-content\/uploads\/2023\/11\/TSL-0021.jpg?fit=1000%2C667&ssl=1&resize=350%2C200","width":350,"height":200,"srcset":"https:\/\/i0.wp.com\/lingerieuniverse.dk\/wp-content\/uploads\/2023\/11\/TSL-0021.jpg?fit=1000%2C667&ssl=1&resize=350%2C200 1x, https:\/\/i0.wp.com\/lingerieuniverse.dk\/wp-content\/uploads\/2023\/11\/TSL-0021.jpg?fit=1000%2C667&ssl=1&resize=525%2C300 1.5x, https:\/\/i0.wp.com\/lingerieuniverse.dk\/wp-content\/uploads\/2023\/11\/TSL-0021.jpg?fit=1000%2C667&ssl=1&resize=700%2C400 2x"},"classes":[]},{"id":4727,"url":"https:\/\/lingerieuniverse.dk\/en\/vare\/dark-magenta-52mm\/","url_meta":{"origin":1585,"position":5},"title":"Dark Magenta 52mm","author":"Admin","date":"30. October 2023","format":false,"excerpt":"","rel":"","context":"Similar post","block_context":{"text":"Similar post","link":""},"img":{"alt_text":"","src":"https:\/\/i0.wp.com\/lingerieuniverse.dk\/wp-content\/uploads\/2023\/10\/IMG_0656-e1698572105437.jpg?fit=1000%2C667&ssl=1&resize=350%2C200","width":350,"height":200,"srcset":"https:\/\/i0.wp.com\/lingerieuniverse.dk\/wp-content\/uploads\/2023\/10\/IMG_0656-e1698572105437.jpg?fit=1000%2C667&ssl=1&resize=350%2C200 1x, https:\/\/i0.wp.com\/lingerieuniverse.dk\/wp-content\/uploads\/2023\/10\/IMG_0656-e1698572105437.jpg?fit=1000%2C667&ssl=1&resize=525%2C300 1.5x, https:\/\/i0.wp.com\/lingerieuniverse.dk\/wp-content\/uploads\/2023\/10\/IMG_0656-e1698572105437.jpg?fit=1000%2C667&ssl=1&resize=700%2C400 2x"},"classes":[]}],"jetpack_sharing_enabled":true,"_links":{"self":[{"href":"https:\/\/lingerieuniverse.dk\/en\/wp-json\/wp\/v2\/product\/1585","targetHints":{"allow":["GET"]}}],"collection":[{"href":"https:\/\/lingerieuniverse.dk\/en\/wp-json\/wp\/v2\/product"}],"about":[{"href":"https:\/\/lingerieuniverse.dk\/en\/wp-json\/wp\/v2\/types\/product"}],"wp:featuredmedia":[{"embeddable":true,"href":"https:\/\/lingerieuniverse.dk\/en\/wp-json\/wp\/v2\/media\/1586"}],"wp:attachment":[{"href":"https:\/\/lingerieuniverse.dk\/en\/wp-json\/wp\/v2\/media?parent=1585"}],"wp:term":[{"taxonomy":"product_brand","embeddable":true,"href":"https:\/\/lingerieuniverse.dk\/en\/wp-json\/wp\/v2\/product_brand?post=1585"},{"taxonomy":"product_cat","embeddable":true,"href":"https:\/\/lingerieuniverse.dk\/en\/wp-json\/wp\/v2\/product_cat?post=1585"},{"taxonomy":"product_tag","embeddable":true,"href":"https:\/\/lingerieuniverse.dk\/en\/wp-json\/wp\/v2\/product_tag?post=1585"}],"curies":[{"name":"wp","href":"https:\/\/api.w.org\/{rel}","templated":true}]}}