{"id":4025,"date":"2024-05-29T13:22:47","date_gmt":"2024-05-29T11:22:47","guid":{"rendered":"https:\/\/lingerieuniverse.dk\/shop\/smokey-blue-simplex-with-smokey-blue-stretch-lace-and-accessories\/"},"modified":"2025-12-22T12:36:05","modified_gmt":"2025-12-22T11:36:05","slug":"smokey-blue-simplex-with-smokey-blue-stretch-lace-and-accessories","status":"publish","type":"product","link":"https:\/\/lingerieuniverse.dk\/en\/vare\/smokey-blue-simplex-with-smokey-blue-stretch-lace-and-accessories\/","title":{"rendered":"Bra kit Smokey Blue Simplex with Smokey Blue stretch lace and accessories."},"content":{"rendered":"<p>Smokey Blue Simplex with smokey blue stretch lace and accessories.<\/p>\n","protected":false},"excerpt":{"rendered":"<p>Regular: 80 x 48cm fabric, 75cm stretch lace<\/p>\n<p>xl: 90cm x 48cm fabric, 75cm stretch lace<\/p>\n","protected":false},"featured_media":3991,"template":"","meta":{"_monsterinsights_skip_tracking":false,"_monsterinsights_sitenote_active":false,"_monsterinsights_sitenote_note":"","_monsterinsights_sitenote_category":0,"neve_meta_sidebar":"","neve_meta_container":"","neve_meta_enable_content_width":"off","neve_meta_content_width":100,"neve_meta_title_alignment":"","neve_meta_author_avatar":"","neve_post_elements_order":"","neve_meta_disable_header":"","neve_meta_disable_footer":"","neve_meta_disable_title":"","jetpack_publicize_message":"","jetpack_publicize_feature_enabled":true,"jetpack_social_post_already_shared":false,"jetpack_social_options":{"image_generator_settings":{"template":"highway","default_image_id":0,"font":"","enabled":false},"version":2}},"product_brand":[],"product_cat":[243,136],"product_tag":[],"class_list":{"0":"post-4025","1":"product","2":"type-product","3":"status-publish","4":"has-post-thumbnail","6":"product_cat-bra-kit","7":"product_cat-kits-en","9":"first","10":"instock","11":"taxable","12":"shipping-taxable","13":"purchasable","14":"product-type-simple"},"aioseo_notices":[],"jetpack_publicize_connections":[],"jetpack-related-posts":[{"id":9782,"url":"https:\/\/lingerieuniverse.dk\/en\/vare\/bra-kit-smokey-blue-simplex-with-smokey-blue-stretch-lace-and-accessories-kopier\/","url_meta":{"origin":4025,"position":0},"title":"Bra kit Smokey Blue Simplex with Smokey Blue stretch lace and accessories. (Kopier)","author":"Admin","date":"22. December 2025","format":false,"excerpt":"Regular: 80 x 48cm fabric, 75cm stretch lace xl: 90cm x 48cm fabric, 75cm stretch lace","rel":"","context":"Similar post","block_context":{"text":"Similar post","link":""},"img":{"alt_text":"","src":"https:\/\/i0.wp.com\/lingerieuniverse.dk\/wp-content\/uploads\/2024\/05\/0072.jpg?fit=1000%2C667&ssl=1&resize=350%2C200","width":350,"height":200,"srcset":"https:\/\/i0.wp.com\/lingerieuniverse.dk\/wp-content\/uploads\/2024\/05\/0072.jpg?fit=1000%2C667&ssl=1&resize=350%2C200 1x, https:\/\/i0.wp.com\/lingerieuniverse.dk\/wp-content\/uploads\/2024\/05\/0072.jpg?fit=1000%2C667&ssl=1&resize=525%2C300 1.5x, https:\/\/i0.wp.com\/lingerieuniverse.dk\/wp-content\/uploads\/2024\/05\/0072.jpg?fit=1000%2C667&ssl=1&resize=700%2C400 2x"},"classes":[]},{"id":4018,"url":"https:\/\/lingerieuniverse.dk\/en\/vare\/smokey-blue-thin-embossed-microfiber-stretch-lace-and-accessories\/","url_meta":{"origin":4025,"position":1},"title":"Panty Kit Smokey Blue Thin Embossed Microfiber with Stretch Lace and Accessories","author":"Admin","date":"29. May 2024","format":false,"excerpt":"Microfiber fabric 50cm x 138cm Stretch lace 75cm Elastic 350cm 2 bows","rel":"","context":"Similar post","block_context":{"text":"Similar post","link":""},"img":{"alt_text":"","src":"https:\/\/i0.wp.com\/lingerieuniverse.dk\/wp-content\/uploads\/2024\/05\/PTR-0002.jpg?fit=1000%2C667&ssl=1&resize=350%2C200","width":350,"height":200,"srcset":"https:\/\/i0.wp.com\/lingerieuniverse.dk\/wp-content\/uploads\/2024\/05\/PTR-0002.jpg?fit=1000%2C667&ssl=1&resize=350%2C200 1x, https:\/\/i0.wp.com\/lingerieuniverse.dk\/wp-content\/uploads\/2024\/05\/PTR-0002.jpg?fit=1000%2C667&ssl=1&resize=525%2C300 1.5x, https:\/\/i0.wp.com\/lingerieuniverse.dk\/wp-content\/uploads\/2024\/05\/PTR-0002.jpg?fit=1000%2C667&ssl=1&resize=700%2C400 2x"},"classes":[]},{"id":3230,"url":"https:\/\/lingerieuniverse.dk\/vare\/smokey-blue-simplex-med-smokey-blue-straekblonde-og-tilbehoer\/","url_meta":{"origin":4025,"position":2},"title":"&#8220;Smokey Blue Signature&#8221; Bh Kit","author":"Admin","date":"29. May 2024","format":false,"excerpt":"Smokey Blue Signature er et elegant og balanceret BH-kit, hvor d\u00e6mpet bl\u00e5 simplex kombineres med matchende blonde og tilbeh\u00f8r i en harmonisk farvepalet. Simplexstoffet sikrer stabilitet, form og professionel pasform, mens blonden tilf\u00f8rer dybde og et sofistikeret, roligt udtryk. Helheden er kurateret til et rent og eksklusivt slutresultat uden visuel\u2026","rel":"","context":"Similar post","block_context":{"text":"Similar post","link":""},"img":{"alt_text":"","src":"https:\/\/i0.wp.com\/lingerieuniverse.dk\/wp-content\/uploads\/2024\/05\/0072.jpg?fit=1000%2C667&ssl=1&resize=350%2C200","width":350,"height":200,"srcset":"https:\/\/i0.wp.com\/lingerieuniverse.dk\/wp-content\/uploads\/2024\/05\/0072.jpg?fit=1000%2C667&ssl=1&resize=350%2C200 1x, https:\/\/i0.wp.com\/lingerieuniverse.dk\/wp-content\/uploads\/2024\/05\/0072.jpg?fit=1000%2C667&ssl=1&resize=525%2C300 1.5x, https:\/\/i0.wp.com\/lingerieuniverse.dk\/wp-content\/uploads\/2024\/05\/0072.jpg?fit=1000%2C667&ssl=1&resize=700%2C400 2x"},"classes":[]},{"id":9779,"url":"https:\/\/lingerieuniverse.dk\/vare\/smokey-blue-signature-bh-kit\/","url_meta":{"origin":4025,"position":3},"title":"&#8220;Smokey Blue Signature&#8221; BH Pakke -XL","author":"Admin","date":"22. December 2025","format":false,"excerpt":"Smokey Blue Signature er et elegant og balanceret BH-kit, hvor d\u00e6mpet bl\u00e5 simplex kombineres med matchende blonde og tilbeh\u00f8r i en harmonisk farvepalet. Simplexstoffet sikrer stabilitet, form og professionel pasform, mens blonden tilf\u00f8rer dybde og et sofistikeret, roligt udtryk. Helheden er kurateret til et rent og eksklusivt slutresultat uden visuel\u2026","rel":"","context":"Similar post","block_context":{"text":"Similar post","link":""},"img":{"alt_text":"","src":"https:\/\/i0.wp.com\/lingerieuniverse.dk\/wp-content\/uploads\/2024\/05\/0072.jpg?fit=1000%2C667&ssl=1&resize=350%2C200","width":350,"height":200,"srcset":"https:\/\/i0.wp.com\/lingerieuniverse.dk\/wp-content\/uploads\/2024\/05\/0072.jpg?fit=1000%2C667&ssl=1&resize=350%2C200 1x, https:\/\/i0.wp.com\/lingerieuniverse.dk\/wp-content\/uploads\/2024\/05\/0072.jpg?fit=1000%2C667&ssl=1&resize=525%2C300 1.5x, https:\/\/i0.wp.com\/lingerieuniverse.dk\/wp-content\/uploads\/2024\/05\/0072.jpg?fit=1000%2C667&ssl=1&resize=700%2C400 2x"},"classes":[]},{"id":4005,"url":"https:\/\/lingerieuniverse.dk\/en\/vare\/sartrosa-simplex-with-pink-embroidered-stretch-lace-and-accessories\/","url_meta":{"origin":4025,"position":4},"title":"Bra kit Delicate pink Simplex with rose embroidered stretch lace and accessories.","author":"Admin","date":"29. May 2024","format":false,"excerpt":"Reg: Simplex 80cm x 48cm embroidered stretch lace 75cm, strap 125cm, elastic 225cm, 2 bows 0,8 m underwire casing, rings and sliders and a 38mm hooks & eyes XL: Simplex 90cm x 48cm embroidered stretch lace 75cm, strap 125cm, elastic 225cm, 2 bows 0,9 m underwire casing, rings and sliders\u2026","rel":"","context":"Similar post","block_context":{"text":"Similar post","link":""},"img":{"alt_text":"","src":"https:\/\/i0.wp.com\/lingerieuniverse.dk\/wp-content\/uploads\/2024\/05\/PBH-0071.jpg?fit=1000%2C667&ssl=1&resize=350%2C200","width":350,"height":200,"srcset":"https:\/\/i0.wp.com\/lingerieuniverse.dk\/wp-content\/uploads\/2024\/05\/PBH-0071.jpg?fit=1000%2C667&ssl=1&resize=350%2C200 1x, https:\/\/i0.wp.com\/lingerieuniverse.dk\/wp-content\/uploads\/2024\/05\/PBH-0071.jpg?fit=1000%2C667&ssl=1&resize=525%2C300 1.5x, https:\/\/i0.wp.com\/lingerieuniverse.dk\/wp-content\/uploads\/2024\/05\/PBH-0071.jpg?fit=1000%2C667&ssl=1&resize=700%2C400 2x"},"classes":[]},{"id":3205,"url":"https:\/\/lingerieuniverse.dk\/vare\/smokey-blue-tynd-praeget-microfiber-straekblonde-og-tilbehoer\/","url_meta":{"origin":4025,"position":5},"title":"Trusse Pakke Smokey Blue Tynd Pr\u00e6get Microfiber med Str\u00e6kblonde og Tilbeh\u00f8r","author":"Admin","date":"29. May 2024","format":false,"excerpt":"Microfiber stof 50cm x 138cm Str\u00e6k blonde 75cm Elastik 350cm Sl\u00f8jfer 2","rel":"","context":"Similar post","block_context":{"text":"Similar post","link":""},"img":{"alt_text":"","src":"https:\/\/i0.wp.com\/lingerieuniverse.dk\/wp-content\/uploads\/2024\/05\/PTR-0002.jpg?fit=1000%2C667&ssl=1&resize=350%2C200","width":350,"height":200,"srcset":"https:\/\/i0.wp.com\/lingerieuniverse.dk\/wp-content\/uploads\/2024\/05\/PTR-0002.jpg?fit=1000%2C667&ssl=1&resize=350%2C200 1x, https:\/\/i0.wp.com\/lingerieuniverse.dk\/wp-content\/uploads\/2024\/05\/PTR-0002.jpg?fit=1000%2C667&ssl=1&resize=525%2C300 1.5x, https:\/\/i0.wp.com\/lingerieuniverse.dk\/wp-content\/uploads\/2024\/05\/PTR-0002.jpg?fit=1000%2C667&ssl=1&resize=700%2C400 2x"},"classes":[]}],"jetpack_sharing_enabled":true,"_links":{"self":[{"href":"https:\/\/lingerieuniverse.dk\/en\/wp-json\/wp\/v2\/product\/4025","targetHints":{"allow":["GET"]}}],"collection":[{"href":"https:\/\/lingerieuniverse.dk\/en\/wp-json\/wp\/v2\/product"}],"about":[{"href":"https:\/\/lingerieuniverse.dk\/en\/wp-json\/wp\/v2\/types\/product"}],"wp:featuredmedia":[{"embeddable":true,"href":"https:\/\/lingerieuniverse.dk\/en\/wp-json\/wp\/v2\/media\/3991"}],"wp:attachment":[{"href":"https:\/\/lingerieuniverse.dk\/en\/wp-json\/wp\/v2\/media?parent=4025"}],"wp:term":[{"taxonomy":"product_brand","embeddable":true,"href":"https:\/\/lingerieuniverse.dk\/en\/wp-json\/wp\/v2\/product_brand?post=4025"},{"taxonomy":"product_cat","embeddable":true,"href":"https:\/\/lingerieuniverse.dk\/en\/wp-json\/wp\/v2\/product_cat?post=4025"},{"taxonomy":"product_tag","embeddable":true,"href":"https:\/\/lingerieuniverse.dk\/en\/wp-json\/wp\/v2\/product_tag?post=4025"}],"curies":[{"name":"wp","href":"https:\/\/api.w.org\/{rel}","templated":true}]}}