{"id":4273,"date":"2023-11-17T12:18:28","date_gmt":"2023-11-17T11:18:28","guid":{"rendered":"https:\/\/lingerieuniverse.dk\/shop\/0086-stretch-satin-navy-blue\/"},"modified":"2023-11-17T12:18:28","modified_gmt":"2023-11-17T11:18:28","slug":"0086-stretch-satin-navy-blue","status":"publish","type":"product","link":"https:\/\/lingerieuniverse.dk\/en\/vare\/0086-stretch-satin-navy-blue\/","title":{"rendered":"0086 Stretch satin navy blue"},"content":{"rendered":"","protected":false},"excerpt":{"rendered":"<div class=\"woocommerce-product-details__short-description\">\n<p>Thick stretch satin 200cm wide.<br \/>\nSuitable for prom dresses.<\/p>\n<p><em><strong>NOTE the price is per 10 cm.<\/strong><\/em><\/p>\n<\/div>\n","protected":false},"featured_media":3714,"template":"","meta":{"_monsterinsights_skip_tracking":false,"_monsterinsights_sitenote_active":false,"_monsterinsights_sitenote_note":"","_monsterinsights_sitenote_category":0,"neve_meta_sidebar":"","neve_meta_container":"","neve_meta_enable_content_width":"off","neve_meta_content_width":100,"neve_meta_title_alignment":"","neve_meta_author_avatar":"","neve_post_elements_order":"","neve_meta_disable_header":"","neve_meta_disable_footer":"","neve_meta_disable_title":"","jetpack_publicize_message":"","jetpack_publicize_feature_enabled":true,"jetpack_social_post_already_shared":false,"jetpack_social_options":{"image_generator_settings":{"template":"highway","default_image_id":0,"font":"","enabled":false},"version":2}},"product_brand":[],"product_cat":[134,161],"product_tag":[],"class_list":{"0":"post-4273","1":"product","2":"type-product","3":"status-publish","4":"has-post-thumbnail","6":"product_cat-fabric-en","7":"product_cat-stretch-satin","9":"first","10":"instock","11":"taxable","12":"shipping-taxable","13":"purchasable","14":"product-type-simple"},"aioseo_notices":[],"jetpack_publicize_connections":[],"jetpack-related-posts":[{"id":4225,"url":"https:\/\/lingerieuniverse.dk\/en\/vare\/0518-bordeaux-non-stretch-satin\/","url_meta":{"origin":4273,"position":0},"title":"0518 Bordeaux non stretch satin","author":"Admin","date":"17. November 2023","format":false,"excerpt":"about 150cm wide Non stretch satin with a slight mechanical stretch. Suitable for prom dresses. NOTE the price is per 10 cm.","rel":"","context":"Similar post","block_context":{"text":"Similar post","link":""},"img":{"alt_text":"","src":"https:\/\/i0.wp.com\/lingerieuniverse.dk\/wp-content\/uploads\/2023\/11\/518-SS-6M.jpg?fit=1000%2C667&ssl=1&resize=350%2C200","width":350,"height":200,"srcset":"https:\/\/i0.wp.com\/lingerieuniverse.dk\/wp-content\/uploads\/2023\/11\/518-SS-6M.jpg?fit=1000%2C667&ssl=1&resize=350%2C200 1x, https:\/\/i0.wp.com\/lingerieuniverse.dk\/wp-content\/uploads\/2023\/11\/518-SS-6M.jpg?fit=1000%2C667&ssl=1&resize=525%2C300 1.5x, https:\/\/i0.wp.com\/lingerieuniverse.dk\/wp-content\/uploads\/2023\/11\/518-SS-6M.jpg?fit=1000%2C667&ssl=1&resize=700%2C400 2x"},"classes":[]},{"id":1964,"url":"https:\/\/lingerieuniverse.dk\/vare\/silk-satin-marine-blaa-navy-blue\/","url_meta":{"origin":4273,"position":1},"title":"0086 Str\u00e6ksatin marinebl\u00e5","author":"Admin","date":"17. November 2023","format":false,"excerpt":"kraftig str\u00e6ksatin 200cm brede. Velegnet til gallakjoler. OBS prisen er pr 10 cm.","rel":"","context":"Similar post","block_context":{"text":"Similar post","link":""},"img":{"alt_text":"","src":"https:\/\/i0.wp.com\/lingerieuniverse.dk\/wp-content\/uploads\/2023\/11\/086-2-SS-11M.jpg?fit=1000%2C531&ssl=1&resize=350%2C200","width":350,"height":200,"srcset":"https:\/\/i0.wp.com\/lingerieuniverse.dk\/wp-content\/uploads\/2023\/11\/086-2-SS-11M.jpg?fit=1000%2C531&ssl=1&resize=350%2C200 1x, https:\/\/i0.wp.com\/lingerieuniverse.dk\/wp-content\/uploads\/2023\/11\/086-2-SS-11M.jpg?fit=1000%2C531&ssl=1&resize=525%2C300 1.5x, https:\/\/i0.wp.com\/lingerieuniverse.dk\/wp-content\/uploads\/2023\/11\/086-2-SS-11M.jpg?fit=1000%2C531&ssl=1&resize=700%2C400 2x"},"classes":[]},{"id":4269,"url":"https:\/\/lingerieuniverse.dk\/en\/vare\/0315-black-blue-with-graphic-pattern-lycra\/","url_meta":{"origin":4273,"position":2},"title":"0315 Black\/Blue with Graphic Pattern &#8211; Lycra","author":"Admin","date":"12. September 2023","format":false,"excerpt":"about 150cm wide Suitable for swimwear. NOTE the price is per 10 cm.","rel":"","context":"Similar post","block_context":{"text":"Similar post","link":""},"img":{"alt_text":"","src":"https:\/\/i0.wp.com\/lingerieuniverse.dk\/wp-content\/uploads\/2023\/09\/IMG_0039-scaled.jpg?fit=1200%2C800&ssl=1&resize=350%2C200","width":350,"height":200,"srcset":"https:\/\/i0.wp.com\/lingerieuniverse.dk\/wp-content\/uploads\/2023\/09\/IMG_0039-scaled.jpg?fit=1200%2C800&ssl=1&resize=350%2C200 1x, https:\/\/i0.wp.com\/lingerieuniverse.dk\/wp-content\/uploads\/2023\/09\/IMG_0039-scaled.jpg?fit=1200%2C800&ssl=1&resize=525%2C300 1.5x, https:\/\/i0.wp.com\/lingerieuniverse.dk\/wp-content\/uploads\/2023\/09\/IMG_0039-scaled.jpg?fit=1200%2C800&ssl=1&resize=700%2C400 2x, https:\/\/i0.wp.com\/lingerieuniverse.dk\/wp-content\/uploads\/2023\/09\/IMG_0039-scaled.jpg?fit=1200%2C800&ssl=1&resize=1050%2C600 3x"},"classes":[]},{"id":4185,"url":"https:\/\/lingerieuniverse.dk\/en\/vare\/dusty-blue-22-5cm\/","url_meta":{"origin":4273,"position":3},"title":"Dusty blue 22.5 cm","author":"Admin","date":"2. October 2023","format":false,"excerpt":"NOTE the price is per 10 cm.","rel":"","context":"Similar post","block_context":{"text":"Similar post","link":""},"img":{"alt_text":"","src":"https:\/\/i0.wp.com\/lingerieuniverse.dk\/wp-content\/uploads\/2023\/10\/0053.jpg?fit=1000%2C667&ssl=1&resize=350%2C200","width":350,"height":200,"srcset":"https:\/\/i0.wp.com\/lingerieuniverse.dk\/wp-content\/uploads\/2023\/10\/0053.jpg?fit=1000%2C667&ssl=1&resize=350%2C200 1x, https:\/\/i0.wp.com\/lingerieuniverse.dk\/wp-content\/uploads\/2023\/10\/0053.jpg?fit=1000%2C667&ssl=1&resize=525%2C300 1.5x, https:\/\/i0.wp.com\/lingerieuniverse.dk\/wp-content\/uploads\/2023\/10\/0053.jpg?fit=1000%2C667&ssl=1&resize=700%2C400 2x"},"classes":[]},{"id":4540,"url":"https:\/\/lingerieuniverse.dk\/en\/vare\/16mm-navy-blue-4033\/","url_meta":{"origin":4273,"position":4},"title":"16mm Navy Blue 4033","author":"Admin","date":"24. September 2023","format":false,"excerpt":"NOTE the price is per 10cm.","rel":"","context":"Similar post","block_context":{"text":"Similar post","link":""},"img":{"alt_text":"","src":"https:\/\/i0.wp.com\/lingerieuniverse.dk\/wp-content\/uploads\/2023\/09\/4033.jpg?fit=1000%2C667&ssl=1&resize=350%2C200","width":350,"height":200,"srcset":"https:\/\/i0.wp.com\/lingerieuniverse.dk\/wp-content\/uploads\/2023\/09\/4033.jpg?fit=1000%2C667&ssl=1&resize=350%2C200 1x, https:\/\/i0.wp.com\/lingerieuniverse.dk\/wp-content\/uploads\/2023\/09\/4033.jpg?fit=1000%2C667&ssl=1&resize=525%2C300 1.5x, https:\/\/i0.wp.com\/lingerieuniverse.dk\/wp-content\/uploads\/2023\/09\/4033.jpg?fit=1000%2C667&ssl=1&resize=700%2C400 2x"},"classes":[]},{"id":4213,"url":"https:\/\/lingerieuniverse.dk\/en\/vare\/0405-blue-background-with-skulls-microfiber\/","url_meta":{"origin":4273,"position":5},"title":"0405 Blue Background with Skulls &#8211; Microfiber","author":"Admin","date":"25. September 2023","format":false,"excerpt":"about 160cm wide NOTE the price is per 10 cm.","rel":"","context":"Similar post","block_context":{"text":"Similar post","link":""},"img":{"alt_text":"","src":"https:\/\/i0.wp.com\/lingerieuniverse.dk\/wp-content\/uploads\/2023\/09\/IMG_0049.jpg?fit=1200%2C800&ssl=1&resize=350%2C200","width":350,"height":200,"srcset":"https:\/\/i0.wp.com\/lingerieuniverse.dk\/wp-content\/uploads\/2023\/09\/IMG_0049.jpg?fit=1200%2C800&ssl=1&resize=350%2C200 1x, https:\/\/i0.wp.com\/lingerieuniverse.dk\/wp-content\/uploads\/2023\/09\/IMG_0049.jpg?fit=1200%2C800&ssl=1&resize=525%2C300 1.5x, https:\/\/i0.wp.com\/lingerieuniverse.dk\/wp-content\/uploads\/2023\/09\/IMG_0049.jpg?fit=1200%2C800&ssl=1&resize=700%2C400 2x, https:\/\/i0.wp.com\/lingerieuniverse.dk\/wp-content\/uploads\/2023\/09\/IMG_0049.jpg?fit=1200%2C800&ssl=1&resize=1050%2C600 3x"},"classes":[]}],"jetpack_sharing_enabled":true,"_links":{"self":[{"href":"https:\/\/lingerieuniverse.dk\/en\/wp-json\/wp\/v2\/product\/4273","targetHints":{"allow":["GET"]}}],"collection":[{"href":"https:\/\/lingerieuniverse.dk\/en\/wp-json\/wp\/v2\/product"}],"about":[{"href":"https:\/\/lingerieuniverse.dk\/en\/wp-json\/wp\/v2\/types\/product"}],"wp:featuredmedia":[{"embeddable":true,"href":"https:\/\/lingerieuniverse.dk\/en\/wp-json\/wp\/v2\/media\/3714"}],"wp:attachment":[{"href":"https:\/\/lingerieuniverse.dk\/en\/wp-json\/wp\/v2\/media?parent=4273"}],"wp:term":[{"taxonomy":"product_brand","embeddable":true,"href":"https:\/\/lingerieuniverse.dk\/en\/wp-json\/wp\/v2\/product_brand?post=4273"},{"taxonomy":"product_cat","embeddable":true,"href":"https:\/\/lingerieuniverse.dk\/en\/wp-json\/wp\/v2\/product_cat?post=4273"},{"taxonomy":"product_tag","embeddable":true,"href":"https:\/\/lingerieuniverse.dk\/en\/wp-json\/wp\/v2\/product_tag?post=4273"}],"curies":[{"name":"wp","href":"https:\/\/api.w.org\/{rel}","templated":true}]}}