{"id":4822,"date":"2024-02-27T15:24:42","date_gmt":"2024-02-27T14:24:42","guid":{"rendered":"https:\/\/lingerieuniverse.dk\/vare\/beige\/"},"modified":"2024-11-20T13:25:12","modified_gmt":"2024-11-20T12:25:12","slug":"beige","status":"publish","type":"product","link":"https:\/\/lingerieuniverse.dk\/en\/vare\/beige\/","title":{"rendered":"Beige 5 mm"},"content":{"rendered":"","protected":false},"excerpt":{"rendered":"<p>The peice is aprox 0,7 m x 0,5 m<\/p>\n","protected":false},"featured_media":5898,"template":"","meta":{"_monsterinsights_skip_tracking":false,"_monsterinsights_sitenote_active":false,"_monsterinsights_sitenote_note":"","_monsterinsights_sitenote_category":0,"neve_meta_sidebar":"","neve_meta_container":"","neve_meta_enable_content_width":"off","neve_meta_content_width":100,"neve_meta_title_alignment":"","neve_meta_author_avatar":"","neve_post_elements_order":"","neve_meta_disable_header":"","neve_meta_disable_footer":"","neve_meta_disable_title":"","jetpack_publicize_message":"","jetpack_publicize_feature_enabled":true,"jetpack_social_post_already_shared":false,"jetpack_social_options":{"image_generator_settings":{"template":"highway","default_image_id":0,"font":"","enabled":false},"version":2}},"product_brand":[],"product_cat":[148,170],"product_tag":[],"class_list":{"0":"post-4822","1":"product","2":"type-product","3":"status-publish","4":"has-post-thumbnail","6":"product_cat-accessories","7":"product_cat-foam","9":"first","10":"instock","11":"taxable","12":"shipping-taxable","13":"purchasable","14":"product-type-simple"},"aioseo_notices":[],"jetpack_publicize_connections":[],"jetpack-related-posts":[{"id":7964,"url":"https:\/\/lingerieuniverse.dk\/en\/vare\/bra-panty-kit-black-microfiber-with-black-pink-stretch-lace-black-accessories-kopier\/","url_meta":{"origin":4822,"position":0},"title":"Bra &amp; Panty Kit Black Microfiber with Black\/Pink Stretch Lace &amp; Black Accessories (Kopier)","author":"Admin","date":"25. February 2025","format":false,"excerpt":"The kit Includes ALM: 0,5 m x 1,60 m microfiber, 125 cm strap, 5 m elastic, 0,8 m underwire channeling, 2 rings 2 sliders, 3 bows and 38 mm hooks & eyes XL: 0.6 m x 1.50 m fabric, 125 cm strap, 5 m elastic, 0.9 m underwire channeling, 2\u2026","rel":"","context":"Similar post","block_context":{"text":"Similar post","link":""},"img":{"alt_text":"","src":"https:\/\/i0.wp.com\/lingerieuniverse.dk\/wp-content\/uploads\/2024\/11\/PBT-0080.jpg?fit=1000%2C667&ssl=1&resize=350%2C200","width":350,"height":200,"srcset":"https:\/\/i0.wp.com\/lingerieuniverse.dk\/wp-content\/uploads\/2024\/11\/PBT-0080.jpg?fit=1000%2C667&ssl=1&resize=350%2C200 1x, https:\/\/i0.wp.com\/lingerieuniverse.dk\/wp-content\/uploads\/2024\/11\/PBT-0080.jpg?fit=1000%2C667&ssl=1&resize=525%2C300 1.5x, https:\/\/i0.wp.com\/lingerieuniverse.dk\/wp-content\/uploads\/2024\/11\/PBT-0080.jpg?fit=1000%2C667&ssl=1&resize=700%2C400 2x"},"classes":[]},{"id":7917,"url":"https:\/\/lingerieuniverse.dk\/en\/vare\/bra-panty-kit-grey-purple-floral-print-microfiber-with-grey-purple-stretch-lace-grey-purple-accessories-kopier\/","url_meta":{"origin":4822,"position":1},"title":"Bra &amp; Panty Kit Grey Purple Floral Print Microfiber with Grey Purple Stretch Lace &amp; Grey Purple Accessories","author":"Admin","date":"25. February 2025","format":false,"excerpt":"The kit contains: Reg: 0,5 m x 1.45 m microfiber, 1 m stretch lace, 1.25 m strap, 5 m elastic, 0.8 m channeling, 1 38 mm hooks & eyes, 2 rings and sliders and 3 bows. XL: 0,6 m x 1.45 m microfiber, 1 m stretch lace, 1.25 m strap,\u2026","rel":"","context":"Similar post","block_context":{"text":"Similar post","link":""},"img":{"alt_text":"","src":"https:\/\/i0.wp.com\/lingerieuniverse.dk\/wp-content\/uploads\/2024\/11\/0087.jpg?fit=1000%2C667&ssl=1&resize=350%2C200","width":350,"height":200,"srcset":"https:\/\/i0.wp.com\/lingerieuniverse.dk\/wp-content\/uploads\/2024\/11\/0087.jpg?fit=1000%2C667&ssl=1&resize=350%2C200 1x, https:\/\/i0.wp.com\/lingerieuniverse.dk\/wp-content\/uploads\/2024\/11\/0087.jpg?fit=1000%2C667&ssl=1&resize=525%2C300 1.5x, https:\/\/i0.wp.com\/lingerieuniverse.dk\/wp-content\/uploads\/2024\/11\/0087.jpg?fit=1000%2C667&ssl=1&resize=700%2C400 2x"},"classes":[]},{"id":7961,"url":"https:\/\/lingerieuniverse.dk\/vare\/bh-og-trusse-pakke-sort-microfiber-med-sort-pink-straek-blonde-og-sort-tilbehoer-2\/","url_meta":{"origin":4822,"position":2},"title":"Bh- og Trusse Pakke Sort Microfiber med Sort\/Pink Str\u00e6k Blonde og Sort Tilbeh\u00f8r","author":"Admin","date":"25. February 2025","format":false,"excerpt":"Pakken indeholder ALM: 0,5 m x 1,60 m stof, 125 cm strop, 5 m elastik, 0,8 m tubeb\u00e5nd, 2 ringe 2 8-tal, 3 sl\u00f8jfer og 38 mm hooks & eyes XL: 0,6 m x 1,50 m stof, 125 cm strop, 5 m elastik, 0,9 m tubeb\u00e5nd, 2 ringe 2 8-tal,\u2026","rel":"","context":"Similar post","block_context":{"text":"Similar post","link":""},"img":{"alt_text":"","src":"https:\/\/i0.wp.com\/lingerieuniverse.dk\/wp-content\/uploads\/2024\/11\/PBT-0080.jpg?fit=1000%2C667&ssl=1&resize=350%2C200","width":350,"height":200,"srcset":"https:\/\/i0.wp.com\/lingerieuniverse.dk\/wp-content\/uploads\/2024\/11\/PBT-0080.jpg?fit=1000%2C667&ssl=1&resize=350%2C200 1x, https:\/\/i0.wp.com\/lingerieuniverse.dk\/wp-content\/uploads\/2024\/11\/PBT-0080.jpg?fit=1000%2C667&ssl=1&resize=525%2C300 1.5x, https:\/\/i0.wp.com\/lingerieuniverse.dk\/wp-content\/uploads\/2024\/11\/PBT-0080.jpg?fit=1000%2C667&ssl=1&resize=700%2C400 2x"},"classes":[]},{"id":8269,"url":"https:\/\/lingerieuniverse.dk\/vare\/xl-bh-pakke-beige-simplex-med-fast-broderet-blonde-beige-tilbehoer\/","url_meta":{"origin":4822,"position":3},"title":"Bh- Pakke i Simplex med Fast Broderet Blonde &#8211; XL","author":"Admin","date":"2. March 2025","format":false,"excerpt":"Pakken indeholder Alm: 0,45 m x 0,85 m satin stitch stof 0,75 m blonde 1,25 m strop, 2,25 m elastik 0,8 m tubeb\u00e5nd 2 ringe og 8-tal, 2 sl\u00f8jfer og 38mm luk. XL: 0,9 m x 0,5 m satin stitch stof, 0,75 blonde, 1,25 m strop, 2,25 m elastik 0,9\u2026","rel":"","context":"Similar post","block_context":{"text":"Similar post","link":""},"img":{"alt_text":"","src":"https:\/\/i0.wp.com\/lingerieuniverse.dk\/wp-content\/uploads\/2024\/11\/IMG_1379.jpg?fit=1000%2C667&ssl=1&resize=350%2C200","width":350,"height":200,"srcset":"https:\/\/i0.wp.com\/lingerieuniverse.dk\/wp-content\/uploads\/2024\/11\/IMG_1379.jpg?fit=1000%2C667&ssl=1&resize=350%2C200 1x, https:\/\/i0.wp.com\/lingerieuniverse.dk\/wp-content\/uploads\/2024\/11\/IMG_1379.jpg?fit=1000%2C667&ssl=1&resize=525%2C300 1.5x, https:\/\/i0.wp.com\/lingerieuniverse.dk\/wp-content\/uploads\/2024\/11\/IMG_1379.jpg?fit=1000%2C667&ssl=1&resize=700%2C400 2x"},"classes":[]},{"id":5464,"url":"https:\/\/lingerieuniverse.dk\/en\/vare\/black-and-grey-zebra-print-mesh-with-embroidered-flowers\/","url_meta":{"origin":4822,"position":4},"title":"Panty Kit Black and Grey Zebra Print Mesh with Embroidered Flowers","author":"Admin","date":"22. August 2024","format":false,"excerpt":"The kit includes 0,7 m x 1 m Mesh, 4 m elastic and 2 bows Pay attention to the stretch direction before cutting","rel":"","context":"Similar post","block_context":{"text":"Similar post","link":""},"img":{"alt_text":"","src":"https:\/\/i0.wp.com\/lingerieuniverse.dk\/wp-content\/uploads\/2024\/08\/PTR-0013.jpg?fit=1000%2C667&ssl=1&resize=350%2C200","width":350,"height":200,"srcset":"https:\/\/i0.wp.com\/lingerieuniverse.dk\/wp-content\/uploads\/2024\/08\/PTR-0013.jpg?fit=1000%2C667&ssl=1&resize=350%2C200 1x, https:\/\/i0.wp.com\/lingerieuniverse.dk\/wp-content\/uploads\/2024\/08\/PTR-0013.jpg?fit=1000%2C667&ssl=1&resize=525%2C300 1.5x, https:\/\/i0.wp.com\/lingerieuniverse.dk\/wp-content\/uploads\/2024\/08\/PTR-0013.jpg?fit=1000%2C667&ssl=1&resize=700%2C400 2x"},"classes":[]},{"id":5952,"url":"https:\/\/lingerieuniverse.dk\/vare\/0089\/","url_meta":{"origin":4822,"position":5},"title":"Bh- og Trusse Pakke Dyreprint Microfiber med M\u00f8rk Beige Str\u00e6k Blonde og Sort Tilbeh\u00f8r","author":"Admin","date":"22. November 2024","format":false,"excerpt":"Pakken indeholder: Alm: 0,5 m stof 150cm microfiber, 1 m str\u00e6kblonde, 1,25 m strop, 5 m elastik, 0,8 m tubeb\u00e5nd, 1 2\u2019er bhluk, 2 ringe og 2 8taller og 3 sl\u00f8jfer. XL: 0,6 m stof 150 cm bred, 1 m str\u00e6kblonde , 1,25 m strop, 5 m elastik, 0,9 m\u2026","rel":"","context":"Similar post","block_context":{"text":"Similar post","link":""},"img":{"alt_text":"","src":"https:\/\/i0.wp.com\/lingerieuniverse.dk\/wp-content\/uploads\/2024\/11\/0089.jpg?fit=1000%2C667&ssl=1&resize=350%2C200","width":350,"height":200,"srcset":"https:\/\/i0.wp.com\/lingerieuniverse.dk\/wp-content\/uploads\/2024\/11\/0089.jpg?fit=1000%2C667&ssl=1&resize=350%2C200 1x, https:\/\/i0.wp.com\/lingerieuniverse.dk\/wp-content\/uploads\/2024\/11\/0089.jpg?fit=1000%2C667&ssl=1&resize=525%2C300 1.5x, https:\/\/i0.wp.com\/lingerieuniverse.dk\/wp-content\/uploads\/2024\/11\/0089.jpg?fit=1000%2C667&ssl=1&resize=700%2C400 2x"},"classes":[]}],"jetpack_sharing_enabled":true,"_links":{"self":[{"href":"https:\/\/lingerieuniverse.dk\/en\/wp-json\/wp\/v2\/product\/4822","targetHints":{"allow":["GET"]}}],"collection":[{"href":"https:\/\/lingerieuniverse.dk\/en\/wp-json\/wp\/v2\/product"}],"about":[{"href":"https:\/\/lingerieuniverse.dk\/en\/wp-json\/wp\/v2\/types\/product"}],"wp:featuredmedia":[{"embeddable":true,"href":"https:\/\/lingerieuniverse.dk\/en\/wp-json\/wp\/v2\/media\/5898"}],"wp:attachment":[{"href":"https:\/\/lingerieuniverse.dk\/en\/wp-json\/wp\/v2\/media?parent=4822"}],"wp:term":[{"taxonomy":"product_brand","embeddable":true,"href":"https:\/\/lingerieuniverse.dk\/en\/wp-json\/wp\/v2\/product_brand?post=4822"},{"taxonomy":"product_cat","embeddable":true,"href":"https:\/\/lingerieuniverse.dk\/en\/wp-json\/wp\/v2\/product_cat?post=4822"},{"taxonomy":"product_tag","embeddable":true,"href":"https:\/\/lingerieuniverse.dk\/en\/wp-json\/wp\/v2\/product_tag?post=4822"}],"curies":[{"name":"wp","href":"https:\/\/api.w.org\/{rel}","templated":true}]}}