{"id":4860,"date":"2023-12-28T12:25:23","date_gmt":"2023-12-28T11:25:23","guid":{"rendered":"https:\/\/lingerieuniverse.dk\/vare\/powernet-dusty-rose\/"},"modified":"2023-12-28T12:25:23","modified_gmt":"2023-12-28T11:25:23","slug":"powernet-dusty-rose","status":"publish","type":"product","link":"https:\/\/lingerieuniverse.dk\/en\/vare\/powernet-dusty-rose\/","title":{"rendered":"Powernet Dusty Rose"},"content":{"rendered":"","protected":false},"excerpt":{"rendered":"","protected":false},"featured_media":3772,"template":"","meta":{"_monsterinsights_skip_tracking":false,"_monsterinsights_sitenote_active":false,"_monsterinsights_sitenote_note":"","_monsterinsights_sitenote_category":0,"neve_meta_sidebar":"","neve_meta_container":"","neve_meta_enable_content_width":"off","neve_meta_content_width":100,"neve_meta_title_alignment":"","neve_meta_author_avatar":"","neve_post_elements_order":"","neve_meta_disable_header":"","neve_meta_disable_footer":"","neve_meta_disable_title":"","jetpack_publicize_message":"","jetpack_publicize_feature_enabled":true,"jetpack_social_post_already_shared":false,"jetpack_social_options":{"image_generator_settings":{"template":"highway","default_image_id":0,"font":"","enabled":false},"version":2}},"product_brand":[],"product_cat":[148,171],"product_tag":[],"class_list":{"0":"post-4860","1":"product","2":"type-product","3":"status-publish","4":"has-post-thumbnail","6":"product_cat-accessories","7":"product_cat-powernet-en","9":"first","10":"instock","11":"taxable","12":"shipping-taxable","13":"purchasable","14":"product-type-simple"},"aioseo_notices":[],"jetpack_publicize_connections":[],"jetpack-related-posts":[{"id":1880,"url":"https:\/\/lingerieuniverse.dk\/vare\/sloejfe-stoevet-rosa-dusty-rose-0026\/","url_meta":{"origin":4860,"position":0},"title":"3 Sl\u00f8jfer St\u00f8vet Rosa","author":"Admin","date":"11. November 2023","format":false,"excerpt":"Prisen er for 3 stykker.","rel":"","context":"Similar post","block_context":{"text":"Similar post","link":""},"img":{"alt_text":"","src":"https:\/\/i0.wp.com\/lingerieuniverse.dk\/wp-content\/uploads\/2023\/11\/TSL-0026.jpg?fit=1000%2C667&ssl=1&resize=350%2C200","width":350,"height":200,"srcset":"https:\/\/i0.wp.com\/lingerieuniverse.dk\/wp-content\/uploads\/2023\/11\/TSL-0026.jpg?fit=1000%2C667&ssl=1&resize=350%2C200 1x, https:\/\/i0.wp.com\/lingerieuniverse.dk\/wp-content\/uploads\/2023\/11\/TSL-0026.jpg?fit=1000%2C667&ssl=1&resize=525%2C300 1.5x, https:\/\/i0.wp.com\/lingerieuniverse.dk\/wp-content\/uploads\/2023\/11\/TSL-0026.jpg?fit=1000%2C667&ssl=1&resize=700%2C400 2x"},"classes":[]},{"id":4653,"url":"https:\/\/lingerieuniverse.dk\/en\/vare\/3-bows-dusty-pink\/","url_meta":{"origin":4860,"position":1},"title":"3 Bows Dusty Rose","author":"Admin","date":"11. November 2023","format":false,"excerpt":"The price is for 3 pieces.","rel":"","context":"Similar post","block_context":{"text":"Similar post","link":""},"img":{"alt_text":"","src":"https:\/\/i0.wp.com\/lingerieuniverse.dk\/wp-content\/uploads\/2023\/11\/TSL-0026.jpg?fit=1000%2C667&ssl=1&resize=350%2C200","width":350,"height":200,"srcset":"https:\/\/i0.wp.com\/lingerieuniverse.dk\/wp-content\/uploads\/2023\/11\/TSL-0026.jpg?fit=1000%2C667&ssl=1&resize=350%2C200 1x, https:\/\/i0.wp.com\/lingerieuniverse.dk\/wp-content\/uploads\/2023\/11\/TSL-0026.jpg?fit=1000%2C667&ssl=1&resize=525%2C300 1.5x, https:\/\/i0.wp.com\/lingerieuniverse.dk\/wp-content\/uploads\/2023\/11\/TSL-0026.jpg?fit=1000%2C667&ssl=1&resize=700%2C400 2x"},"classes":[]},{"id":4849,"url":"https:\/\/lingerieuniverse.dk\/en\/vare\/powernet-pink\/","url_meta":{"origin":4860,"position":2},"title":"Powernet Dusty Pink","author":"Admin","date":"21. February 2024","format":false,"excerpt":"The piece measures approx. 100cm x 40cm","rel":"","context":"Similar post","block_context":{"text":"Similar post","link":""},"img":{"alt_text":"","src":"https:\/\/i0.wp.com\/lingerieuniverse.dk\/wp-content\/uploads\/2024\/02\/826-lyseroed.jpg?fit=1000%2C667&ssl=1&resize=350%2C200","width":350,"height":200,"srcset":"https:\/\/i0.wp.com\/lingerieuniverse.dk\/wp-content\/uploads\/2024\/02\/826-lyseroed.jpg?fit=1000%2C667&ssl=1&resize=350%2C200 1x, https:\/\/i0.wp.com\/lingerieuniverse.dk\/wp-content\/uploads\/2024\/02\/826-lyseroed.jpg?fit=1000%2C667&ssl=1&resize=525%2C300 1.5x, https:\/\/i0.wp.com\/lingerieuniverse.dk\/wp-content\/uploads\/2024\/02\/826-lyseroed.jpg?fit=1000%2C667&ssl=1&resize=700%2C400 2x"},"classes":[]},{"id":9791,"url":"https:\/\/lingerieuniverse.dk\/en\/vare\/bra-kit-medium-grey-printed-powernet-with-rose-dots-fuchsia-stretch-lace-accessories-kopier\/","url_meta":{"origin":4860,"position":3},"title":"Bra Kit Medium Grey Printed Powernet with Rose Dots, Fuchsia Stretch Lace &amp; Accessories (Kopier)","author":"Admin","date":"22. December 2025","format":false,"excerpt":"Reg: 50cm x80cm powernet, 75cm stretch lace XL: 90cm x 50cm powernet, 75cm stretch lace","rel":"","context":"Similar post","block_context":{"text":"Similar post","link":""},"img":{"alt_text":"","src":"https:\/\/i0.wp.com\/lingerieuniverse.dk\/wp-content\/uploads\/2024\/05\/PBH-0073.jpg?fit=1000%2C667&ssl=1&resize=350%2C200","width":350,"height":200,"srcset":"https:\/\/i0.wp.com\/lingerieuniverse.dk\/wp-content\/uploads\/2024\/05\/PBH-0073.jpg?fit=1000%2C667&ssl=1&resize=350%2C200 1x, https:\/\/i0.wp.com\/lingerieuniverse.dk\/wp-content\/uploads\/2024\/05\/PBH-0073.jpg?fit=1000%2C667&ssl=1&resize=525%2C300 1.5x, https:\/\/i0.wp.com\/lingerieuniverse.dk\/wp-content\/uploads\/2024\/05\/PBH-0073.jpg?fit=1000%2C667&ssl=1&resize=700%2C400 2x"},"classes":[]},{"id":10386,"url":"https:\/\/lingerieuniverse.dk\/en\/vare\/dustyblue-powernet-45x100-cm\/","url_meta":{"origin":4860,"position":4},"title":"DustyBlue Powernet \u2013 45&#215;100 cm","author":"Admin","date":"10. April 2026","format":false,"excerpt":"Dette powernet i st\u00f8rrelsen 45 x 100 cm kommer i en lys st\u00f8vet bl\u00e5 nuance, som giver et elegant og moderne udtryk. Farven \u2013 ofte kaldet dusty blue \u2013 er rolig og stilfuld, hvilket g\u00f8r den ideel til lingeri, shapewear og andre t\u00e6tsiddende designs. Materialet er let, fleksibelt og samtidig\u2026","rel":"","context":"Similar post","block_context":{"text":"Similar post","link":""},"img":{"alt_text":"","src":"https:\/\/i0.wp.com\/lingerieuniverse.dk\/wp-content\/uploads\/2026\/04\/IMG_2177.jpg?fit=1000%2C667&ssl=1&resize=350%2C200","width":350,"height":200,"srcset":"https:\/\/i0.wp.com\/lingerieuniverse.dk\/wp-content\/uploads\/2026\/04\/IMG_2177.jpg?fit=1000%2C667&ssl=1&resize=350%2C200 1x, https:\/\/i0.wp.com\/lingerieuniverse.dk\/wp-content\/uploads\/2026\/04\/IMG_2177.jpg?fit=1000%2C667&ssl=1&resize=525%2C300 1.5x, https:\/\/i0.wp.com\/lingerieuniverse.dk\/wp-content\/uploads\/2026\/04\/IMG_2177.jpg?fit=1000%2C667&ssl=1&resize=700%2C400 2x"},"classes":[]},{"id":5868,"url":"https:\/\/lingerieuniverse.dk\/vare\/bh-pakke-blomster-print-powernet-med-hvid-straek-blonde-og-hvid-tilbehoer\/","url_meta":{"origin":4860,"position":5},"title":"&#8220;Rose Mist&#8221; Bh Kit i Powernet","author":"Admin","date":"20. November 2024","format":false,"excerpt":"Et romantisk BH-kit i bl\u00f8dt powernet med gr\u00e5t og rosa blomsterprint. Den hvide str\u00e6kblonde tilf\u00f8rer et let og feminint udtryk, perfekt til et klassisk og elegant lingeries\u00e6t.Med matchende hvidt tilbeh\u00f8r.","rel":"","context":"Similar post","block_context":{"text":"Similar post","link":""},"img":{"alt_text":"","src":"https:\/\/i0.wp.com\/lingerieuniverse.dk\/wp-content\/uploads\/2024\/11\/PBH-0081.jpg?fit=1000%2C667&ssl=1&resize=350%2C200","width":350,"height":200,"srcset":"https:\/\/i0.wp.com\/lingerieuniverse.dk\/wp-content\/uploads\/2024\/11\/PBH-0081.jpg?fit=1000%2C667&ssl=1&resize=350%2C200 1x, https:\/\/i0.wp.com\/lingerieuniverse.dk\/wp-content\/uploads\/2024\/11\/PBH-0081.jpg?fit=1000%2C667&ssl=1&resize=525%2C300 1.5x, https:\/\/i0.wp.com\/lingerieuniverse.dk\/wp-content\/uploads\/2024\/11\/PBH-0081.jpg?fit=1000%2C667&ssl=1&resize=700%2C400 2x"},"classes":[]}],"jetpack_sharing_enabled":true,"_links":{"self":[{"href":"https:\/\/lingerieuniverse.dk\/en\/wp-json\/wp\/v2\/product\/4860","targetHints":{"allow":["GET"]}}],"collection":[{"href":"https:\/\/lingerieuniverse.dk\/en\/wp-json\/wp\/v2\/product"}],"about":[{"href":"https:\/\/lingerieuniverse.dk\/en\/wp-json\/wp\/v2\/types\/product"}],"wp:featuredmedia":[{"embeddable":true,"href":"https:\/\/lingerieuniverse.dk\/en\/wp-json\/wp\/v2\/media\/3772"}],"wp:attachment":[{"href":"https:\/\/lingerieuniverse.dk\/en\/wp-json\/wp\/v2\/media?parent=4860"}],"wp:term":[{"taxonomy":"product_brand","embeddable":true,"href":"https:\/\/lingerieuniverse.dk\/en\/wp-json\/wp\/v2\/product_brand?post=4860"},{"taxonomy":"product_cat","embeddable":true,"href":"https:\/\/lingerieuniverse.dk\/en\/wp-json\/wp\/v2\/product_cat?post=4860"},{"taxonomy":"product_tag","embeddable":true,"href":"https:\/\/lingerieuniverse.dk\/en\/wp-json\/wp\/v2\/product_tag?post=4860"}],"curies":[{"name":"wp","href":"https:\/\/api.w.org\/{rel}","templated":true}]}}