{"id":5162,"date":"2024-07-29T12:50:10","date_gmt":"2024-07-29T10:50:10","guid":{"rendered":"https:\/\/lingerieuniverse.dk\/?post_type=product&#038;p=5162"},"modified":"2024-07-31T11:02:35","modified_gmt":"2024-07-31T09:02:35","slug":"pink-21-cm","status":"publish","type":"product","link":"https:\/\/lingerieuniverse.dk\/en\/vare\/pink-21-cm\/","title":{"rendered":"Pink 21 cm"},"content":{"rendered":"","protected":false},"excerpt":{"rendered":"","protected":false},"featured_media":5076,"template":"","meta":{"_monsterinsights_skip_tracking":false,"_monsterinsights_sitenote_active":false,"_monsterinsights_sitenote_note":"","_monsterinsights_sitenote_category":0,"neve_meta_sidebar":"","neve_meta_container":"","neve_meta_enable_content_width":"off","neve_meta_content_width":100,"neve_meta_title_alignment":"","neve_meta_author_avatar":"","neve_post_elements_order":"","neve_meta_disable_header":"","neve_meta_disable_footer":"","neve_meta_disable_title":"","jetpack_publicize_message":"","jetpack_publicize_feature_enabled":true,"jetpack_social_post_already_shared":false,"jetpack_social_options":{"image_generator_settings":{"template":"highway","default_image_id":0,"font":"","enabled":false},"version":2}},"product_brand":[],"product_cat":[150,152],"product_tag":[],"class_list":{"0":"post-5162","1":"product","2":"type-product","3":"status-publish","4":"has-post-thumbnail","6":"product_cat-laces-en","7":"product_cat-stretch-lace-en","9":"first","10":"instock","11":"taxable","12":"shipping-taxable","13":"purchasable","14":"product-type-simple"},"aioseo_notices":[],"jetpack_publicize_connections":[],"jetpack-related-posts":[{"id":5074,"url":"https:\/\/lingerieuniverse.dk\/vare\/lyseroed-21-cm\/","url_meta":{"origin":5162,"position":0},"title":"Lyser\u00f8d 21 cm","author":"Admin","date":"29. July 2024","format":false,"excerpt":"","rel":"","context":"Similar post","block_context":{"text":"Similar post","link":""},"img":{"alt_text":"","src":"https:\/\/i0.wp.com\/lingerieuniverse.dk\/wp-content\/uploads\/2024\/07\/IMG_1232.jpg?fit=1000%2C667&ssl=1&resize=350%2C200","width":350,"height":200,"srcset":"https:\/\/i0.wp.com\/lingerieuniverse.dk\/wp-content\/uploads\/2024\/07\/IMG_1232.jpg?fit=1000%2C667&ssl=1&resize=350%2C200 1x, https:\/\/i0.wp.com\/lingerieuniverse.dk\/wp-content\/uploads\/2024\/07\/IMG_1232.jpg?fit=1000%2C667&ssl=1&resize=525%2C300 1.5x, https:\/\/i0.wp.com\/lingerieuniverse.dk\/wp-content\/uploads\/2024\/07\/IMG_1232.jpg?fit=1000%2C667&ssl=1&resize=700%2C400 2x"},"classes":[]},{"id":5086,"url":"https:\/\/lingerieuniverse.dk\/vare\/graalilla-og-eccru-21-cm\/","url_meta":{"origin":5162,"position":1},"title":"Gr\u00e5lilla og Eccru 21 cm","author":"Admin","date":"31. July 2024","format":false,"excerpt":"","rel":"","context":"Similar post","block_context":{"text":"Similar post","link":""},"img":{"alt_text":"","src":"https:\/\/i0.wp.com\/lingerieuniverse.dk\/wp-content\/uploads\/2024\/07\/IMG_1237.jpg?fit=1000%2C667&ssl=1&resize=350%2C200","width":350,"height":200,"srcset":"https:\/\/i0.wp.com\/lingerieuniverse.dk\/wp-content\/uploads\/2024\/07\/IMG_1237.jpg?fit=1000%2C667&ssl=1&resize=350%2C200 1x, https:\/\/i0.wp.com\/lingerieuniverse.dk\/wp-content\/uploads\/2024\/07\/IMG_1237.jpg?fit=1000%2C667&ssl=1&resize=525%2C300 1.5x, https:\/\/i0.wp.com\/lingerieuniverse.dk\/wp-content\/uploads\/2024\/07\/IMG_1237.jpg?fit=1000%2C667&ssl=1&resize=700%2C400 2x"},"classes":[]},{"id":5158,"url":"https:\/\/lingerieuniverse.dk\/en\/vare\/grey-purple-and-eccru-21-cm\/","url_meta":{"origin":5162,"position":2},"title":"Grey-purple and Eccru 21 cm","author":"Admin","date":"31. July 2024","format":false,"excerpt":"","rel":"","context":"Similar post","block_context":{"text":"Similar post","link":""},"img":{"alt_text":"","src":"https:\/\/i0.wp.com\/lingerieuniverse.dk\/wp-content\/uploads\/2024\/07\/IMG_1237.jpg?fit=1000%2C667&ssl=1&resize=350%2C200","width":350,"height":200,"srcset":"https:\/\/i0.wp.com\/lingerieuniverse.dk\/wp-content\/uploads\/2024\/07\/IMG_1237.jpg?fit=1000%2C667&ssl=1&resize=350%2C200 1x, https:\/\/i0.wp.com\/lingerieuniverse.dk\/wp-content\/uploads\/2024\/07\/IMG_1237.jpg?fit=1000%2C667&ssl=1&resize=525%2C300 1.5x, https:\/\/i0.wp.com\/lingerieuniverse.dk\/wp-content\/uploads\/2024\/07\/IMG_1237.jpg?fit=1000%2C667&ssl=1&resize=700%2C400 2x"},"classes":[]},{"id":7631,"url":"https:\/\/lingerieuniverse.dk\/vare\/lys-lilla-21-cm\/","url_meta":{"origin":5162,"position":3},"title":"&#8220;Silver Elegance Blonde&#8221; Lys Lilla 21 cm","author":"Admin","date":"17. January 2025","format":false,"excerpt":"L\u00f8ft dine syprojekter med vores S\u00f8lv elegance blonde. Dens bl\u00f8de lysgr\u00e5 nuance og lette elasticitet g\u00f8r den til et perfekt valg til at skabe luksuri\u00f8st lingeri, elegante accessories eller fine detaljer. Med en bredde p\u00e5 21 cm er den b\u00e5de alsidig og i\u00f8jnefaldende\u2014designet til at tilf\u00f8re et raffineret pr\u00e6g til\u2026","rel":"","context":"Similar post","block_context":{"text":"Similar post","link":""},"img":{"alt_text":"","src":"https:\/\/i0.wp.com\/lingerieuniverse.dk\/wp-content\/uploads\/2025\/01\/IMG_1579.jpg?fit=1000%2C667&ssl=1&resize=350%2C200","width":350,"height":200,"srcset":"https:\/\/i0.wp.com\/lingerieuniverse.dk\/wp-content\/uploads\/2025\/01\/IMG_1579.jpg?fit=1000%2C667&ssl=1&resize=350%2C200 1x, https:\/\/i0.wp.com\/lingerieuniverse.dk\/wp-content\/uploads\/2025\/01\/IMG_1579.jpg?fit=1000%2C667&ssl=1&resize=525%2C300 1.5x, https:\/\/i0.wp.com\/lingerieuniverse.dk\/wp-content\/uploads\/2025\/01\/IMG_1579.jpg?fit=1000%2C667&ssl=1&resize=700%2C400 2x"},"classes":[]},{"id":9834,"url":"https:\/\/lingerieuniverse.dk\/en\/vare\/rose-geometry-stretch-lace-21-cm\/","url_meta":{"origin":5162,"position":4},"title":"&#8220;Rose Geometry&#8221; Stretch Lace \u2013 21 cm","author":"Admin","date":"13. January 2026","format":false,"excerpt":"Denne 21 cm brede str\u00e6kblonde i bl\u00f8d rosa kombinerer et grafisk blomster\u00adm\u00f8nster med et let, moderne udtryk, der positionerer sig klart mellem klassisk romantik og nutidigt design. Det gentagne, strukturerede m\u00f8nster skaber et rent og professionelt look med tydelig visuel rytme. Bredden p\u00e5 21 cm g\u00f8r blonden s\u00e6rligt velegnet til\u2026","rel":"","context":"Similar post","block_context":{"text":"Similar post","link":""},"img":{"alt_text":"","src":"https:\/\/i0.wp.com\/lingerieuniverse.dk\/wp-content\/uploads\/2026\/01\/IMG_2012.jpg?fit=1000%2C667&ssl=1&resize=350%2C200","width":350,"height":200,"srcset":"https:\/\/i0.wp.com\/lingerieuniverse.dk\/wp-content\/uploads\/2026\/01\/IMG_2012.jpg?fit=1000%2C667&ssl=1&resize=350%2C200 1x, https:\/\/i0.wp.com\/lingerieuniverse.dk\/wp-content\/uploads\/2026\/01\/IMG_2012.jpg?fit=1000%2C667&ssl=1&resize=525%2C300 1.5x, https:\/\/i0.wp.com\/lingerieuniverse.dk\/wp-content\/uploads\/2026\/01\/IMG_2012.jpg?fit=1000%2C667&ssl=1&resize=700%2C400 2x"},"classes":[]},{"id":6610,"url":"https:\/\/lingerieuniverse.dk\/en\/vare\/petrol-blue-21-cm\/","url_meta":{"origin":5162,"position":5},"title":"&#8220;Deep Ocean Lace&#8221; Petroleum Blue 21 cm","author":"Admin","date":"2. January 2025","format":false,"excerpt":"Dive into sophistication with our Deep Ocean Lace. Its rich petroleum blue hue and intricate design make it perfect for crafting luxurious lingerie, stylish accessories, or elegant decorative accents. Measuring 21 cm in width, this lace brings a touch of timeless beauty and versatility to your creations.","rel":"","context":"Similar post","block_context":{"text":"Similar post","link":""},"img":{"alt_text":"","src":"https:\/\/i0.wp.com\/lingerieuniverse.dk\/wp-content\/uploads\/2025\/01\/178.jpg?fit=1000%2C667&ssl=1&resize=350%2C200","width":350,"height":200,"srcset":"https:\/\/i0.wp.com\/lingerieuniverse.dk\/wp-content\/uploads\/2025\/01\/178.jpg?fit=1000%2C667&ssl=1&resize=350%2C200 1x, https:\/\/i0.wp.com\/lingerieuniverse.dk\/wp-content\/uploads\/2025\/01\/178.jpg?fit=1000%2C667&ssl=1&resize=525%2C300 1.5x, https:\/\/i0.wp.com\/lingerieuniverse.dk\/wp-content\/uploads\/2025\/01\/178.jpg?fit=1000%2C667&ssl=1&resize=700%2C400 2x"},"classes":[]}],"jetpack_sharing_enabled":true,"_links":{"self":[{"href":"https:\/\/lingerieuniverse.dk\/en\/wp-json\/wp\/v2\/product\/5162","targetHints":{"allow":["GET"]}}],"collection":[{"href":"https:\/\/lingerieuniverse.dk\/en\/wp-json\/wp\/v2\/product"}],"about":[{"href":"https:\/\/lingerieuniverse.dk\/en\/wp-json\/wp\/v2\/types\/product"}],"wp:featuredmedia":[{"embeddable":true,"href":"https:\/\/lingerieuniverse.dk\/en\/wp-json\/wp\/v2\/media\/5076"}],"wp:attachment":[{"href":"https:\/\/lingerieuniverse.dk\/en\/wp-json\/wp\/v2\/media?parent=5162"}],"wp:term":[{"taxonomy":"product_brand","embeddable":true,"href":"https:\/\/lingerieuniverse.dk\/en\/wp-json\/wp\/v2\/product_brand?post=5162"},{"taxonomy":"product_cat","embeddable":true,"href":"https:\/\/lingerieuniverse.dk\/en\/wp-json\/wp\/v2\/product_cat?post=5162"},{"taxonomy":"product_tag","embeddable":true,"href":"https:\/\/lingerieuniverse.dk\/en\/wp-json\/wp\/v2\/product_tag?post=5162"}],"curies":[{"name":"wp","href":"https:\/\/api.w.org\/{rel}","templated":true}]}}