{"id":5169,"date":"2024-07-31T11:15:46","date_gmt":"2024-07-31T09:15:46","guid":{"rendered":"https:\/\/lingerieuniverse.dk\/?post_type=product&#038;p=5169"},"modified":"2024-07-31T11:15:46","modified_gmt":"2024-07-31T09:15:46","slug":"red-25-cm-35-cm","status":"publish","type":"product","link":"https:\/\/lingerieuniverse.dk\/en\/vare\/red-25-cm-35-cm\/","title":{"rendered":"Red 2,5 cm\/3,5 cm"},"content":{"rendered":"","protected":false},"excerpt":{"rendered":"","protected":false},"featured_media":5064,"template":"","meta":{"_monsterinsights_skip_tracking":false,"_monsterinsights_sitenote_active":false,"_monsterinsights_sitenote_note":"","_monsterinsights_sitenote_category":0,"neve_meta_sidebar":"","neve_meta_container":"","neve_meta_enable_content_width":"off","neve_meta_content_width":100,"neve_meta_title_alignment":"","neve_meta_author_avatar":"","neve_post_elements_order":"","neve_meta_disable_header":"","neve_meta_disable_footer":"","neve_meta_disable_title":"","jetpack_publicize_message":"","jetpack_publicize_feature_enabled":true,"jetpack_social_post_already_shared":false,"jetpack_social_options":{"image_generator_settings":{"template":"highway","default_image_id":0,"font":"","enabled":false},"version":2}},"product_brand":[],"product_cat":[150,152],"product_tag":[],"class_list":{"0":"post-5169","1":"product","2":"type-product","3":"status-publish","4":"has-post-thumbnail","6":"product_cat-laces-en","7":"product_cat-stretch-lace-en","9":"first","10":"instock","11":"taxable","12":"shipping-taxable","13":"purchasable","14":"product-type-simple"},"aioseo_notices":[],"jetpack_publicize_connections":[],"jetpack-related-posts":[{"id":5062,"url":"https:\/\/lingerieuniverse.dk\/vare\/roed-25-cm-35-cm\/","url_meta":{"origin":5169,"position":0},"title":"R\u00f8d 2,5 cm\/3,5 cm","author":"Admin","date":"31. July 2024","format":false,"excerpt":"","rel":"","context":"Similar post","block_context":{"text":"Similar post","link":""},"img":{"alt_text":"","src":"https:\/\/i0.wp.com\/lingerieuniverse.dk\/wp-content\/uploads\/2024\/07\/IMG_1228.jpg?fit=1000%2C667&ssl=1&resize=350%2C200","width":350,"height":200,"srcset":"https:\/\/i0.wp.com\/lingerieuniverse.dk\/wp-content\/uploads\/2024\/07\/IMG_1228.jpg?fit=1000%2C667&ssl=1&resize=350%2C200 1x, https:\/\/i0.wp.com\/lingerieuniverse.dk\/wp-content\/uploads\/2024\/07\/IMG_1228.jpg?fit=1000%2C667&ssl=1&resize=525%2C300 1.5x, https:\/\/i0.wp.com\/lingerieuniverse.dk\/wp-content\/uploads\/2024\/07\/IMG_1228.jpg?fit=1000%2C667&ssl=1&resize=700%2C400 2x"},"classes":[]},{"id":5200,"url":"https:\/\/lingerieuniverse.dk\/en\/vare\/black-25-35-cm\/","url_meta":{"origin":5169,"position":1},"title":"Black 2,5\/3,5 cm","author":"Admin","date":"5. August 2024","format":false,"excerpt":"NOTE: The price is for 10 cm.","rel":"","context":"Similar post","block_context":{"text":"Similar post","link":""},"img":{"alt_text":"","src":"https:\/\/i0.wp.com\/lingerieuniverse.dk\/wp-content\/uploads\/2024\/08\/BLE-0147.jpg?fit=1000%2C667&ssl=1&resize=350%2C200","width":350,"height":200,"srcset":"https:\/\/i0.wp.com\/lingerieuniverse.dk\/wp-content\/uploads\/2024\/08\/BLE-0147.jpg?fit=1000%2C667&ssl=1&resize=350%2C200 1x, https:\/\/i0.wp.com\/lingerieuniverse.dk\/wp-content\/uploads\/2024\/08\/BLE-0147.jpg?fit=1000%2C667&ssl=1&resize=525%2C300 1.5x, https:\/\/i0.wp.com\/lingerieuniverse.dk\/wp-content\/uploads\/2024\/08\/BLE-0147.jpg?fit=1000%2C667&ssl=1&resize=700%2C400 2x"},"classes":[]},{"id":9411,"url":"https:\/\/lingerieuniverse.dk\/en\/vare\/silver-leopard-taljeelastik-35-cm\/","url_meta":{"origin":5169,"position":2},"title":"Silver Leopard Taljeelastik \u2013 3,5 cm","author":"Admin","date":"31. October 2025","format":false,"excerpt":"En glamor\u00f8s 3,5 cm bred taljeelastik med leopardm\u00f8nster i sort og s\u00f8lvglimmer. Den kombinerer det vilde dyreprint med en sofistikeret glittereffekt, som g\u00f8r den perfekt til lingeri, festt\u00f8j eller accessories, der skal have et eksklusivt og i\u00f8jnefaldende look. Bredde: 3,5 cm S\u00e6lges i intervaller af 10 cm Elastisk og bl\u00f8d\u2026","rel":"","context":"Similar post","block_context":{"text":"Similar post","link":""},"img":{"alt_text":"","src":"https:\/\/i0.wp.com\/lingerieuniverse.dk\/wp-content\/uploads\/2025\/09\/IMG_1862.jpg?fit=1000%2C667&ssl=1&resize=350%2C200","width":350,"height":200,"srcset":"https:\/\/i0.wp.com\/lingerieuniverse.dk\/wp-content\/uploads\/2025\/09\/IMG_1862.jpg?fit=1000%2C667&ssl=1&resize=350%2C200 1x, https:\/\/i0.wp.com\/lingerieuniverse.dk\/wp-content\/uploads\/2025\/09\/IMG_1862.jpg?fit=1000%2C667&ssl=1&resize=525%2C300 1.5x, https:\/\/i0.wp.com\/lingerieuniverse.dk\/wp-content\/uploads\/2025\/09\/IMG_1862.jpg?fit=1000%2C667&ssl=1&resize=700%2C400 2x"},"classes":[]},{"id":9418,"url":"https:\/\/lingerieuniverse.dk\/en\/vare\/forest-camo-taljeelastik-25-cm\/","url_meta":{"origin":5169,"position":3},"title":"Forest Camo Taljeelastik \u2013 2,5 cm","author":"Admin","date":"31. October 2025","format":false,"excerpt":"En 2,5 cm bred taljeelastik i klassisk camouflageprint med gr\u00f8nne og sorte nuancer. Den giver et r\u00e5t og sporty look, perfekt til projekter som lingeri med kant, sportst\u00f8j, b\u00f8rnet\u00f8j eller accessories, hvor du \u00f8nsker et milit\u00e6rinspireret design. Bredde: 2,5 cm S\u00e6lges i intervaller af 10 cm St\u00e6rk, fleksibel og komfortabel\u2026","rel":"","context":"Similar post","block_context":{"text":"Similar post","link":""},"img":{"alt_text":"","src":"https:\/\/i0.wp.com\/lingerieuniverse.dk\/wp-content\/uploads\/2025\/09\/IMG_1865.jpg?fit=1000%2C667&ssl=1&resize=350%2C200","width":350,"height":200,"srcset":"https:\/\/i0.wp.com\/lingerieuniverse.dk\/wp-content\/uploads\/2025\/09\/IMG_1865.jpg?fit=1000%2C667&ssl=1&resize=350%2C200 1x, https:\/\/i0.wp.com\/lingerieuniverse.dk\/wp-content\/uploads\/2025\/09\/IMG_1865.jpg?fit=1000%2C667&ssl=1&resize=525%2C300 1.5x, https:\/\/i0.wp.com\/lingerieuniverse.dk\/wp-content\/uploads\/2025\/09\/IMG_1865.jpg?fit=1000%2C667&ssl=1&resize=700%2C400 2x"},"classes":[]},{"id":9393,"url":"https:\/\/lingerieuniverse.dk\/en\/vare\/pink-panther-taljeelastik-25-cm\/","url_meta":{"origin":5169,"position":4},"title":"Pink Panther Taljeelastik \u2013 2,5 cm","author":"Admin","date":"31. October 2025","format":false,"excerpt":"En 2,5 cm bred taljeelastik med et vildt leopardm\u00f8nster i hot pink og sort \u2013 perfekt til dig, der vil skabe syprojekter med attitude og masser af energi. Den er b\u00e5de sjov og edgy og egner sig godt til lingeri, trusser, sportst\u00f8j eller accessories, der skal skille sig ud. Bredde:\u2026","rel":"","context":"Similar post","block_context":{"text":"Similar post","link":""},"img":{"alt_text":"","src":"https:\/\/i0.wp.com\/lingerieuniverse.dk\/wp-content\/uploads\/2025\/09\/IMG_1856.jpg?fit=1000%2C667&ssl=1&resize=350%2C200","width":350,"height":200,"srcset":"https:\/\/i0.wp.com\/lingerieuniverse.dk\/wp-content\/uploads\/2025\/09\/IMG_1856.jpg?fit=1000%2C667&ssl=1&resize=350%2C200 1x, https:\/\/i0.wp.com\/lingerieuniverse.dk\/wp-content\/uploads\/2025\/09\/IMG_1856.jpg?fit=1000%2C667&ssl=1&resize=525%2C300 1.5x, https:\/\/i0.wp.com\/lingerieuniverse.dk\/wp-content\/uploads\/2025\/09\/IMG_1856.jpg?fit=1000%2C667&ssl=1&resize=700%2C400 2x"},"classes":[]},{"id":9326,"url":"https:\/\/lingerieuniverse.dk\/en\/vare\/blomstereng-taljeelastik-25-cm\/","url_meta":{"origin":5169,"position":5},"title":"Blomstereng Taljeelastik \u2013 2,5 cm","author":"Admin","date":"31. October 2025","format":false,"excerpt":"Bring lidt farverig charme ind i dine syprojekter med denne sk\u00f8nne taljeelastik. Den er 2,5 cm bred og dekoreret med sm\u00e5 blomster i bl\u00e5 og r\u00f8d, som giver et legende og feminint udtryk. Perfekt til at give liv til dine hjemmelavede trusser, leggings, nederdele eller b\u00f8rnet\u00f8j. Bredde: 2,5 cm S\u00e6lges\u2026","rel":"","context":"Similar post","block_context":{"text":"Similar post","link":""},"img":{"alt_text":"","src":"https:\/\/i0.wp.com\/lingerieuniverse.dk\/wp-content\/uploads\/2025\/09\/IMG_1835.jpg?fit=1000%2C667&ssl=1&resize=350%2C200","width":350,"height":200,"srcset":"https:\/\/i0.wp.com\/lingerieuniverse.dk\/wp-content\/uploads\/2025\/09\/IMG_1835.jpg?fit=1000%2C667&ssl=1&resize=350%2C200 1x, https:\/\/i0.wp.com\/lingerieuniverse.dk\/wp-content\/uploads\/2025\/09\/IMG_1835.jpg?fit=1000%2C667&ssl=1&resize=525%2C300 1.5x, https:\/\/i0.wp.com\/lingerieuniverse.dk\/wp-content\/uploads\/2025\/09\/IMG_1835.jpg?fit=1000%2C667&ssl=1&resize=700%2C400 2x"},"classes":[]}],"jetpack_sharing_enabled":true,"_links":{"self":[{"href":"https:\/\/lingerieuniverse.dk\/en\/wp-json\/wp\/v2\/product\/5169","targetHints":{"allow":["GET"]}}],"collection":[{"href":"https:\/\/lingerieuniverse.dk\/en\/wp-json\/wp\/v2\/product"}],"about":[{"href":"https:\/\/lingerieuniverse.dk\/en\/wp-json\/wp\/v2\/types\/product"}],"wp:featuredmedia":[{"embeddable":true,"href":"https:\/\/lingerieuniverse.dk\/en\/wp-json\/wp\/v2\/media\/5064"}],"wp:attachment":[{"href":"https:\/\/lingerieuniverse.dk\/en\/wp-json\/wp\/v2\/media?parent=5169"}],"wp:term":[{"taxonomy":"product_brand","embeddable":true,"href":"https:\/\/lingerieuniverse.dk\/en\/wp-json\/wp\/v2\/product_brand?post=5169"},{"taxonomy":"product_cat","embeddable":true,"href":"https:\/\/lingerieuniverse.dk\/en\/wp-json\/wp\/v2\/product_cat?post=5169"},{"taxonomy":"product_tag","embeddable":true,"href":"https:\/\/lingerieuniverse.dk\/en\/wp-json\/wp\/v2\/product_tag?post=5169"}],"curies":[{"name":"wp","href":"https:\/\/api.w.org\/{rel}","templated":true}]}}