{"id":8850,"date":"2025-07-18T14:05:51","date_gmt":"2025-07-18T12:05:51","guid":{"rendered":"https:\/\/lingerieuniverse.dk\/?post_type=product&#038;p=8850"},"modified":"2025-07-18T14:05:51","modified_gmt":"2025-07-18T12:05:51","slug":"urban-wild-mikrofiber-dyreprint-i-graa-og-rosa","status":"publish","type":"product","link":"https:\/\/lingerieuniverse.dk\/en\/vare\/urban-wild-mikrofiber-dyreprint-i-graa-og-rosa\/","title":{"rendered":"Urban Wild Mikrofiber \u2013 Dyreprint i Gr\u00e5 og Rosa"},"content":{"rendered":"<p data-start=\"1211\" data-end=\"1485\">Slip din vilde side l\u00f8s med vores <strong data-start=\"1284\" data-end=\"1309\">Urban Wild mikrofiber<\/strong> \u2013 et moderne og edgy dyreprint i nuancer af gr\u00e5, sort og rosa. Perfekt til dig, der vil tilf\u00f8je et r\u00e5t og stilfuldt udtryk til lingeri, sportst\u00f8j eller som i\u00f8jnefaldende foer.<\/p>\n<p data-start=\"1487\" data-end=\"1708\">Stoffet er let, bl\u00f8dt og har en behagelig stretch, der f\u00f8les dejlig mod huden og er nemt at arbejde med.<br data-start=\"1591\" data-end=\"1594\" \/><strong data-start=\"1594\" data-end=\"1629\">Bredde: 140 cm<\/strong><br data-start=\"1629\" data-end=\"1632\" \/><strong data-start=\"1632\" data-end=\"1708\">S\u00e6lges i 10 cm intervaller (f.eks. antal 5 = 50 cm, antal 10 = 1 meter).<\/strong><\/p>\n<ul data-start=\"1710\" data-end=\"1933\">\n<li data-start=\"1710\" data-end=\"1747\">\n<p data-start=\"1712\" data-end=\"1747\"><strong data-start=\"1712\" data-end=\"1725\">Materiale<\/strong>: Stretch mikrofiber<\/p>\n<\/li>\n<li data-start=\"1748\" data-end=\"1792\">\n<p data-start=\"1750\" data-end=\"1792\"><strong data-start=\"1750\" data-end=\"1759\">Farve<\/strong>: Dyreprint i gr\u00e5, sort og rosa<\/p>\n<\/li>\n<li data-start=\"1793\" data-end=\"1869\">\n<p data-start=\"1795\" data-end=\"1869\"><strong data-start=\"1795\" data-end=\"1810\">Perfekt til<\/strong>: Lingeri, trusser, braletter, foer eller sporty detaljer<\/p>\n<\/li>\n<li data-start=\"1870\" data-end=\"1933\">\n<p data-start=\"1872\" data-end=\"1933\"><strong data-start=\"1872\" data-end=\"1890\">Vaskeanvisning<\/strong>: Maskinvask ved 30\u00b0C, m\u00e5 ikke t\u00f8rretumbles<\/p>\n<\/li>\n<\/ul>\n<p data-start=\"1935\" data-end=\"1995\">Giv dine syprojekter et vildt, selvsikkert og urbant udtryk!<\/p>\n","protected":false},"excerpt":{"rendered":"<p data-start=\"1211\" data-end=\"1485\">Slip din vilde side l\u00f8s med vores <strong data-start=\"1284\" data-end=\"1309\">Urban Wild mikrofiber<\/strong> \u2013 et moderne og edgy dyreprint i nuancer af gr\u00e5, sort og rosa. Perfekt til dig, der vil tilf\u00f8je et r\u00e5t og stilfuldt udtryk til lingeri, sportst\u00f8j eller som i\u00f8jnefaldende foer.<\/p>\n<p data-start=\"1487\" data-end=\"1708\">Stoffet er let, bl\u00f8dt og har en behagelig stretch, der f\u00f8les dejlig mod huden og er nemt at arbejde med.<br data-start=\"1591\" data-end=\"1594\" \/><strong data-start=\"1594\" data-end=\"1629\">Bredde: 140 cm<\/strong><br data-start=\"1629\" data-end=\"1632\" \/><strong data-start=\"1632\" data-end=\"1708\">S\u00e6lges i 10 cm intervaller (f.eks. antal 5 = 50 cm, antal 10 = 1 meter).<\/strong><\/p>\n<ul data-start=\"1710\" data-end=\"1933\">\n<li data-start=\"1710\" data-end=\"1747\">\n<p data-start=\"1712\" data-end=\"1747\"><strong data-start=\"1712\" data-end=\"1725\">Materiale<\/strong>: Stretch mikrofiber<\/p>\n<\/li>\n<li data-start=\"1748\" data-end=\"1792\">\n<p data-start=\"1750\" data-end=\"1792\"><strong data-start=\"1750\" data-end=\"1759\">Farve<\/strong>: Dyreprint i gr\u00e5, sort og rosa<\/p>\n<\/li>\n<li data-start=\"1793\" data-end=\"1869\">\n<p data-start=\"1795\" data-end=\"1869\"><strong data-start=\"1795\" data-end=\"1810\">Perfekt til<\/strong>: Lingeri, trusser, braletter, foer eller sporty detaljer<\/p>\n<\/li>\n<li data-start=\"1870\" data-end=\"1933\">\n<p data-start=\"1872\" data-end=\"1933\"><strong data-start=\"1872\" data-end=\"1890\">Vaskeanvisning<\/strong>: Maskinvask ved 30\u00b0C, m\u00e5 ikke t\u00f8rretumbles<\/p>\n<\/li>\n<\/ul>\n<p data-start=\"1935\" data-end=\"1995\">Giv dine syprojekter et vildt, selvsikkert og urbant udtryk!<\/p>\n","protected":false},"featured_media":8851,"template":"","meta":{"_monsterinsights_skip_tracking":false,"_monsterinsights_sitenote_active":false,"_monsterinsights_sitenote_note":"","_monsterinsights_sitenote_category":0,"neve_meta_sidebar":"","neve_meta_container":"","neve_meta_enable_content_width":"off","neve_meta_content_width":100,"neve_meta_title_alignment":"","neve_meta_author_avatar":"","neve_post_elements_order":"","neve_meta_disable_header":"","neve_meta_disable_footer":"","neve_meta_disable_title":"","jetpack_publicize_message":"","jetpack_publicize_feature_enabled":true,"jetpack_social_post_already_shared":true,"jetpack_social_options":{"image_generator_settings":{"template":"highway","default_image_id":0,"font":"","enabled":false},"version":2}},"product_brand":[],"product_cat":[82,17],"product_tag":[],"class_list":{"0":"post-8850","1":"product","2":"type-product","3":"status-publish","4":"has-post-thumbnail","6":"product_cat-microfiber","7":"product_cat-stof","9":"first","10":"instock","11":"taxable","12":"shipping-taxable","13":"purchasable","14":"product-type-simple"},"aioseo_notices":[],"jetpack_publicize_connections":[],"jetpack-related-posts":[{"id":8887,"url":"https:\/\/lingerieuniverse.dk\/en\/vare\/dusty-wild-fransk-mikrofiber-elegant-dyreprint-i-stoevede-toner\/","url_meta":{"origin":8850,"position":0},"title":"Dusty Wild Fransk Mikrofiber \u2013 Elegant Dyreprint i St\u00f8vede Toner","author":"Admin","date":"18. July 2025","format":false,"excerpt":"Til dig der \u00f8nsker lidt kant i bl\u00f8de, neutrale farver \u2013 Dusty Wild fransk mikrofiber kombinerer leopard-, slange- og abstrakte m\u00f8nstre i st\u00f8vede gr\u00e5 brunlige nuancer p\u00e5 en lys bund. Et afd\u00e6mpet men stilfuldt valg til lingeri, foer eller loungestyles med attitude. Stoffet er let, glat og har en behagelig\u2026","rel":"","context":"Similar post","block_context":{"text":"Similar post","link":""},"img":{"alt_text":"","src":"https:\/\/i0.wp.com\/lingerieuniverse.dk\/wp-content\/uploads\/2025\/07\/IMG_1647.jpg?fit=1000%2C667&ssl=1&resize=350%2C200","width":350,"height":200,"srcset":"https:\/\/i0.wp.com\/lingerieuniverse.dk\/wp-content\/uploads\/2025\/07\/IMG_1647.jpg?fit=1000%2C667&ssl=1&resize=350%2C200 1x, https:\/\/i0.wp.com\/lingerieuniverse.dk\/wp-content\/uploads\/2025\/07\/IMG_1647.jpg?fit=1000%2C667&ssl=1&resize=525%2C300 1.5x, https:\/\/i0.wp.com\/lingerieuniverse.dk\/wp-content\/uploads\/2025\/07\/IMG_1647.jpg?fit=1000%2C667&ssl=1&resize=700%2C400 2x"},"classes":[]},{"id":8847,"url":"https:\/\/lingerieuniverse.dk\/vare\/fuchsia-blomsterdroem-microfiber\/","url_meta":{"origin":8850,"position":1},"title":"Fuchsia Blomsterdr\u00f8m Microfiber","author":"Admin","date":"18. July 2025","format":false,"excerpt":"Lad dit n\u00e6ste syprojekt blomstre med energi og farve med vores Rose Rush mikrofiber. Stoffet har en livlig fuchsia baggrund d\u00e6kket af fine rosen- og bladm\u00f8nstre, fremh\u00e6vet med lilla skygger, der giver blomsterne et n\u00e6sten 3D-lignende udtryk. Det er et feminint og legende design \u2013 perfekt til lingeri, nat- og\u2026","rel":"","context":"Similar post","block_context":{"text":"Similar post","link":""},"img":{"alt_text":"","src":"https:\/\/i0.wp.com\/lingerieuniverse.dk\/wp-content\/uploads\/2025\/07\/IMG_1624.jpg?fit=1000%2C667&ssl=1&resize=350%2C200","width":350,"height":200,"srcset":"https:\/\/i0.wp.com\/lingerieuniverse.dk\/wp-content\/uploads\/2025\/07\/IMG_1624.jpg?fit=1000%2C667&ssl=1&resize=350%2C200 1x, https:\/\/i0.wp.com\/lingerieuniverse.dk\/wp-content\/uploads\/2025\/07\/IMG_1624.jpg?fit=1000%2C667&ssl=1&resize=525%2C300 1.5x, https:\/\/i0.wp.com\/lingerieuniverse.dk\/wp-content\/uploads\/2025\/07\/IMG_1624.jpg?fit=1000%2C667&ssl=1&resize=700%2C400 2x"},"classes":[]},{"id":9078,"url":"https:\/\/lingerieuniverse.dk\/en\/vare\/wild-rush\/","url_meta":{"origin":8850,"position":2},"title":"Wild Rush","author":"Admin","date":"29. July 2025","format":false,"excerpt":"Dramatisk, r\u00e5t og fyldt med bev\u00e6gelse Dette stof har et vildt og str\u00f8mmende zebra-lignende m\u00f8nster i sorte, hvide og olivengr\u00f8nne toner \u2013 med strejf af brun og gylden nuance. Det dynamiske print giver illusionen af bev\u00e6gelse og energi, mens den glatte og elastiske kvalitet g\u00f8r det oplagt til t\u00e6tsiddende lingeri\u2026","rel":"","context":"Similar post","block_context":{"text":"Similar post","link":""},"img":{"alt_text":"","src":"https:\/\/i0.wp.com\/lingerieuniverse.dk\/wp-content\/uploads\/2025\/07\/IMG_1732.jpg?fit=1000%2C667&ssl=1&resize=350%2C200","width":350,"height":200,"srcset":"https:\/\/i0.wp.com\/lingerieuniverse.dk\/wp-content\/uploads\/2025\/07\/IMG_1732.jpg?fit=1000%2C667&ssl=1&resize=350%2C200 1x, https:\/\/i0.wp.com\/lingerieuniverse.dk\/wp-content\/uploads\/2025\/07\/IMG_1732.jpg?fit=1000%2C667&ssl=1&resize=525%2C300 1.5x, https:\/\/i0.wp.com\/lingerieuniverse.dk\/wp-content\/uploads\/2025\/07\/IMG_1732.jpg?fit=1000%2C667&ssl=1&resize=700%2C400 2x"},"classes":[]},{"id":8873,"url":"https:\/\/lingerieuniverse.dk\/en\/vare\/silky-mist-mikrofiber-koelig-elegance-i-lyseblaa\/","url_meta":{"origin":8850,"position":3},"title":"Silky Mist Mikrofiber \u2013 K\u00f8lig Elegance i Lysebl\u00e5","author":"Admin","date":"18. July 2025","format":false,"excerpt":"Oplev en f\u00f8lelse af luksus med Silky Mist mikrofiber. Dette glatte lysebl\u00e5 stof har en bl\u00f8d, let skinnende overflade og et smukt fald \u2013 perfekt til elegant lingeri, underkjoler, foer og loungewear. Det f\u00f8les utroligt bl\u00f8dt mod huden og har en let stretch, der giver h\u00f8j komfort.Bredde: 160 cmS\u00e6lges i\u2026","rel":"","context":"Similar post","block_context":{"text":"Similar post","link":""},"img":{"alt_text":"","src":"https:\/\/i0.wp.com\/lingerieuniverse.dk\/wp-content\/uploads\/2025\/07\/IMG_1639.jpg?fit=1000%2C667&ssl=1&resize=350%2C200","width":350,"height":200,"srcset":"https:\/\/i0.wp.com\/lingerieuniverse.dk\/wp-content\/uploads\/2025\/07\/IMG_1639.jpg?fit=1000%2C667&ssl=1&resize=350%2C200 1x, https:\/\/i0.wp.com\/lingerieuniverse.dk\/wp-content\/uploads\/2025\/07\/IMG_1639.jpg?fit=1000%2C667&ssl=1&resize=525%2C300 1.5x, https:\/\/i0.wp.com\/lingerieuniverse.dk\/wp-content\/uploads\/2025\/07\/IMG_1639.jpg?fit=1000%2C667&ssl=1&resize=700%2C400 2x"},"classes":[]},{"id":8869,"url":"https:\/\/lingerieuniverse.dk\/en\/vare\/dotty-rosewood-mikrofiber-vintage-prikker-i-dyb-rosa\/","url_meta":{"origin":8850,"position":4},"title":"Dotty Rosewood Mikrofiber \u2013 Vintage Prikker i Dyb Rosa","author":"Admin","date":"18. July 2025","format":false,"excerpt":"Sig hej til Dotty Rosewood mikrofiber \u2013 en klassisk prik med masser af charme. Stoffet har en dyb rosafarvet bund med fine offwhite prikker, hvilket giver et feminint og let retro udtryk, ideelt til lingeri, foer eller smukke basisdele. Det er glat, let str\u00e6kbart og f\u00f8les behageligt mod huden.Bredde:160 cmS\u00e6lges\u2026","rel":"","context":"Similar post","block_context":{"text":"Similar post","link":""},"img":{"alt_text":"","src":"https:\/\/i0.wp.com\/lingerieuniverse.dk\/wp-content\/uploads\/2025\/07\/IMG_1636.jpg?fit=1000%2C667&ssl=1&resize=350%2C200","width":350,"height":200,"srcset":"https:\/\/i0.wp.com\/lingerieuniverse.dk\/wp-content\/uploads\/2025\/07\/IMG_1636.jpg?fit=1000%2C667&ssl=1&resize=350%2C200 1x, https:\/\/i0.wp.com\/lingerieuniverse.dk\/wp-content\/uploads\/2025\/07\/IMG_1636.jpg?fit=1000%2C667&ssl=1&resize=525%2C300 1.5x, https:\/\/i0.wp.com\/lingerieuniverse.dk\/wp-content\/uploads\/2025\/07\/IMG_1636.jpg?fit=1000%2C667&ssl=1&resize=700%2C400 2x"},"classes":[]},{"id":8881,"url":"https:\/\/lingerieuniverse.dk\/en\/vare\/tropical-tweets-mikrofiber-fugle-blomster-paa-citrusgul\/","url_meta":{"origin":8850,"position":5},"title":"Tropical Tweets Mikrofiber \u2013 Fugle &#038; Blomster p\u00e5 Citrusgul","author":"Admin","date":"18. July 2025","format":false,"excerpt":"Giv dine syprojekter et strejf af solskin og fuglesang med Tropical Tweets mikrofiber. Dette glade stof byder p\u00e5 livlige bl\u00e5 og sorte fugle omgivet af blomster i lime, turkis og hvid \u2013 alt sammen p\u00e5 en frisk citrusgul baggrund. Et perfekt valg til farverigt lingeri, foer eller sjovt loungewear. Stoffet\u2026","rel":"","context":"Similar post","block_context":{"text":"Similar post","link":""},"img":{"alt_text":"","src":"https:\/\/i0.wp.com\/lingerieuniverse.dk\/wp-content\/uploads\/2025\/07\/IMG_1643.jpg?fit=1000%2C667&ssl=1&resize=350%2C200","width":350,"height":200,"srcset":"https:\/\/i0.wp.com\/lingerieuniverse.dk\/wp-content\/uploads\/2025\/07\/IMG_1643.jpg?fit=1000%2C667&ssl=1&resize=350%2C200 1x, https:\/\/i0.wp.com\/lingerieuniverse.dk\/wp-content\/uploads\/2025\/07\/IMG_1643.jpg?fit=1000%2C667&ssl=1&resize=525%2C300 1.5x, https:\/\/i0.wp.com\/lingerieuniverse.dk\/wp-content\/uploads\/2025\/07\/IMG_1643.jpg?fit=1000%2C667&ssl=1&resize=700%2C400 2x"},"classes":[]}],"jetpack_sharing_enabled":true,"_links":{"self":[{"href":"https:\/\/lingerieuniverse.dk\/en\/wp-json\/wp\/v2\/product\/8850","targetHints":{"allow":["GET"]}}],"collection":[{"href":"https:\/\/lingerieuniverse.dk\/en\/wp-json\/wp\/v2\/product"}],"about":[{"href":"https:\/\/lingerieuniverse.dk\/en\/wp-json\/wp\/v2\/types\/product"}],"wp:featuredmedia":[{"embeddable":true,"href":"https:\/\/lingerieuniverse.dk\/en\/wp-json\/wp\/v2\/media\/8851"}],"wp:attachment":[{"href":"https:\/\/lingerieuniverse.dk\/en\/wp-json\/wp\/v2\/media?parent=8850"}],"wp:term":[{"taxonomy":"product_brand","embeddable":true,"href":"https:\/\/lingerieuniverse.dk\/en\/wp-json\/wp\/v2\/product_brand?post=8850"},{"taxonomy":"product_cat","embeddable":true,"href":"https:\/\/lingerieuniverse.dk\/en\/wp-json\/wp\/v2\/product_cat?post=8850"},{"taxonomy":"product_tag","embeddable":true,"href":"https:\/\/lingerieuniverse.dk\/en\/wp-json\/wp\/v2\/product_tag?post=8850"}],"curies":[{"name":"wp","href":"https:\/\/api.w.org\/{rel}","templated":true}]}}