{"id":8856,"date":"2025-07-18T14:04:40","date_gmt":"2025-07-18T12:04:40","guid":{"rendered":"https:\/\/lingerieuniverse.dk\/?post_type=product&#038;p=8856"},"modified":"2025-07-18T14:04:40","modified_gmt":"2025-07-18T12:04:40","slug":"tiny-check-charm-mikrofiber-klassisk-sort-hvid-gingham","status":"publish","type":"product","link":"https:\/\/lingerieuniverse.dk\/en\/vare\/tiny-check-charm-mikrofiber-klassisk-sort-hvid-gingham\/","title":{"rendered":"Tiny Check Charm Mikrofiber \u2013 Klassisk Sort\/Hvid Gingham"},"content":{"rendered":"<p data-start=\"1111\" data-end=\"1378\">Tidl\u00f8st, enkelt og alsidigt \u2013 her er <strong data-start=\"1187\" data-end=\"1218\">Tiny Check Charm mikrofiber<\/strong>. Det fine sort\/hvide gingham-m\u00f8nster giver dine syprojekter et klassisk udtryk, mens den bl\u00f8de mikrofiber sikrer, at stoffet f\u00f8les let og behageligt mod huden.<\/p>\n<p data-start=\"1380\" data-end=\"1560\">Perfekt til dig, der elsker retro-stemning med moderne komfort.<br data-start=\"1443\" data-end=\"1446\" \/><strong data-start=\"1446\" data-end=\"1481\">Bredde: 150 cm<\/strong><br data-start=\"1481\" data-end=\"1484\" \/><strong data-start=\"1484\" data-end=\"1560\">S\u00e6lges i 10 cm intervaller (f.eks. antal 5 = 50 cm, antal 10 = 1 meter).<\/strong><\/p>\n<ul data-start=\"1562\" data-end=\"1787\">\n<li data-start=\"1562\" data-end=\"1603\">\n<p data-start=\"1564\" data-end=\"1603\"><strong data-start=\"1564\" data-end=\"1577\">Materiale<\/strong>: Let stretch mikrofiber<\/p>\n<\/li>\n<li data-start=\"1604\" data-end=\"1648\">\n<p data-start=\"1606\" data-end=\"1648\"><strong data-start=\"1606\" data-end=\"1615\">Farve<\/strong>: Sort og hvidt gingham-m\u00f8nster<\/p>\n<\/li>\n<li data-start=\"1649\" data-end=\"1723\">\n<p data-start=\"1651\" data-end=\"1723\"><strong data-start=\"1651\" data-end=\"1666\">Perfekt til<\/strong>: Lingeri, trusser, braletter, foer, nat- og loungewear<\/p>\n<\/li>\n<li data-start=\"1724\" data-end=\"1787\">\n<p data-start=\"1726\" data-end=\"1787\"><strong data-start=\"1726\" data-end=\"1744\">Vaskeanvisning<\/strong>: Maskinvask ved 30\u00b0C, m\u00e5 ikke t\u00f8rretumbles<\/p>\n<\/li>\n<\/ul>\n<p data-start=\"1789\" data-end=\"1860\">Et klassisk look med en moderne f\u00f8lelse \u2013 klar til at sy noget s\u00e6rligt?<\/p>\n","protected":false},"excerpt":{"rendered":"<p data-start=\"1111\" data-end=\"1378\">Tidl\u00f8st, enkelt og alsidigt \u2013 her er <strong data-start=\"1187\" data-end=\"1218\">Tiny Check Charm mikrofiber<\/strong>. Det fine sort\/hvide gingham-m\u00f8nster giver dine syprojekter et klassisk udtryk, mens den bl\u00f8de mikrofiber sikrer, at stoffet f\u00f8les let og behageligt mod huden.<\/p>\n<p data-start=\"1380\" data-end=\"1560\">Perfekt til dig, der elsker retro-stemning med moderne komfort.<br data-start=\"1443\" data-end=\"1446\" \/><strong data-start=\"1446\" data-end=\"1481\">Bredde: 150 cm<\/strong><br data-start=\"1481\" data-end=\"1484\" \/><strong data-start=\"1484\" data-end=\"1560\">S\u00e6lges i 10 cm intervaller (f.eks. antal 5 = 50 cm, antal 10 = 1 meter).<\/strong><\/p>\n<ul data-start=\"1562\" data-end=\"1787\">\n<li data-start=\"1562\" data-end=\"1603\">\n<p data-start=\"1564\" data-end=\"1603\"><strong data-start=\"1564\" data-end=\"1577\">Materiale<\/strong>: Let stretch mikrofiber<\/p>\n<\/li>\n<li data-start=\"1604\" data-end=\"1648\">\n<p data-start=\"1606\" data-end=\"1648\"><strong data-start=\"1606\" data-end=\"1615\">Farve<\/strong>: Sort og hvidt gingham-m\u00f8nster<\/p>\n<\/li>\n<li data-start=\"1649\" data-end=\"1723\">\n<p data-start=\"1651\" data-end=\"1723\"><strong data-start=\"1651\" data-end=\"1666\">Perfekt til<\/strong>: Lingeri, trusser, braletter, foer, nat- og loungewear<\/p>\n<\/li>\n<li data-start=\"1724\" data-end=\"1787\">\n<p data-start=\"1726\" data-end=\"1787\"><strong data-start=\"1726\" data-end=\"1744\">Vaskeanvisning<\/strong>: Maskinvask ved 30\u00b0C, m\u00e5 ikke t\u00f8rretumbles<\/p>\n<\/li>\n<\/ul>\n<p data-start=\"1789\" data-end=\"1860\">Et klassisk look med en moderne f\u00f8lelse \u2013 klar til at sy noget s\u00e6rligt?<\/p>\n","protected":false},"featured_media":8857,"template":"","meta":{"_monsterinsights_skip_tracking":false,"_monsterinsights_sitenote_active":false,"_monsterinsights_sitenote_note":"","_monsterinsights_sitenote_category":0,"neve_meta_sidebar":"","neve_meta_container":"","neve_meta_enable_content_width":"off","neve_meta_content_width":100,"neve_meta_title_alignment":"","neve_meta_author_avatar":"","neve_post_elements_order":"","neve_meta_disable_header":"","neve_meta_disable_footer":"","neve_meta_disable_title":"","jetpack_publicize_message":"","jetpack_publicize_feature_enabled":true,"jetpack_social_post_already_shared":true,"jetpack_social_options":{"image_generator_settings":{"template":"highway","default_image_id":0,"font":"","enabled":false},"version":2}},"product_brand":[],"product_cat":[82,17],"product_tag":[],"class_list":{"0":"post-8856","1":"product","2":"type-product","3":"status-publish","4":"has-post-thumbnail","6":"product_cat-microfiber","7":"product_cat-stof","9":"first","10":"instock","11":"taxable","12":"shipping-taxable","13":"purchasable","14":"product-type-simple"},"aioseo_notices":[],"jetpack_publicize_connections":[],"jetpack-related-posts":[{"id":8969,"url":"https:\/\/lingerieuniverse.dk\/vare\/microfiber-3\/","url_meta":{"origin":8856,"position":0},"title":"Polka Dot Perfection Microfiber","author":"Admin","date":"21. July 2025","format":false,"excerpt":"Giv dit n\u00e6ste projekt et retro twist med Polka Dot Perfection. Dette mikrofiberstof har et klassisk sort-prik m\u00f8nster p\u00e5 en hvid baggrund \u2013 enkelt, legende og tidl\u00f8st. Perfekt til dig, der elsker minimalistisk design med masser af personlighed. Det bl\u00f8de, str\u00e6kbare materiale er ideelt til alt fra trusser og BH\u2019er\u2026","rel":"","context":"Similar post","block_context":{"text":"Similar post","link":""},"img":{"alt_text":"","src":"https:\/\/i0.wp.com\/lingerieuniverse.dk\/wp-content\/uploads\/2025\/07\/IMG_1664.jpg?fit=1000%2C667&ssl=1&resize=350%2C200","width":350,"height":200,"srcset":"https:\/\/i0.wp.com\/lingerieuniverse.dk\/wp-content\/uploads\/2025\/07\/IMG_1664.jpg?fit=1000%2C667&ssl=1&resize=350%2C200 1x, https:\/\/i0.wp.com\/lingerieuniverse.dk\/wp-content\/uploads\/2025\/07\/IMG_1664.jpg?fit=1000%2C667&ssl=1&resize=525%2C300 1.5x, https:\/\/i0.wp.com\/lingerieuniverse.dk\/wp-content\/uploads\/2025\/07\/IMG_1664.jpg?fit=1000%2C667&ssl=1&resize=700%2C400 2x"},"classes":[]},{"id":8912,"url":"https:\/\/lingerieuniverse.dk\/vare\/cherry-picnic-mikrofiber-klassisk-roedhvidt-gingham-moenster\/","url_meta":{"origin":8856,"position":1},"title":"Cherry Picnic Mikrofiber \u2013 Klassisk R\u00f8dhvidt Gingham M\u00f8nster","author":"Admin","date":"22. July 2025","format":false,"excerpt":"Ingenting siger sommerstemning og retro-look som ternet stof! Cherry Picnic mikrofiber har et klassisk r\u00f8dt og hvidt gingham-m\u00f8nster, perfekt til at bringe legende charme ind i dine lingeriprojekter. Det glatte, elastiske materiale egner sig s\u00e6rligt godt til trusser, braletter og hyggeligt hjemmet\u00f8j.Bredde: 150 cmS\u00e6lges i 10 cm intervaller (f.eks. antal\u2026","rel":"","context":"Similar post","block_context":{"text":"Similar post","link":""},"img":{"alt_text":"","src":"https:\/\/i0.wp.com\/lingerieuniverse.dk\/wp-content\/uploads\/2025\/07\/IMG_1679.jpg?fit=1000%2C667&ssl=1&resize=350%2C200","width":350,"height":200,"srcset":"https:\/\/i0.wp.com\/lingerieuniverse.dk\/wp-content\/uploads\/2025\/07\/IMG_1679.jpg?fit=1000%2C667&ssl=1&resize=350%2C200 1x, https:\/\/i0.wp.com\/lingerieuniverse.dk\/wp-content\/uploads\/2025\/07\/IMG_1679.jpg?fit=1000%2C667&ssl=1&resize=525%2C300 1.5x, https:\/\/i0.wp.com\/lingerieuniverse.dk\/wp-content\/uploads\/2025\/07\/IMG_1679.jpg?fit=1000%2C667&ssl=1&resize=700%2C400 2x"},"classes":[]},{"id":8869,"url":"https:\/\/lingerieuniverse.dk\/en\/vare\/dotty-rosewood-mikrofiber-vintage-prikker-i-dyb-rosa\/","url_meta":{"origin":8856,"position":2},"title":"Dotty Rosewood Mikrofiber \u2013 Vintage Prikker i Dyb Rosa","author":"Admin","date":"18. July 2025","format":false,"excerpt":"Sig hej til Dotty Rosewood mikrofiber \u2013 en klassisk prik med masser af charme. Stoffet har en dyb rosafarvet bund med fine offwhite prikker, hvilket giver et feminint og let retro udtryk, ideelt til lingeri, foer eller smukke basisdele. Det er glat, let str\u00e6kbart og f\u00f8les behageligt mod huden.Bredde:160 cmS\u00e6lges\u2026","rel":"","context":"Similar post","block_context":{"text":"Similar post","link":""},"img":{"alt_text":"","src":"https:\/\/i0.wp.com\/lingerieuniverse.dk\/wp-content\/uploads\/2025\/07\/IMG_1636.jpg?fit=1000%2C667&ssl=1&resize=350%2C200","width":350,"height":200,"srcset":"https:\/\/i0.wp.com\/lingerieuniverse.dk\/wp-content\/uploads\/2025\/07\/IMG_1636.jpg?fit=1000%2C667&ssl=1&resize=350%2C200 1x, https:\/\/i0.wp.com\/lingerieuniverse.dk\/wp-content\/uploads\/2025\/07\/IMG_1636.jpg?fit=1000%2C667&ssl=1&resize=525%2C300 1.5x, https:\/\/i0.wp.com\/lingerieuniverse.dk\/wp-content\/uploads\/2025\/07\/IMG_1636.jpg?fit=1000%2C667&ssl=1&resize=700%2C400 2x"},"classes":[]},{"id":8981,"url":"https:\/\/lingerieuniverse.dk\/vare\/rust-roed-prikket-microfiber\/","url_meta":{"origin":8856,"position":3},"title":"&#8220;Pretty Woman&#8221;  Microfiber","author":"Admin","date":"22. July 2025","format":false,"excerpt":"Giv dine syprojekter et strejf af retro charme med dette rustfarvede prikm\u00f8nstrede stof. De hvide prikker skaber et legesygt og klassisk look, som er perfekt til b\u00e5de hverdags- og vintageinspirerede designs. Det bl\u00f8de stretchmateriale giver god komfort og former sig flot om kroppen \u2013 ideelt til trusser, BH\u2019er, bodystockings eller\u2026","rel":"","context":"Similar post","block_context":{"text":"Similar post","link":""},"img":{"alt_text":"","src":"https:\/\/i0.wp.com\/lingerieuniverse.dk\/wp-content\/uploads\/2025\/07\/IMG_1693.jpg?fit=1000%2C633&ssl=1&resize=350%2C200","width":350,"height":200,"srcset":"https:\/\/i0.wp.com\/lingerieuniverse.dk\/wp-content\/uploads\/2025\/07\/IMG_1693.jpg?fit=1000%2C633&ssl=1&resize=350%2C200 1x, https:\/\/i0.wp.com\/lingerieuniverse.dk\/wp-content\/uploads\/2025\/07\/IMG_1693.jpg?fit=1000%2C633&ssl=1&resize=525%2C300 1.5x, https:\/\/i0.wp.com\/lingerieuniverse.dk\/wp-content\/uploads\/2025\/07\/IMG_1693.jpg?fit=1000%2C633&ssl=1&resize=700%2C400 2x"},"classes":[]},{"id":8881,"url":"https:\/\/lingerieuniverse.dk\/en\/vare\/tropical-tweets-mikrofiber-fugle-blomster-paa-citrusgul\/","url_meta":{"origin":8856,"position":4},"title":"Tropical Tweets Mikrofiber \u2013 Fugle &#038; Blomster p\u00e5 Citrusgul","author":"Admin","date":"18. July 2025","format":false,"excerpt":"Giv dine syprojekter et strejf af solskin og fuglesang med Tropical Tweets mikrofiber. Dette glade stof byder p\u00e5 livlige bl\u00e5 og sorte fugle omgivet af blomster i lime, turkis og hvid \u2013 alt sammen p\u00e5 en frisk citrusgul baggrund. Et perfekt valg til farverigt lingeri, foer eller sjovt loungewear. Stoffet\u2026","rel":"","context":"Similar post","block_context":{"text":"Similar post","link":""},"img":{"alt_text":"","src":"https:\/\/i0.wp.com\/lingerieuniverse.dk\/wp-content\/uploads\/2025\/07\/IMG_1643.jpg?fit=1000%2C667&ssl=1&resize=350%2C200","width":350,"height":200,"srcset":"https:\/\/i0.wp.com\/lingerieuniverse.dk\/wp-content\/uploads\/2025\/07\/IMG_1643.jpg?fit=1000%2C667&ssl=1&resize=350%2C200 1x, https:\/\/i0.wp.com\/lingerieuniverse.dk\/wp-content\/uploads\/2025\/07\/IMG_1643.jpg?fit=1000%2C667&ssl=1&resize=525%2C300 1.5x, https:\/\/i0.wp.com\/lingerieuniverse.dk\/wp-content\/uploads\/2025\/07\/IMG_1643.jpg?fit=1000%2C667&ssl=1&resize=700%2C400 2x"},"classes":[]},{"id":8928,"url":"https:\/\/lingerieuniverse.dk\/vare\/tropical-whisper-microfiber\/","url_meta":{"origin":8856,"position":5},"title":"Tropical Whisper Microfiber","author":"Admin","date":"18. July 2025","format":false,"excerpt":"F\u00e5 tropisk lethed og moderne flair i dit n\u00e6ste syprojekt med Tropical Whisper \u2013 et mikrofiberstof med store, stiliserede blomster i hvid og sort med i\u00f8jnefaldende r\u00f8de detaljer, sat mod en klar turkis baggrund. Et frisk, kunstnerisk udtryk der b\u00e5de f\u00f8les legende og elegant. Stoffet er bl\u00f8dt og glat med\u2026","rel":"","context":"Similar post","block_context":{"text":"Similar post","link":""},"img":{"alt_text":"","src":"https:\/\/i0.wp.com\/lingerieuniverse.dk\/wp-content\/uploads\/2025\/07\/IMG_1659.jpg?fit=1000%2C667&ssl=1&resize=350%2C200","width":350,"height":200,"srcset":"https:\/\/i0.wp.com\/lingerieuniverse.dk\/wp-content\/uploads\/2025\/07\/IMG_1659.jpg?fit=1000%2C667&ssl=1&resize=350%2C200 1x, https:\/\/i0.wp.com\/lingerieuniverse.dk\/wp-content\/uploads\/2025\/07\/IMG_1659.jpg?fit=1000%2C667&ssl=1&resize=525%2C300 1.5x, https:\/\/i0.wp.com\/lingerieuniverse.dk\/wp-content\/uploads\/2025\/07\/IMG_1659.jpg?fit=1000%2C667&ssl=1&resize=700%2C400 2x"},"classes":[]}],"jetpack_sharing_enabled":true,"_links":{"self":[{"href":"https:\/\/lingerieuniverse.dk\/en\/wp-json\/wp\/v2\/product\/8856","targetHints":{"allow":["GET"]}}],"collection":[{"href":"https:\/\/lingerieuniverse.dk\/en\/wp-json\/wp\/v2\/product"}],"about":[{"href":"https:\/\/lingerieuniverse.dk\/en\/wp-json\/wp\/v2\/types\/product"}],"wp:featuredmedia":[{"embeddable":true,"href":"https:\/\/lingerieuniverse.dk\/en\/wp-json\/wp\/v2\/media\/8857"}],"wp:attachment":[{"href":"https:\/\/lingerieuniverse.dk\/en\/wp-json\/wp\/v2\/media?parent=8856"}],"wp:term":[{"taxonomy":"product_brand","embeddable":true,"href":"https:\/\/lingerieuniverse.dk\/en\/wp-json\/wp\/v2\/product_brand?post=8856"},{"taxonomy":"product_cat","embeddable":true,"href":"https:\/\/lingerieuniverse.dk\/en\/wp-json\/wp\/v2\/product_cat?post=8856"},{"taxonomy":"product_tag","embeddable":true,"href":"https:\/\/lingerieuniverse.dk\/en\/wp-json\/wp\/v2\/product_tag?post=8856"}],"curies":[{"name":"wp","href":"https:\/\/api.w.org\/{rel}","templated":true}]}}