{"id":8859,"date":"2025-07-18T14:04:18","date_gmt":"2025-07-18T12:04:18","guid":{"rendered":"https:\/\/lingerieuniverse.dk\/?post_type=product&#038;p=8859"},"modified":"2025-07-18T14:04:18","modified_gmt":"2025-07-18T12:04:18","slug":"watercolor-whimsy-mikrofiber-bloed-pasteldroem","status":"publish","type":"product","link":"https:\/\/lingerieuniverse.dk\/en\/vare\/watercolor-whimsy-mikrofiber-bloed-pasteldroem\/","title":{"rendered":"Watercolor Whimsy Mikrofiber \u2013 Bl\u00f8d Pasteldr\u00f8m"},"content":{"rendered":"<p data-start=\"1188\" data-end=\"1499\">Lad kreativiteten flyde med <strong data-start=\"1255\" data-end=\"1287\">Watercolor Whimsy mikrofiber<\/strong>. Dette luftige, abstrakte print ligner et akvarelmaleri med bl\u00f8de toner af pastelrosa, bl\u00e5, aqua og strejf af gul. Perfekt til lingeri, foer og nat- eller loungewear, hvor du \u00f8nsker en let og dr\u00f8mmende stemning.<\/p>\n<p data-start=\"1501\" data-end=\"1679\">Stoffet er silkebl\u00f8dt, let elastisk og f\u00f8les sk\u00f8nt mod huden.<br data-start=\"1562\" data-end=\"1565\" \/><strong data-start=\"1565\" data-end=\"1600\">Bredde: 150 cm<\/strong><br data-start=\"1600\" data-end=\"1603\" \/><strong data-start=\"1603\" data-end=\"1679\">S\u00e6lges i 10 cm intervaller (f.eks. antal 5 = 50 cm, antal 10 = 1 meter).<\/strong><\/p>\n<ul data-start=\"1681\" data-end=\"1909\">\n<li data-start=\"1681\" data-end=\"1722\">\n<p data-start=\"1683\" data-end=\"1722\"><strong data-start=\"1683\" data-end=\"1696\">Materiale<\/strong>: Let stretch mikrofiber<\/p>\n<\/li>\n<li data-start=\"1723\" data-end=\"1770\">\n<p data-start=\"1725\" data-end=\"1770\"><strong data-start=\"1725\" data-end=\"1734\">Farve<\/strong>: Pastelmix \u2013 rosa, bl\u00e5, aqua, gul<\/p>\n<\/li>\n<li data-start=\"1771\" data-end=\"1845\">\n<p data-start=\"1773\" data-end=\"1845\"><strong data-start=\"1773\" data-end=\"1788\">Perfekt til<\/strong>: Lingeri, trusser, braletter, foer, nat- og loungewear<\/p>\n<\/li>\n<li data-start=\"1846\" data-end=\"1909\">\n<p data-start=\"1848\" data-end=\"1909\"><strong data-start=\"1848\" data-end=\"1866\">Vaskeanvisning<\/strong>: Maskinvask ved 30\u00b0C, m\u00e5 ikke t\u00f8rretumbles<\/p>\n<\/li>\n<\/ul>\n<p data-start=\"1911\" data-end=\"1961\">Et dr\u00f8mmende valg til bl\u00f8de, farverige kreationer.<\/p>\n","protected":false},"excerpt":{"rendered":"<p data-start=\"1188\" data-end=\"1499\">Lad kreativiteten flyde med <strong data-start=\"1255\" data-end=\"1287\">Watercolor Whimsy mikrofiber<\/strong>. Dette luftige, abstrakte print ligner et akvarelmaleri med bl\u00f8de toner af pastelrosa, bl\u00e5, aqua og strejf af gul. Perfekt til lingeri, foer og nat- eller loungewear, hvor du \u00f8nsker en let og dr\u00f8mmende stemning.<\/p>\n<p data-start=\"1501\" data-end=\"1679\">Stoffet er silkebl\u00f8dt, let elastisk og f\u00f8les sk\u00f8nt mod huden.<br data-start=\"1562\" data-end=\"1565\" \/><strong data-start=\"1565\" data-end=\"1600\">Bredde: 150 cm<\/strong><br data-start=\"1600\" data-end=\"1603\" \/><strong data-start=\"1603\" data-end=\"1679\">S\u00e6lges i 10 cm intervaller (f.eks. antal 5 = 50 cm, antal 10 = 1 meter).<\/strong><\/p>\n<ul data-start=\"1681\" data-end=\"1909\">\n<li data-start=\"1681\" data-end=\"1722\">\n<p data-start=\"1683\" data-end=\"1722\"><strong data-start=\"1683\" data-end=\"1696\">Materiale<\/strong>: Let stretch mikrofiber<\/p>\n<\/li>\n<li data-start=\"1723\" data-end=\"1770\">\n<p data-start=\"1725\" data-end=\"1770\"><strong data-start=\"1725\" data-end=\"1734\">Farve<\/strong>: Pastelmix \u2013 rosa, bl\u00e5, aqua, gul<\/p>\n<\/li>\n<li data-start=\"1771\" data-end=\"1845\">\n<p data-start=\"1773\" data-end=\"1845\"><strong data-start=\"1773\" data-end=\"1788\">Perfekt til<\/strong>: Lingeri, trusser, braletter, foer, nat- og loungewear<\/p>\n<\/li>\n<li data-start=\"1846\" data-end=\"1909\">\n<p data-start=\"1848\" data-end=\"1909\"><strong data-start=\"1848\" data-end=\"1866\">Vaskeanvisning<\/strong>: Maskinvask ved 30\u00b0C, m\u00e5 ikke t\u00f8rretumbles<\/p>\n<\/li>\n<\/ul>\n<p data-start=\"1911\" data-end=\"1961\">Et dr\u00f8mmende valg til bl\u00f8de, farverige kreationer.<\/p>\n","protected":false},"featured_media":8860,"template":"","meta":{"_monsterinsights_skip_tracking":false,"_monsterinsights_sitenote_active":false,"_monsterinsights_sitenote_note":"","_monsterinsights_sitenote_category":0,"neve_meta_sidebar":"","neve_meta_container":"","neve_meta_enable_content_width":"off","neve_meta_content_width":100,"neve_meta_title_alignment":"","neve_meta_author_avatar":"","neve_post_elements_order":"","neve_meta_disable_header":"","neve_meta_disable_footer":"","neve_meta_disable_title":"","jetpack_publicize_message":"","jetpack_publicize_feature_enabled":true,"jetpack_social_post_already_shared":true,"jetpack_social_options":{"image_generator_settings":{"template":"highway","default_image_id":0,"font":"","enabled":false},"version":2}},"product_brand":[],"product_cat":[82,17],"product_tag":[],"class_list":{"0":"post-8859","1":"product","2":"type-product","3":"status-publish","4":"has-post-thumbnail","6":"product_cat-microfiber","7":"product_cat-stof","9":"first","10":"instock","11":"taxable","12":"shipping-taxable","13":"purchasable","14":"product-type-simple"},"aioseo_notices":[],"jetpack_publicize_connections":[],"jetpack-related-posts":[{"id":8881,"url":"https:\/\/lingerieuniverse.dk\/en\/vare\/tropical-tweets-mikrofiber-fugle-blomster-paa-citrusgul\/","url_meta":{"origin":8859,"position":0},"title":"Tropical Tweets Mikrofiber \u2013 Fugle &#038; Blomster p\u00e5 Citrusgul","author":"Admin","date":"18. July 2025","format":false,"excerpt":"Giv dine syprojekter et strejf af solskin og fuglesang med Tropical Tweets mikrofiber. Dette glade stof byder p\u00e5 livlige bl\u00e5 og sorte fugle omgivet af blomster i lime, turkis og hvid \u2013 alt sammen p\u00e5 en frisk citrusgul baggrund. Et perfekt valg til farverigt lingeri, foer eller sjovt loungewear. Stoffet\u2026","rel":"","context":"Similar post","block_context":{"text":"Similar post","link":""},"img":{"alt_text":"","src":"https:\/\/i0.wp.com\/lingerieuniverse.dk\/wp-content\/uploads\/2025\/07\/IMG_1643.jpg?fit=1000%2C667&ssl=1&resize=350%2C200","width":350,"height":200,"srcset":"https:\/\/i0.wp.com\/lingerieuniverse.dk\/wp-content\/uploads\/2025\/07\/IMG_1643.jpg?fit=1000%2C667&ssl=1&resize=350%2C200 1x, https:\/\/i0.wp.com\/lingerieuniverse.dk\/wp-content\/uploads\/2025\/07\/IMG_1643.jpg?fit=1000%2C667&ssl=1&resize=525%2C300 1.5x, https:\/\/i0.wp.com\/lingerieuniverse.dk\/wp-content\/uploads\/2025\/07\/IMG_1643.jpg?fit=1000%2C667&ssl=1&resize=700%2C400 2x"},"classes":[]},{"id":8868,"url":"https:\/\/lingerieuniverse.dk\/en\/vare\/blush-garden-mikrofiber-romantisk-paeonprint\/","url_meta":{"origin":8859,"position":1},"title":"Blush Garden Mikrofiber \u2013 Romantisk P\u00e6onprint","author":"Admin","date":"18. July 2025","format":false,"excerpt":"Forelsk dig i den blide elegance fra Blush Garden mikrofiber. Stoffet har et romantisk blomsterprint med p\u00e6onlignende blomster i nuancer af rosa, st\u00f8vet r\u00f8d og pink p\u00e5 en cremefarvet baggrund. Perfekt til lingeri, foer eller afslappet loungewear med et feminint udtryk. Stoffet er silkebl\u00f8dt mod huden og har en let\u2026","rel":"","context":"Similar post","block_context":{"text":"Similar post","link":""},"img":{"alt_text":"","src":"https:\/\/i0.wp.com\/lingerieuniverse.dk\/wp-content\/uploads\/2025\/07\/IMG_1634.jpg?fit=1000%2C667&ssl=1&resize=350%2C200","width":350,"height":200,"srcset":"https:\/\/i0.wp.com\/lingerieuniverse.dk\/wp-content\/uploads\/2025\/07\/IMG_1634.jpg?fit=1000%2C667&ssl=1&resize=350%2C200 1x, https:\/\/i0.wp.com\/lingerieuniverse.dk\/wp-content\/uploads\/2025\/07\/IMG_1634.jpg?fit=1000%2C667&ssl=1&resize=525%2C300 1.5x, https:\/\/i0.wp.com\/lingerieuniverse.dk\/wp-content\/uploads\/2025\/07\/IMG_1634.jpg?fit=1000%2C667&ssl=1&resize=700%2C400 2x"},"classes":[]},{"id":8853,"url":"https:\/\/lingerieuniverse.dk\/vare\/golden-bloom-mikrofiber-storblomstret-print-paa-sennepsgul\/","url_meta":{"origin":8859,"position":2},"title":"Golden Bloom Mikrofiber \u2013 Storblomstret Print p\u00e5 Sennepsgul","author":"Admin","date":"18. July 2025","format":false,"excerpt":"Giv dine syprojekter et strejf af solskin med Golden Bloom mikrofiber. Dette levende blomsterprint kombinerer sarte pink, hvide, sorte og violette blomster p\u00e5 en varm sennepsgul baggrund. Stoffet er livligt og perfekt til lingeri, foer eller smukt loungewear. Den lette mikrofiber f\u00f8les glat mod huden og har en bl\u00f8d stretch,\u2026","rel":"","context":"Similar post","block_context":{"text":"Similar post","link":""},"img":{"alt_text":"","src":"https:\/\/i0.wp.com\/lingerieuniverse.dk\/wp-content\/uploads\/2025\/07\/IMG_1630.jpg?fit=1000%2C667&ssl=1&resize=350%2C200","width":350,"height":200,"srcset":"https:\/\/i0.wp.com\/lingerieuniverse.dk\/wp-content\/uploads\/2025\/07\/IMG_1630.jpg?fit=1000%2C667&ssl=1&resize=350%2C200 1x, https:\/\/i0.wp.com\/lingerieuniverse.dk\/wp-content\/uploads\/2025\/07\/IMG_1630.jpg?fit=1000%2C667&ssl=1&resize=525%2C300 1.5x, https:\/\/i0.wp.com\/lingerieuniverse.dk\/wp-content\/uploads\/2025\/07\/IMG_1630.jpg?fit=1000%2C667&ssl=1&resize=700%2C400 2x"},"classes":[]},{"id":8873,"url":"https:\/\/lingerieuniverse.dk\/en\/vare\/silky-mist-mikrofiber-koelig-elegance-i-lyseblaa\/","url_meta":{"origin":8859,"position":3},"title":"Silky Mist Mikrofiber \u2013 K\u00f8lig Elegance i Lysebl\u00e5","author":"Admin","date":"18. July 2025","format":false,"excerpt":"Oplev en f\u00f8lelse af luksus med Silky Mist mikrofiber. Dette glatte lysebl\u00e5 stof har en bl\u00f8d, let skinnende overflade og et smukt fald \u2013 perfekt til elegant lingeri, underkjoler, foer og loungewear. Det f\u00f8les utroligt bl\u00f8dt mod huden og har en let stretch, der giver h\u00f8j komfort.Bredde: 160 cmS\u00e6lges i\u2026","rel":"","context":"Similar post","block_context":{"text":"Similar post","link":""},"img":{"alt_text":"","src":"https:\/\/i0.wp.com\/lingerieuniverse.dk\/wp-content\/uploads\/2025\/07\/IMG_1639.jpg?fit=1000%2C667&ssl=1&resize=350%2C200","width":350,"height":200,"srcset":"https:\/\/i0.wp.com\/lingerieuniverse.dk\/wp-content\/uploads\/2025\/07\/IMG_1639.jpg?fit=1000%2C667&ssl=1&resize=350%2C200 1x, https:\/\/i0.wp.com\/lingerieuniverse.dk\/wp-content\/uploads\/2025\/07\/IMG_1639.jpg?fit=1000%2C667&ssl=1&resize=525%2C300 1.5x, https:\/\/i0.wp.com\/lingerieuniverse.dk\/wp-content\/uploads\/2025\/07\/IMG_1639.jpg?fit=1000%2C667&ssl=1&resize=700%2C400 2x"},"classes":[]},{"id":8856,"url":"https:\/\/lingerieuniverse.dk\/en\/vare\/tiny-check-charm-mikrofiber-klassisk-sort-hvid-gingham\/","url_meta":{"origin":8859,"position":4},"title":"Tiny Check Charm Mikrofiber \u2013 Klassisk Sort\/Hvid Gingham","author":"Admin","date":"18. July 2025","format":false,"excerpt":"Tidl\u00f8st, enkelt og alsidigt \u2013 her er Tiny Check Charm mikrofiber. Det fine sort\/hvide gingham-m\u00f8nster giver dine syprojekter et klassisk udtryk, mens den bl\u00f8de mikrofiber sikrer, at stoffet f\u00f8les let og behageligt mod huden. Perfekt til dig, der elsker retro-stemning med moderne komfort.Bredde: 150 cmS\u00e6lges i 10 cm intervaller (f.eks.\u2026","rel":"","context":"Similar post","block_context":{"text":"Similar post","link":""},"img":{"alt_text":"","src":"https:\/\/i0.wp.com\/lingerieuniverse.dk\/wp-content\/uploads\/2025\/07\/IMG_1632.jpg?fit=1000%2C667&ssl=1&resize=350%2C200","width":350,"height":200,"srcset":"https:\/\/i0.wp.com\/lingerieuniverse.dk\/wp-content\/uploads\/2025\/07\/IMG_1632.jpg?fit=1000%2C667&ssl=1&resize=350%2C200 1x, https:\/\/i0.wp.com\/lingerieuniverse.dk\/wp-content\/uploads\/2025\/07\/IMG_1632.jpg?fit=1000%2C667&ssl=1&resize=525%2C300 1.5x, https:\/\/i0.wp.com\/lingerieuniverse.dk\/wp-content\/uploads\/2025\/07\/IMG_1632.jpg?fit=1000%2C667&ssl=1&resize=700%2C400 2x"},"classes":[]},{"id":8847,"url":"https:\/\/lingerieuniverse.dk\/vare\/fuchsia-blomsterdroem-microfiber\/","url_meta":{"origin":8859,"position":5},"title":"Fuchsia Blomsterdr\u00f8m Microfiber","author":"Admin","date":"18. July 2025","format":false,"excerpt":"Lad dit n\u00e6ste syprojekt blomstre med energi og farve med vores Rose Rush mikrofiber. Stoffet har en livlig fuchsia baggrund d\u00e6kket af fine rosen- og bladm\u00f8nstre, fremh\u00e6vet med lilla skygger, der giver blomsterne et n\u00e6sten 3D-lignende udtryk. Det er et feminint og legende design \u2013 perfekt til lingeri, nat- og\u2026","rel":"","context":"Similar post","block_context":{"text":"Similar post","link":""},"img":{"alt_text":"","src":"https:\/\/i0.wp.com\/lingerieuniverse.dk\/wp-content\/uploads\/2025\/07\/IMG_1624.jpg?fit=1000%2C667&ssl=1&resize=350%2C200","width":350,"height":200,"srcset":"https:\/\/i0.wp.com\/lingerieuniverse.dk\/wp-content\/uploads\/2025\/07\/IMG_1624.jpg?fit=1000%2C667&ssl=1&resize=350%2C200 1x, https:\/\/i0.wp.com\/lingerieuniverse.dk\/wp-content\/uploads\/2025\/07\/IMG_1624.jpg?fit=1000%2C667&ssl=1&resize=525%2C300 1.5x, https:\/\/i0.wp.com\/lingerieuniverse.dk\/wp-content\/uploads\/2025\/07\/IMG_1624.jpg?fit=1000%2C667&ssl=1&resize=700%2C400 2x"},"classes":[]}],"jetpack_sharing_enabled":true,"_links":{"self":[{"href":"https:\/\/lingerieuniverse.dk\/en\/wp-json\/wp\/v2\/product\/8859","targetHints":{"allow":["GET"]}}],"collection":[{"href":"https:\/\/lingerieuniverse.dk\/en\/wp-json\/wp\/v2\/product"}],"about":[{"href":"https:\/\/lingerieuniverse.dk\/en\/wp-json\/wp\/v2\/types\/product"}],"wp:featuredmedia":[{"embeddable":true,"href":"https:\/\/lingerieuniverse.dk\/en\/wp-json\/wp\/v2\/media\/8860"}],"wp:attachment":[{"href":"https:\/\/lingerieuniverse.dk\/en\/wp-json\/wp\/v2\/media?parent=8859"}],"wp:term":[{"taxonomy":"product_brand","embeddable":true,"href":"https:\/\/lingerieuniverse.dk\/en\/wp-json\/wp\/v2\/product_brand?post=8859"},{"taxonomy":"product_cat","embeddable":true,"href":"https:\/\/lingerieuniverse.dk\/en\/wp-json\/wp\/v2\/product_cat?post=8859"},{"taxonomy":"product_tag","embeddable":true,"href":"https:\/\/lingerieuniverse.dk\/en\/wp-json\/wp\/v2\/product_tag?post=8859"}],"curies":[{"name":"wp","href":"https:\/\/api.w.org\/{rel}","templated":true}]}}