{"id":8881,"date":"2025-07-18T14:05:24","date_gmt":"2025-07-18T12:05:24","guid":{"rendered":"https:\/\/lingerieuniverse.dk\/?post_type=product&#038;p=8881"},"modified":"2025-07-18T14:05:24","modified_gmt":"2025-07-18T12:05:24","slug":"tropical-tweets-mikrofiber-fugle-blomster-paa-citrusgul","status":"publish","type":"product","link":"https:\/\/lingerieuniverse.dk\/en\/vare\/tropical-tweets-mikrofiber-fugle-blomster-paa-citrusgul\/","title":{"rendered":"Tropical Tweets Mikrofiber \u2013 Fugle &#038; Blomster p\u00e5 Citrusgul"},"content":{"rendered":"<p data-start=\"1280\" data-end=\"1618\">Giv dine syprojekter et strejf af solskin og fuglesang med <strong data-start=\"1378\" data-end=\"1408\">Tropical Tweets mikrofiber<\/strong>. Dette glade stof byder p\u00e5 livlige bl\u00e5 og sorte fugle omgivet af blomster i lime, turkis og hvid \u2013 alt sammen p\u00e5 en frisk citrusgul baggrund. Et perfekt valg til farverigt lingeri, foer eller sjovt loungewear.<\/p>\n<p data-start=\"1620\" data-end=\"1845\">Stoffet er let, bl\u00f8dt og har en behagelig stretch, der f\u00f8les sk\u00f8nt mod huden og g\u00f8r det nemt at arbejde med.<br data-start=\"1728\" data-end=\"1731\" \/><strong data-start=\"1731\" data-end=\"1766\">Bredde: 150 cm<\/strong><br data-start=\"1766\" data-end=\"1769\" \/><strong data-start=\"1769\" data-end=\"1845\">S\u00e6lges i 10 cm intervaller (f.eks. antal 5 = 50 cm, antal 10 = 1 meter).<\/strong><\/p>\n<ul data-start=\"1847\" data-end=\"2093\">\n<li data-start=\"1847\" data-end=\"1889\">\n<p data-start=\"1849\" data-end=\"1889\"><strong data-start=\"1849\" data-end=\"1862\">Materiale<\/strong>: Bl\u00f8d stretch mikrofiber<\/p>\n<\/li>\n<li data-start=\"1890\" data-end=\"1955\">\n<p data-start=\"1892\" data-end=\"1955\"><strong data-start=\"1892\" data-end=\"1901\">Farve<\/strong>: Citrusgul med bl\u00e5\/sorte fugle og tropiske blomster<\/p>\n<\/li>\n<li data-start=\"1956\" data-end=\"2029\">\n<p data-start=\"1958\" data-end=\"2029\"><strong data-start=\"1958\" data-end=\"1973\">Perfekt til<\/strong>: Lingeri, trusser, braletter, foer og nat-\/loungewear<\/p>\n<\/li>\n<li data-start=\"2030\" data-end=\"2093\">\n<p data-start=\"2032\" data-end=\"2093\"><strong data-start=\"2032\" data-end=\"2050\">Vaskeanvisning<\/strong>: Maskinvask ved 30\u00b0C, m\u00e5 ikke t\u00f8rretumbles<\/p>\n<\/li>\n<\/ul>\n<p data-start=\"2095\" data-end=\"2166\">Et energisk og sommerligt print til kreative og personlige syprojekter.<\/p>\n","protected":false},"excerpt":{"rendered":"<p data-start=\"1280\" data-end=\"1618\">Giv dine syprojekter et strejf af solskin og fuglesang med <strong data-start=\"1378\" data-end=\"1408\">Tropical Tweets mikrofiber<\/strong>. Dette glade stof byder p\u00e5 livlige bl\u00e5 og sorte fugle omgivet af blomster i lime, turkis og hvid \u2013 alt sammen p\u00e5 en frisk citrusgul baggrund. Et perfekt valg til farverigt lingeri, foer eller sjovt loungewear.<\/p>\n<p data-start=\"1620\" data-end=\"1845\">Stoffet er let, bl\u00f8dt og har en behagelig stretch, der f\u00f8les sk\u00f8nt mod huden og g\u00f8r det nemt at arbejde med.<br data-start=\"1728\" data-end=\"1731\" \/><strong data-start=\"1731\" data-end=\"1766\">Bredde: 150 cm<\/strong><br data-start=\"1766\" data-end=\"1769\" \/><strong data-start=\"1769\" data-end=\"1845\">S\u00e6lges i 10 cm intervaller (f.eks. antal 5 = 50 cm, antal 10 = 1 meter).<\/strong><\/p>\n<ul data-start=\"1847\" data-end=\"2093\">\n<li data-start=\"1847\" data-end=\"1889\">\n<p data-start=\"1849\" data-end=\"1889\"><strong data-start=\"1849\" data-end=\"1862\">Materiale<\/strong>: Bl\u00f8d stretch mikrofiber<\/p>\n<\/li>\n<li data-start=\"1890\" data-end=\"1955\">\n<p data-start=\"1892\" data-end=\"1955\"><strong data-start=\"1892\" data-end=\"1901\">Farve<\/strong>: Citrusgul med bl\u00e5\/sorte fugle og tropiske blomster<\/p>\n<\/li>\n<li data-start=\"1956\" data-end=\"2029\">\n<p data-start=\"1958\" data-end=\"2029\"><strong data-start=\"1958\" data-end=\"1973\">Perfekt til<\/strong>: Lingeri, trusser, braletter, foer og nat-\/loungewear<\/p>\n<\/li>\n<li data-start=\"2030\" data-end=\"2093\">\n<p data-start=\"2032\" data-end=\"2093\"><strong data-start=\"2032\" data-end=\"2050\">Vaskeanvisning<\/strong>: Maskinvask ved 30\u00b0C, m\u00e5 ikke t\u00f8rretumbles<\/p>\n<\/li>\n<\/ul>\n<p data-start=\"2095\" data-end=\"2166\">Et energisk og sommerligt print til kreative og personlige syprojekter.<\/p>\n","protected":false},"featured_media":8882,"template":"","meta":{"_monsterinsights_skip_tracking":false,"_monsterinsights_sitenote_active":false,"_monsterinsights_sitenote_note":"","_monsterinsights_sitenote_category":0,"neve_meta_sidebar":"","neve_meta_container":"","neve_meta_enable_content_width":"off","neve_meta_content_width":100,"neve_meta_title_alignment":"","neve_meta_author_avatar":"","neve_post_elements_order":"","neve_meta_disable_header":"","neve_meta_disable_footer":"","neve_meta_disable_title":"","jetpack_publicize_message":"","jetpack_publicize_feature_enabled":true,"jetpack_social_post_already_shared":true,"jetpack_social_options":{"image_generator_settings":{"template":"highway","default_image_id":0,"font":"","enabled":false},"version":2}},"product_brand":[],"product_cat":[82,17],"product_tag":[],"class_list":{"0":"post-8881","1":"product","2":"type-product","3":"status-publish","4":"has-post-thumbnail","6":"product_cat-microfiber","7":"product_cat-stof","9":"first","10":"instock","11":"taxable","12":"shipping-taxable","13":"purchasable","14":"product-type-simple"},"aioseo_notices":[],"jetpack_publicize_connections":[],"jetpack-related-posts":[{"id":8853,"url":"https:\/\/lingerieuniverse.dk\/vare\/golden-bloom-mikrofiber-storblomstret-print-paa-sennepsgul\/","url_meta":{"origin":8881,"position":0},"title":"Golden Bloom Mikrofiber \u2013 Storblomstret Print p\u00e5 Sennepsgul","author":"Admin","date":"18. July 2025","format":false,"excerpt":"Giv dine syprojekter et strejf af solskin med Golden Bloom mikrofiber. Dette levende blomsterprint kombinerer sarte pink, hvide, sorte og violette blomster p\u00e5 en varm sennepsgul baggrund. Stoffet er livligt og perfekt til lingeri, foer eller smukt loungewear. Den lette mikrofiber f\u00f8les glat mod huden og har en bl\u00f8d stretch,\u2026","rel":"","context":"Similar post","block_context":{"text":"Similar post","link":""},"img":{"alt_text":"","src":"https:\/\/i0.wp.com\/lingerieuniverse.dk\/wp-content\/uploads\/2025\/07\/IMG_1630.jpg?fit=1000%2C667&ssl=1&resize=350%2C200","width":350,"height":200,"srcset":"https:\/\/i0.wp.com\/lingerieuniverse.dk\/wp-content\/uploads\/2025\/07\/IMG_1630.jpg?fit=1000%2C667&ssl=1&resize=350%2C200 1x, https:\/\/i0.wp.com\/lingerieuniverse.dk\/wp-content\/uploads\/2025\/07\/IMG_1630.jpg?fit=1000%2C667&ssl=1&resize=525%2C300 1.5x, https:\/\/i0.wp.com\/lingerieuniverse.dk\/wp-content\/uploads\/2025\/07\/IMG_1630.jpg?fit=1000%2C667&ssl=1&resize=700%2C400 2x"},"classes":[]},{"id":8928,"url":"https:\/\/lingerieuniverse.dk\/vare\/tropical-whisper-microfiber\/","url_meta":{"origin":8881,"position":1},"title":"Tropical Whisper Microfiber","author":"Admin","date":"18. July 2025","format":false,"excerpt":"F\u00e5 tropisk lethed og moderne flair i dit n\u00e6ste syprojekt med Tropical Whisper \u2013 et mikrofiberstof med store, stiliserede blomster i hvid og sort med i\u00f8jnefaldende r\u00f8de detaljer, sat mod en klar turkis baggrund. Et frisk, kunstnerisk udtryk der b\u00e5de f\u00f8les legende og elegant. Stoffet er bl\u00f8dt og glat med\u2026","rel":"","context":"Similar post","block_context":{"text":"Similar post","link":""},"img":{"alt_text":"","src":"https:\/\/i0.wp.com\/lingerieuniverse.dk\/wp-content\/uploads\/2025\/07\/IMG_1659.jpg?fit=1000%2C667&ssl=1&resize=350%2C200","width":350,"height":200,"srcset":"https:\/\/i0.wp.com\/lingerieuniverse.dk\/wp-content\/uploads\/2025\/07\/IMG_1659.jpg?fit=1000%2C667&ssl=1&resize=350%2C200 1x, https:\/\/i0.wp.com\/lingerieuniverse.dk\/wp-content\/uploads\/2025\/07\/IMG_1659.jpg?fit=1000%2C667&ssl=1&resize=525%2C300 1.5x, https:\/\/i0.wp.com\/lingerieuniverse.dk\/wp-content\/uploads\/2025\/07\/IMG_1659.jpg?fit=1000%2C667&ssl=1&resize=700%2C400 2x"},"classes":[]},{"id":8868,"url":"https:\/\/lingerieuniverse.dk\/en\/vare\/blush-garden-mikrofiber-romantisk-paeonprint\/","url_meta":{"origin":8881,"position":2},"title":"Blush Garden Mikrofiber \u2013 Romantisk P\u00e6onprint","author":"Admin","date":"18. July 2025","format":false,"excerpt":"Forelsk dig i den blide elegance fra Blush Garden mikrofiber. Stoffet har et romantisk blomsterprint med p\u00e6onlignende blomster i nuancer af rosa, st\u00f8vet r\u00f8d og pink p\u00e5 en cremefarvet baggrund. Perfekt til lingeri, foer eller afslappet loungewear med et feminint udtryk. Stoffet er silkebl\u00f8dt mod huden og har en let\u2026","rel":"","context":"Similar post","block_context":{"text":"Similar post","link":""},"img":{"alt_text":"","src":"https:\/\/i0.wp.com\/lingerieuniverse.dk\/wp-content\/uploads\/2025\/07\/IMG_1634.jpg?fit=1000%2C667&ssl=1&resize=350%2C200","width":350,"height":200,"srcset":"https:\/\/i0.wp.com\/lingerieuniverse.dk\/wp-content\/uploads\/2025\/07\/IMG_1634.jpg?fit=1000%2C667&ssl=1&resize=350%2C200 1x, https:\/\/i0.wp.com\/lingerieuniverse.dk\/wp-content\/uploads\/2025\/07\/IMG_1634.jpg?fit=1000%2C667&ssl=1&resize=525%2C300 1.5x, https:\/\/i0.wp.com\/lingerieuniverse.dk\/wp-content\/uploads\/2025\/07\/IMG_1634.jpg?fit=1000%2C667&ssl=1&resize=700%2C400 2x"},"classes":[]},{"id":9285,"url":"https:\/\/lingerieuniverse.dk\/en\/vare\/tropical-throwback\/","url_meta":{"origin":8881,"position":3},"title":"Tropical Throwback","author":"Admin","date":"31. October 2025","format":false,"excerpt":"Blomsterdr\u00f8mme med et strejf af 90\u2019er-nostalgi Et unikt microfiber-stof, der kombinerer friske hibiscusblomster i gule og bl\u00e5 nuancer med en sjov, retro baggrund i lysebl\u00e5. M\u00f8nstret har subtile silhuetter og grafiske elementer, som v\u00e6kker minder om strandferier og tegneserier fra 90\u2019erne \u2013 perfekt til dig, der elsker det legende og\u2026","rel":"","context":"Similar post","block_context":{"text":"Similar post","link":""},"img":{"alt_text":"","src":"https:\/\/i0.wp.com\/lingerieuniverse.dk\/wp-content\/uploads\/2025\/09\/IMG_1808.jpg?fit=1000%2C667&ssl=1&resize=350%2C200","width":350,"height":200,"srcset":"https:\/\/i0.wp.com\/lingerieuniverse.dk\/wp-content\/uploads\/2025\/09\/IMG_1808.jpg?fit=1000%2C667&ssl=1&resize=350%2C200 1x, https:\/\/i0.wp.com\/lingerieuniverse.dk\/wp-content\/uploads\/2025\/09\/IMG_1808.jpg?fit=1000%2C667&ssl=1&resize=525%2C300 1.5x, https:\/\/i0.wp.com\/lingerieuniverse.dk\/wp-content\/uploads\/2025\/09\/IMG_1808.jpg?fit=1000%2C667&ssl=1&resize=700%2C400 2x"},"classes":[]},{"id":8847,"url":"https:\/\/lingerieuniverse.dk\/vare\/fuchsia-blomsterdroem-microfiber\/","url_meta":{"origin":8881,"position":4},"title":"Fuchsia Blomsterdr\u00f8m Microfiber","author":"Admin","date":"18. July 2025","format":false,"excerpt":"Lad dit n\u00e6ste syprojekt blomstre med energi og farve med vores Rose Rush mikrofiber. Stoffet har en livlig fuchsia baggrund d\u00e6kket af fine rosen- og bladm\u00f8nstre, fremh\u00e6vet med lilla skygger, der giver blomsterne et n\u00e6sten 3D-lignende udtryk. Det er et feminint og legende design \u2013 perfekt til lingeri, nat- og\u2026","rel":"","context":"Similar post","block_context":{"text":"Similar post","link":""},"img":{"alt_text":"","src":"https:\/\/i0.wp.com\/lingerieuniverse.dk\/wp-content\/uploads\/2025\/07\/IMG_1624.jpg?fit=1000%2C667&ssl=1&resize=350%2C200","width":350,"height":200,"srcset":"https:\/\/i0.wp.com\/lingerieuniverse.dk\/wp-content\/uploads\/2025\/07\/IMG_1624.jpg?fit=1000%2C667&ssl=1&resize=350%2C200 1x, https:\/\/i0.wp.com\/lingerieuniverse.dk\/wp-content\/uploads\/2025\/07\/IMG_1624.jpg?fit=1000%2C667&ssl=1&resize=525%2C300 1.5x, https:\/\/i0.wp.com\/lingerieuniverse.dk\/wp-content\/uploads\/2025\/07\/IMG_1624.jpg?fit=1000%2C667&ssl=1&resize=700%2C400 2x"},"classes":[]},{"id":3138,"url":"https:\/\/lingerieuniverse.dk\/vare\/orange-blomster\/","url_meta":{"origin":8881,"position":5},"title":"Spiced Bloom Mikrofiber \u2013 Blomsterprint i Br\u00e6ndt Orange og Sort","author":"Admin","date":"2. May 2024","format":false,"excerpt":"Skab varme og personlighed i dine syprojekter med Spiced Bloom mikrofiber. Stoffet har en br\u00e6ndt orange bund med et detaljeret blomsterprint i sort og beige. Et m\u00f8nster med retrostemning og st\u00e6rkt udtryk \u2013 ideelt til lingeri, foer og stilfuldt loungewear. Materialet er let, glat og har en behagelig stretch, som\u2026","rel":"","context":"Similar post","block_context":{"text":"Similar post","link":""},"img":{"alt_text":"","src":"https:\/\/i0.wp.com\/lingerieuniverse.dk\/wp-content\/uploads\/2024\/05\/0777-ORANGE-SORT.jpg?fit=1000%2C667&ssl=1&resize=350%2C200","width":350,"height":200,"srcset":"https:\/\/i0.wp.com\/lingerieuniverse.dk\/wp-content\/uploads\/2024\/05\/0777-ORANGE-SORT.jpg?fit=1000%2C667&ssl=1&resize=350%2C200 1x, https:\/\/i0.wp.com\/lingerieuniverse.dk\/wp-content\/uploads\/2024\/05\/0777-ORANGE-SORT.jpg?fit=1000%2C667&ssl=1&resize=525%2C300 1.5x, https:\/\/i0.wp.com\/lingerieuniverse.dk\/wp-content\/uploads\/2024\/05\/0777-ORANGE-SORT.jpg?fit=1000%2C667&ssl=1&resize=700%2C400 2x"},"classes":[]}],"jetpack_sharing_enabled":true,"_links":{"self":[{"href":"https:\/\/lingerieuniverse.dk\/en\/wp-json\/wp\/v2\/product\/8881","targetHints":{"allow":["GET"]}}],"collection":[{"href":"https:\/\/lingerieuniverse.dk\/en\/wp-json\/wp\/v2\/product"}],"about":[{"href":"https:\/\/lingerieuniverse.dk\/en\/wp-json\/wp\/v2\/types\/product"}],"wp:featuredmedia":[{"embeddable":true,"href":"https:\/\/lingerieuniverse.dk\/en\/wp-json\/wp\/v2\/media\/8882"}],"wp:attachment":[{"href":"https:\/\/lingerieuniverse.dk\/en\/wp-json\/wp\/v2\/media?parent=8881"}],"wp:term":[{"taxonomy":"product_brand","embeddable":true,"href":"https:\/\/lingerieuniverse.dk\/en\/wp-json\/wp\/v2\/product_brand?post=8881"},{"taxonomy":"product_cat","embeddable":true,"href":"https:\/\/lingerieuniverse.dk\/en\/wp-json\/wp\/v2\/product_cat?post=8881"},{"taxonomy":"product_tag","embeddable":true,"href":"https:\/\/lingerieuniverse.dk\/en\/wp-json\/wp\/v2\/product_tag?post=8881"}],"curies":[{"name":"wp","href":"https:\/\/api.w.org\/{rel}","templated":true}]}}