{"id":9956,"date":"2026-02-13T11:54:58","date_gmt":"2026-02-13T10:54:58","guid":{"rendered":"https:\/\/lingerieuniverse.dk\/?post_type=product&#038;p=9956"},"modified":"2026-03-03T15:47:15","modified_gmt":"2026-03-03T14:47:15","slug":"warm-sand-support-bh-6er-lukning-115-x-6-cm","status":"publish","type":"product","link":"https:\/\/lingerieuniverse.dk\/en\/vare\/warm-sand-support-bh-6er-lukning-115-x-6-cm\/","title":{"rendered":"Warm Sand Support \u2013 BH 6\u2019er Lukning 11,5 x 6 cm"},"content":{"rendered":"","protected":false},"excerpt":{"rendered":"<p data-start=\"509\" data-end=\"751\">BH-lukning i varm lys beige med 6 h\u00e6gter i bredden og 3 justeringsr\u00e6kker. M\u00e5ler ca. 11,5 x 6 cm. Den varme undertone g\u00f8r den ideel til projekter i gyldne, sand- og ferskentoner, hvor lukningen skal smelte harmonisk ind.<\/p>\n<p data-start=\"753\" data-end=\"929\">Kan klippes til \u00f8nsket bredde uden at p\u00e5virke funktionaliteten. Stabil konstruktion sikrer maksimal st\u00f8tte og lang holdbarhed. De gyldne metalh\u00e6gter fuldender det varme udtryk.<\/p>\n","protected":false},"featured_media":9957,"template":"","meta":{"_monsterinsights_skip_tracking":false,"_monsterinsights_sitenote_active":false,"_monsterinsights_sitenote_note":"","_monsterinsights_sitenote_category":0,"neve_meta_sidebar":"","neve_meta_container":"","neve_meta_enable_content_width":"off","neve_meta_content_width":100,"neve_meta_title_alignment":"","neve_meta_author_avatar":"","neve_post_elements_order":"","neve_meta_disable_header":"","neve_meta_disable_footer":"","neve_meta_disable_title":"","jetpack_publicize_message":"","jetpack_publicize_feature_enabled":true,"jetpack_social_post_already_shared":true,"jetpack_social_options":{"image_generator_settings":{"template":"highway","default_image_id":0,"font":"","enabled":false},"version":2}},"product_brand":[],"product_cat":[59,20],"product_tag":[],"class_list":{"0":"post-9956","1":"product","2":"type-product","3":"status-publish","4":"has-post-thumbnail","6":"product_cat-bhluk","7":"product_cat-tilbehor","9":"first","10":"instock","11":"taxable","12":"shipping-taxable","13":"purchasable","14":"product-type-simple"},"aioseo_notices":[],"jetpack_publicize_connections":[],"jetpack-related-posts":[{"id":9950,"url":"https:\/\/lingerieuniverse.dk\/en\/vare\/fuchsia-glow-bh-6er-lukning-115-x-6-cm\/","url_meta":{"origin":9956,"position":0},"title":"Fuchsia Glow \u2013 BH 6\u2019er Lukning 11,5 x 6 cm","author":"Admin","date":"23. February 2026","format":false,"excerpt":"BH-lukning i intens fuchsia med 6 h\u00e6gter i bredden og 3 justeringsr\u00e6kker. M\u00e5ler ca. 11,5 cm i l\u00e6ngden og 6 cm i bredden. Farven er klar og varm med en pink undertone, der tilf\u00f8rer energi og et markant, moderne udtryk til designet. Kan nemt klippes til den \u00f8nskede bredde uden\u2026","rel":"","context":"Similar post","block_context":{"text":"Similar post","link":""},"img":{"alt_text":"","src":"https:\/\/i0.wp.com\/lingerieuniverse.dk\/wp-content\/uploads\/2026\/02\/IMG_2044.jpg?fit=1000%2C667&ssl=1&resize=350%2C200","width":350,"height":200,"srcset":"https:\/\/i0.wp.com\/lingerieuniverse.dk\/wp-content\/uploads\/2026\/02\/IMG_2044.jpg?fit=1000%2C667&ssl=1&resize=350%2C200 1x, https:\/\/i0.wp.com\/lingerieuniverse.dk\/wp-content\/uploads\/2026\/02\/IMG_2044.jpg?fit=1000%2C667&ssl=1&resize=525%2C300 1.5x, https:\/\/i0.wp.com\/lingerieuniverse.dk\/wp-content\/uploads\/2026\/02\/IMG_2044.jpg?fit=1000%2C667&ssl=1&resize=700%2C400 2x"},"classes":[]},{"id":9937,"url":"https:\/\/lingerieuniverse.dk\/en\/vare\/coral-confidence-pro-bh-6er-lukning-115-x-6-cm\/","url_meta":{"origin":9956,"position":1},"title":"Coral Confidence Pro \u2013 BH 6&#8217;er Lukning, 11,5 x 6 cm","author":"Admin","date":"23. February 2026","format":false,"excerpt":"BH-lukning i koral med 6 h\u00e6gter og 3 justeringsr\u00e6kker. Kan nemt klippes til den bredde, der passer til dit projekt, uden at funktionen forringes. M\u00e5ler ca. 11,5 cm i l\u00e6ngden og 6 cm i bredden og er ideel til bh\u2019er med bred ryg eller fuller-bust konstruktioner, hvor maksimal stabilitet er\u2026","rel":"","context":"Similar post","block_context":{"text":"Similar post","link":""},"img":{"alt_text":"","src":"https:\/\/i0.wp.com\/lingerieuniverse.dk\/wp-content\/uploads\/2026\/02\/IMG_2054.jpg?fit=1000%2C667&ssl=1&resize=350%2C200","width":350,"height":200,"srcset":"https:\/\/i0.wp.com\/lingerieuniverse.dk\/wp-content\/uploads\/2026\/02\/IMG_2054.jpg?fit=1000%2C667&ssl=1&resize=350%2C200 1x, https:\/\/i0.wp.com\/lingerieuniverse.dk\/wp-content\/uploads\/2026\/02\/IMG_2054.jpg?fit=1000%2C667&ssl=1&resize=525%2C300 1.5x, https:\/\/i0.wp.com\/lingerieuniverse.dk\/wp-content\/uploads\/2026\/02\/IMG_2054.jpg?fit=1000%2C667&ssl=1&resize=700%2C400 2x"},"classes":[]},{"id":9953,"url":"https:\/\/lingerieuniverse.dk\/en\/vare\/orchid-violet-bh-6er-lukning-115-x-6-cm\/","url_meta":{"origin":9956,"position":2},"title":"Orchid Violet \u2013 BH 6\u2019er Lukning 11,5 x 6 cm","author":"Admin","date":"13. February 2026","format":false,"excerpt":"BH-lukning i k\u00f8lig orkid\u00e9-violet med 6 h\u00e6gter i bredden og 3 justeringsr\u00e6kker. M\u00e5ler ca. 11,5 cm i l\u00e6ngden og 6 cm i bredden. Nuancen er mere lilla end pink og har en roligere, mere sofistikeret karakter. Kan klippes til den \u00f8nskede bredde uden at kompromittere styrke eller funktion. Den solide\u2026","rel":"","context":"Similar post","block_context":{"text":"Similar post","link":""},"img":{"alt_text":"","src":"https:\/\/i0.wp.com\/lingerieuniverse.dk\/wp-content\/uploads\/2026\/02\/IMG_2044.jpg?fit=1000%2C667&ssl=1&resize=350%2C200","width":350,"height":200,"srcset":"https:\/\/i0.wp.com\/lingerieuniverse.dk\/wp-content\/uploads\/2026\/02\/IMG_2044.jpg?fit=1000%2C667&ssl=1&resize=350%2C200 1x, https:\/\/i0.wp.com\/lingerieuniverse.dk\/wp-content\/uploads\/2026\/02\/IMG_2044.jpg?fit=1000%2C667&ssl=1&resize=525%2C300 1.5x, https:\/\/i0.wp.com\/lingerieuniverse.dk\/wp-content\/uploads\/2026\/02\/IMG_2044.jpg?fit=1000%2C667&ssl=1&resize=700%2C400 2x"},"classes":[]},{"id":9939,"url":"https:\/\/lingerieuniverse.dk\/en\/vare\/soft-rosa-support-bh-6er-lukning-115-x-6-cm\/","url_meta":{"origin":9956,"position":3},"title":"Soft Rosa Support \u2013 BH 6\u2019er Lukning 11,5 x 6 cm","author":"Admin","date":"25. February 2026","format":false,"excerpt":"BH-lukning i lys beige med 6 h\u00e6gter i bredden og 3 justeringsr\u00e6kker. M\u00e5ler ca. 11,5 cm i l\u00e6ngden og 6 cm i bredden. Den lyse beige nuance g\u00f8r den ideel til bh-projekter, hvor lukningen skal fremst\u00e5 diskret og harmonere med lyse tekstiler. Kan nemt klippes til den \u00f8nskede bredde uden\u2026","rel":"","context":"Similar post","block_context":{"text":"Similar post","link":""},"img":{"alt_text":"","src":"https:\/\/i0.wp.com\/lingerieuniverse.dk\/wp-content\/uploads\/2026\/02\/IMG_2041.jpg?fit=1000%2C667&ssl=1&resize=350%2C200","width":350,"height":200,"srcset":"https:\/\/i0.wp.com\/lingerieuniverse.dk\/wp-content\/uploads\/2026\/02\/IMG_2041.jpg?fit=1000%2C667&ssl=1&resize=350%2C200 1x, https:\/\/i0.wp.com\/lingerieuniverse.dk\/wp-content\/uploads\/2026\/02\/IMG_2041.jpg?fit=1000%2C667&ssl=1&resize=525%2C300 1.5x, https:\/\/i0.wp.com\/lingerieuniverse.dk\/wp-content\/uploads\/2026\/02\/IMG_2041.jpg?fit=1000%2C667&ssl=1&resize=700%2C400 2x"},"classes":[]},{"id":9960,"url":"https:\/\/lingerieuniverse.dk\/en\/vare\/petrolgroen-bh-6er-lukning-115-x-6-cm\/","url_meta":{"origin":9956,"position":4},"title":"Petrolgr\u00f8n \u2013 BH 6\u2019er Lukning 11,5 x 6 cm","author":"Admin","date":"13. February 2026","format":false,"excerpt":"BH-lukning i dyb petrol-teal med 6 h\u00e6gter i bredden og 3 justeringsr\u00e6kker. M\u00e5ler ca. 11,5 x 6 cm. Farven balancerer mellem bl\u00e5 og gr\u00f8n og giver et eksklusivt, moderne udtryk med markant dybde. Kan nemt klippes til \u00f8nsket bredde uden at p\u00e5virke funktionaliteten. Den stabile konstruktion sikrer maksimal st\u00f8tte og\u2026","rel":"","context":"Similar post","block_context":{"text":"Similar post","link":""},"img":{"alt_text":"","src":"https:\/\/i0.wp.com\/lingerieuniverse.dk\/wp-content\/uploads\/2026\/02\/IMG_2050.jpg?fit=1000%2C667&ssl=1&resize=350%2C200","width":350,"height":200,"srcset":"https:\/\/i0.wp.com\/lingerieuniverse.dk\/wp-content\/uploads\/2026\/02\/IMG_2050.jpg?fit=1000%2C667&ssl=1&resize=350%2C200 1x, https:\/\/i0.wp.com\/lingerieuniverse.dk\/wp-content\/uploads\/2026\/02\/IMG_2050.jpg?fit=1000%2C667&ssl=1&resize=525%2C300 1.5x, https:\/\/i0.wp.com\/lingerieuniverse.dk\/wp-content\/uploads\/2026\/02\/IMG_2050.jpg?fit=1000%2C667&ssl=1&resize=700%2C400 2x"},"classes":[]},{"id":9941,"url":"https:\/\/lingerieuniverse.dk\/en\/vare\/lime-impact-bh-6er-lukning-115-x-6-cm\/","url_meta":{"origin":9956,"position":5},"title":"Lime Impact \u2013 BH 6\u2019er Lukning 11,5 x 6 cm","author":"Admin","date":"23. February 2026","format":false,"excerpt":"BH-lukning i klar limegr\u00f8n med 6 h\u00e6gter i bredden og 3 justeringsr\u00e6kker. M\u00e5ler ca. 11,5 cm i l\u00e6ngden og 6 cm i bredden. Farven tilf\u00f8rer energi og kant til designet og fungerer perfekt i moderne, farvest\u00e6rke lingeriprojekter. Kan nemt klippes til den \u00f8nskede bredde uden at p\u00e5virke funktionaliteten. Den solide\u2026","rel":"","context":"Similar post","block_context":{"text":"Similar post","link":""},"img":{"alt_text":"","src":"https:\/\/i0.wp.com\/lingerieuniverse.dk\/wp-content\/uploads\/2026\/02\/IMG_2039.jpg?fit=1000%2C667&ssl=1&resize=350%2C200","width":350,"height":200,"srcset":"https:\/\/i0.wp.com\/lingerieuniverse.dk\/wp-content\/uploads\/2026\/02\/IMG_2039.jpg?fit=1000%2C667&ssl=1&resize=350%2C200 1x, https:\/\/i0.wp.com\/lingerieuniverse.dk\/wp-content\/uploads\/2026\/02\/IMG_2039.jpg?fit=1000%2C667&ssl=1&resize=525%2C300 1.5x, https:\/\/i0.wp.com\/lingerieuniverse.dk\/wp-content\/uploads\/2026\/02\/IMG_2039.jpg?fit=1000%2C667&ssl=1&resize=700%2C400 2x"},"classes":[]}],"jetpack_sharing_enabled":true,"_links":{"self":[{"href":"https:\/\/lingerieuniverse.dk\/en\/wp-json\/wp\/v2\/product\/9956","targetHints":{"allow":["GET"]}}],"collection":[{"href":"https:\/\/lingerieuniverse.dk\/en\/wp-json\/wp\/v2\/product"}],"about":[{"href":"https:\/\/lingerieuniverse.dk\/en\/wp-json\/wp\/v2\/types\/product"}],"wp:featuredmedia":[{"embeddable":true,"href":"https:\/\/lingerieuniverse.dk\/en\/wp-json\/wp\/v2\/media\/9957"}],"wp:attachment":[{"href":"https:\/\/lingerieuniverse.dk\/en\/wp-json\/wp\/v2\/media?parent=9956"}],"wp:term":[{"taxonomy":"product_brand","embeddable":true,"href":"https:\/\/lingerieuniverse.dk\/en\/wp-json\/wp\/v2\/product_brand?post=9956"},{"taxonomy":"product_cat","embeddable":true,"href":"https:\/\/lingerieuniverse.dk\/en\/wp-json\/wp\/v2\/product_cat?post=9956"},{"taxonomy":"product_tag","embeddable":true,"href":"https:\/\/lingerieuniverse.dk\/en\/wp-json\/wp\/v2\/product_tag?post=9956"}],"curies":[{"name":"wp","href":"https:\/\/api.w.org\/{rel}","templated":true}]}}